{"id":62,"date":"2021-04-06T13:03:56","date_gmt":"2021-04-06T13:03:56","guid":{"rendered":"https:\/\/faktor-bildung.de\/?page_id=62"},"modified":"2025-08-01T08:00:28","modified_gmt":"2025-08-01T08:00:28","slug":"babysignal","status":"publish","type":"page","link":"https:\/\/faktor-bildung.de\/index.php\/babysignal\/","title":{"rendered":"babySignal"},"content":{"rendered":"<div>Vier Jahre lang war ich als babySignal-Kursleiterin t\u00e4tig. Das war eine sch\u00f6ne Zeit mit vielen tollen Menschen, die ich begleiten durfte und zauberhaften Momenten mit den Kleinsten.<\/div>\n<div><\/div>\n<div>Im Laufe der Zeit wurden es immer weniger Kurse, die ich anbot. Im Leben ist es nicht \u00fcberraschend, dass sich Dinge nicht nur auf einer Ebene \u00e4ndern, sondern dass sich dann verschiedene neue Aspekte auf bisher Dagewesenes auswirken. Insofern hat es sich ergeben, dass ich kaum noch Zeit und Gelegenheit f\u00fcr babySignal fand. Es war dennoch ein guter und wichtiger Schritt, mit den Kleinsten und ihren Eltern zu geb\u00e4rden.<\/div>\n<div><\/div>\n<div>\n<div>Meine babySignal-Kurse zum einen f\u00fcr junge Eltern mit ihren Babys und Krippenkurse bot ich in Weilburg, Neu-Anspach, Diez und Weilrod an. Ich habe auch hier mit den Kooperationspartnern viele gute Erfahrungen gemacht.<\/div>\n<\/div>\n<div><\/div>\n<div><img data-recalc-dims=\"1\" loading=\"lazy\" decoding=\"async\" class=\"alignnone size-full wp-image-217\" src=\"https:\/\/i0.wp.com\/faktor-bildung.de\/wp-content\/uploads\/2021\/10\/Trio.jpeg?resize=1000%2C312&#038;ssl=1\" alt=\"\" width=\"1000\" height=\"312\" srcset=\"https:\/\/i0.wp.com\/faktor-bildung.de\/wp-content\/uploads\/2021\/10\/Trio.jpeg?w=1000&amp;ssl=1 1000w, https:\/\/i0.wp.com\/faktor-bildung.de\/wp-content\/uploads\/2021\/10\/Trio.jpeg?resize=300%2C94&amp;ssl=1 300w, https:\/\/i0.wp.com\/faktor-bildung.de\/wp-content\/uploads\/2021\/10\/Trio.jpeg?resize=768%2C240&amp;ssl=1 768w, https:\/\/i0.wp.com\/faktor-bildung.de\/wp-content\/uploads\/2021\/10\/Trio.jpeg?resize=920%2C287&amp;ssl=1 920w, https:\/\/i0.wp.com\/faktor-bildung.de\/wp-content\/uploads\/2021\/10\/Trio.jpeg?resize=230%2C72&amp;ssl=1 230w, https:\/\/i0.wp.com\/faktor-bildung.de\/wp-content\/uploads\/2021\/10\/Trio.jpeg?resize=350%2C109&amp;ssl=1 350w, https:\/\/i0.wp.com\/faktor-bildung.de\/wp-content\/uploads\/2021\/10\/Trio.jpeg?resize=480%2C150&amp;ssl=1 480w\" sizes=\"auto, (max-width: 1000px) 100vw, 1000px\" \/><\/div>\n<div><\/div>\n<div><strong>Was ist babySignal?<\/strong><\/div>\n<div>Eltern entdecken gemeinsam mit ihren Babys in Kleingruppen von maximal 8 Teilnehmenden, wie sie mit einfachen Geb\u00e4rden mit ihren Kindern in Kommunikation gehen k\u00f6nnen. Ein Kurs besteht aus 6 w\u00f6chentlichen Terminen, ein Termin dauert 45 Minuten. Mit viel Spa\u00df und Musik entdecken wir Geb\u00e4rden, die f\u00fcr alle Beteiligten interessant sind und \/ oder einen besonderen Nutzen haben. Denn lange bevor Kleinkinder die ersten Worte sprechen, k\u00f6nnen sie sich \u00fcber Babyzeichen konkret mitteilen. Im babySignal-Kurs lernen Eltern und Kinder (6 \u2013 24 Monate) einfache Zeichen der deutschen Geb\u00e4rdensprache spielerisch in ihren Alltag zu integrieren \u2013 und f\u00fcr ein entspanntes Miteinander zu nutzen.<\/div>\n<div><\/div>\n<div><\/div>\n<div><strong>babySignal steht f\u00fcr den fr\u00fchen Dialog!<\/strong><\/div>\n<div>\n<ul>\n<li>Freude an gemeinsamer Kommunikation und Verst\u00e4ndigung<\/li>\n<li>Kinder k\u00f6nnen sich mit Gesten und Geb\u00e4rden konkret mitteilen<\/li>\n<li>Spannende Erlebnisse mit dem eigenen Kind auf dem Weg zum Sprechen<\/li>\n<\/ul>\n<p><a href=\"https:\/\/www.babysignal.de\/25-0-profil-kursleiterin.html?klid=292\" target=\"_blank\" rel=\"noopener\"><img data-recalc-dims=\"1\" loading=\"lazy\" decoding=\"async\" class=\"\" src=\"https:\/\/i0.wp.com\/www.babysignal.de\/files\/logo-babysignal-babyzeichensprache-kurse.png?resize=310%2C215&#038;ssl=1\" alt=\"babySignal - Babygeb\u00e4rdensprache\" width=\"310\" height=\"215\" \/><\/a><\/p>\n<\/div>\n<p>&nbsp;<\/p>\n<p><strong>Geb\u00e4rdensprache erleichtert den Dialog mit Kleinkindern<\/strong><\/p>\n<p>Mit Bewegung, Spiel, und Musik lernen Eltern bei babySignal Handzeichen aus der Deutschen Geb\u00e4rdensprache f\u00fcr den Alltag mit ihrem Kind (ca. 6 &#8211; 24 Monate) kennen. Bevor und w\u00e4hrend Babys sprechen lernen, k\u00f6nnen sie mit diesen Zeichen ihre W\u00fcnsche, Bed\u00fcrfnisse und Beobachtungen verst\u00e4ndlich mitteilen. Missverst\u00e4ndnisse und Frustration zwischen Eltern und Kleinkind k\u00f6nnen dadurch abgebaut werden. Gleichzeitig mit der Feinmotorik der H\u00e4nde wird die gesamte Sprachentwicklung des Kindes auf eine vergn\u00fcgliche Art und Weise gef\u00f6rdert. Auch f\u00fcr zweisprachig aufwachsende Kinder ein tolles Konzept: die Zeichen sind eine Br\u00fccke zwischen beiden Sprachen.<\/p>\n<p>Schon bevor Kinder sprechen k\u00f6nnen, teilen sie sich \u00fcber Blicke, Gesten und mit Bewegungen mit. Sie winken und sie zeigen. Begleitet man schon fr\u00fch die eigenen Worte auch mit einzelnen Geb\u00e4rden, hat das f\u00fcr Babys einen gro\u00dfen Vorteil. Babys benennen mit ihren H\u00e4nden, was genau sie m\u00f6chten, sehen oder h\u00f6ren. Sie k\u00f6nnen beschreiben, was sie denken und erkennen: Ein faszinierender Einblick in die Welt des Kindes noch bevor es spricht. Die Kommunikation im Alltag ist somit auch noch zufriedenstellender f\u00fcr Eltern und Kind. Durch Geb\u00e4rden wird ebenfalls die normale Sprachentwicklung und Sprechfreude des Kindes gef\u00f6rdert.<\/p>\n<p>Schon die Kleinsten wollen sich mitteilen &#8211; und sind frustriert, wenn das nicht gelingt. Wenn Kinder sich schon vor dem Sprechen mit Handzeichen verst\u00e4ndigen k\u00f6nnen, machen sie wertvolle Erfahrungen und haben Erfolgserlebnisse.<\/p>\n<p>&nbsp;<\/p>\n<h4>babySignal gibt es auch weiterhin im Taunus<\/h4>\n<p>Gl\u00fccklicherweise ist das Netzwerk von babySignal stets weiter gewachsen. Es gibt einige Kursleiterinnen, die ebenfalls hier in der Gegend aktiv sind. Wenn Du einen Kurs suchst, schau doch mal <a href=\"https:\/\/www.babysignal.de\/10-0-babySignal-Kursleiterinnen-fuer-Babygebaerden-Babyzeichen-.html\" target=\"_blank\" rel=\"noopener\">hier<\/a>.<\/p>\n<p>Wer f\u00fcr sein p\u00e4dagogisches Team ein Seminar buchen m\u00f6chte, dem kann ich meine gesch\u00e4tzte Kollegin <a href=\"https:\/\/www.babysignal.de\/25-0-profil-kursleiterin.html?klid=8\" target=\"_blank\" rel=\"noopener\">Ursula Cluse<\/a> w\u00e4rmstens empfehlen. Sie lebt und liebt das Geb\u00e4rden den Kleinsten so sehr, dass einfach alle mitmachen. Mein erster Kontakt zu babySignal war in Seminaren mit Ursel, ich hatte mit drei verschiedenen Teams das gro\u00dfe Vergn\u00fcgen, das babySignal-Seminar bei ihr zu erleben. Ob ich ohne sie infiziert worden w\u00e4re, wei\u00df ich nicht. Danke nochmal, meine Liebe!<\/p>\n<p>\u00dcbrigens, es gibt ein Buch zu babySignal, das eine gute Erg\u00e4nzung zum Kurs. Die Gr\u00fcnderin Wiebke Gericke hat den Longseller geschrieben. Aktuell ist die neueste erweiterte Auflage von 2019.<\/p>\n<p><a href=\"https:\/\/amzn.to\/3ybJsLh\" target=\"_blank\" rel=\"noopener\"><img data-recalc-dims=\"1\" loading=\"lazy\" decoding=\"async\" class=\"alignnone size-medium wp-image-473\" src=\"https:\/\/i0.wp.com\/faktor-bildung.de\/wp-content\/uploads\/2021\/12\/Buch_bS.jpg?resize=213%2C300&#038;ssl=1\" alt=\"Buch babySignal\" width=\"213\" height=\"300\" srcset=\"https:\/\/i0.wp.com\/faktor-bildung.de\/wp-content\/uploads\/2021\/12\/Buch_bS.jpg?resize=213%2C300&amp;ssl=1 213w, https:\/\/i0.wp.com\/faktor-bildung.de\/wp-content\/uploads\/2021\/12\/Buch_bS.jpg?resize=230%2C324&amp;ssl=1 230w, https:\/\/i0.wp.com\/faktor-bildung.de\/wp-content\/uploads\/2021\/12\/Buch_bS.jpg?w=292&amp;ssl=1 292w\" sizes=\"auto, (max-width: 213px) 100vw, 213px\" \/><\/a><\/p>\n<p><img data-recalc-dims=\"1\" loading=\"lazy\" decoding=\"async\" class=\"alignnone size-full wp-image-471\" src=\"https:\/\/i0.wp.com\/faktor-bildung.de\/wp-content\/uploads\/2021\/12\/Buch_bS.png?resize=1%2C1&#038;ssl=1\" alt=\"Buch babySignal\" width=\"1\" height=\"1\" \/>Wenn Du es direkt bestellen m\u00f6chtest, klick einfach auf das Bild, da ist ein Link hinterlegt.<\/p>\n<p>&nbsp;<\/p>\n<p>&nbsp;<\/p>\n<p>&nbsp;<\/p>\n","protected":false},"excerpt":{"rendered":"<p>Vier Jahre lang war ich als babySignal-Kursleiterin t\u00e4tig. Das war eine sch\u00f6ne Zeit mit vielen tollen Menschen, die ich begleiten durfte und [&hellip;]<\/p>\n","protected":false},"author":1,"featured_media":0,"parent":0,"menu_order":0,"comment_status":"closed","ping_status":"closed","template":"","meta":{"footnotes":""},"class_list":["post-62","page","type-page","status-publish","hentry"],"jetpack-related-posts":[],"jetpack_sharing_enabled":true,"_links":{"self":[{"href":"https:\/\/faktor-bildung.de\/index.php\/wp-json\/wp\/v2\/pages\/62","targetHints":{"allow":["GET"]}}],"collection":[{"href":"https:\/\/faktor-bildung.de\/index.php\/wp-json\/wp\/v2\/pages"}],"about":[{"href":"https:\/\/faktor-bildung.de\/index.php\/wp-json\/wp\/v2\/types\/page"}],"author":[{"embeddable":true,"href":"https:\/\/faktor-bildung.de\/index.php\/wp-json\/wp\/v2\/users\/1"}],"replies":[{"embeddable":true,"href":"https:\/\/faktor-bildung.de\/index.php\/wp-json\/wp\/v2\/comments?post=62"}],"version-history":[{"count":32,"href":"https:\/\/faktor-bildung.de\/index.php\/wp-json\/wp\/v2\/pages\/62\/revisions"}],"predecessor-version":[{"id":5096,"href":"https:\/\/faktor-bildung.de\/index.php\/wp-json\/wp\/v2\/pages\/62\/revisions\/5096"}],"wp:attachment":[{"href":"https:\/\/faktor-bildung.de\/index.php\/wp-json\/wp\/v2\/media?parent=62"}],"curies":[{"name":"wp","href":"https:\/\/api.w.org\/{rel}","templated":true}]}}