{"id":60,"date":"2021-04-06T12:57:38","date_gmt":"2021-04-06T12:57:38","guid":{"rendered":"https:\/\/faktor-bildung.de\/?page_id=60"},"modified":"2024-12-29T18:54:50","modified_gmt":"2024-12-29T18:54:50","slug":"fachkraft-seminare","status":"publish","type":"page","link":"https:\/\/faktor-bildung.de\/index.php\/fachkraft-seminare\/","title":{"rendered":"Fachkraft-Seminare"},"content":{"rendered":"<p>Durch Fachkraft-Seminare sind mir selbst, ebenso wie auf Fachtagungen, Fort- und Weiterbildungen im Laufe der Jahre in der Praxis und im Studium zahlreiche Inhalte und Aspekte begegnet, mit denen ich mich auseinandergesetzt habe. In meinen Profilen bei <a href=\"https:\/\/de.linkedin.com\/in\/tina-vaahsen-562684194\" target=\"_blank\" rel=\"noopener\">LinkedIn<\/a> und <a href=\"https:\/\/www.xing.com\/profile\/Tina_Vaahsen\" target=\"_blank\" rel=\"noopener\">Xing<\/a> habe ich viele der Veranstaltungen, die ich besucht habe, aufgelistet. Wer m\u00f6chte, ist herzlich eingeladen, dort zu st\u00f6bern.<\/p>\n<p>Auf dieser Seite sind alle Fortbildungen, die ich anbiete, aufgelistet und verlinkt.<\/p>\n<p><strong>Mein neuestes Werk &#8211; komplett selbst entwickelt und vom Land Hessen als <span style=\"color: #e94e1a;\">BEP-zertifizierte Fortbildung<\/span> anerkannt:<\/strong><\/p>\n<h3><a href=\"https:\/\/faktor-bildung.de\/index.php\/warjaklar_vorurteilsbewusst\/\"><strong>&#8222;War ja klar!&#8220; &#8211; Vorurteilsbewusstes Arbeiten im Alltag von Bildung und Erziehung<\/strong><\/a><\/h3>\n<p><img data-recalc-dims=\"1\" loading=\"lazy\" decoding=\"async\" class=\" wp-image-2718 alignright\" src=\"https:\/\/i0.wp.com\/faktor-bildung.de\/wp-content\/uploads\/2023\/09\/image.jpg?resize=212%2C197&#038;ssl=1\" alt=\"Die Dinge sind nicht immer so, wie sie scheinen.\" width=\"212\" height=\"197\" srcset=\"https:\/\/i0.wp.com\/faktor-bildung.de\/wp-content\/uploads\/2023\/09\/image.jpg?resize=300%2C278&amp;ssl=1 300w, https:\/\/i0.wp.com\/faktor-bildung.de\/wp-content\/uploads\/2023\/09\/image.jpg?resize=230%2C213&amp;ssl=1 230w, https:\/\/i0.wp.com\/faktor-bildung.de\/wp-content\/uploads\/2023\/09\/image.jpg?resize=350%2C324&amp;ssl=1 350w, https:\/\/i0.wp.com\/faktor-bildung.de\/wp-content\/uploads\/2023\/09\/image.jpg?resize=480%2C445&amp;ssl=1 480w, https:\/\/i0.wp.com\/faktor-bildung.de\/wp-content\/uploads\/2023\/09\/image.jpg?w=555&amp;ssl=1 555w\" sizes=\"auto, (max-width: 212px) 100vw, 212px\" \/>Die Gesellschaft wird immer bunter &#8211; und die Fachkr\u00e4fte, die mit Kindern arbeiten, haben im Alltag genau damit zu tun.\u00a0 Die Vorbereitung auf genau diese Aspekte im p\u00e4dagogischen Alltag ist, so habe ich zur praktischen Gestaltung vorurteilsbewusster Arbeit erforscht, ist d\u00fcrftig und liegt oft in der Eigenverantwortung der Fachkr\u00e4fte.<\/p>\n<p>Um hier die Menschen, die den J\u00fcngsten auf dem Weg in die Zukunft zur Seite stehen, bestm\u00f6glich unterst\u00fctzen zu k\u00f6nnen, habe ich basierend auf der Forschung f\u00fcr mein Masterstudium eine bedarfsorientierte Fortbildung konzipiert. Diese kann sowohl als mehrt\u00e4gige Inhouseschulung f\u00fcr eine einzelne Einrichtung, f\u00fcr einen individuellen Tr\u00e4ger aber auch tr\u00e4ger\u00fcbergreifend gebucht werden oder als eines meiner Fachkraft-Seminare besucht werden.<\/p>\n<p>&nbsp;<\/p>\n<p>Arbeit mit VFIMB e.V.<\/p>\n<p>Arbeit mit akanova<\/p>\n<p>n\u00e4chste BEP-FOBI<\/p>\n<p>&nbsp;<\/p>\n<h4>Diese Seminare sind ebenfalls sofort buchbar:<\/h4>\n<h3><a href=\"http:\/\/rolle\"><strong>&#8222;Was denn noch alles?!&#8220; -Meine Rolle als Fachkraft<\/strong><\/a><\/h3>\n<p><img data-recalc-dims=\"1\" loading=\"lazy\" decoding=\"async\" class=\"size-medium wp-image-1556 alignleft\" src=\"https:\/\/i0.wp.com\/faktor-bildung.de\/wp-content\/uploads\/2022\/07\/Kitaalltag-1.jpg?resize=300%2C126&#038;ssl=1\" alt=\"Rolle\" width=\"300\" height=\"126\" srcset=\"https:\/\/i0.wp.com\/faktor-bildung.de\/wp-content\/uploads\/2022\/07\/Kitaalltag-1-scaled.jpg?resize=300%2C126&amp;ssl=1 300w, https:\/\/i0.wp.com\/faktor-bildung.de\/wp-content\/uploads\/2022\/07\/Kitaalltag-1-scaled.jpg?resize=1024%2C429&amp;ssl=1 1024w, https:\/\/i0.wp.com\/faktor-bildung.de\/wp-content\/uploads\/2022\/07\/Kitaalltag-1-scaled.jpg?resize=768%2C321&amp;ssl=1 768w, https:\/\/i0.wp.com\/faktor-bildung.de\/wp-content\/uploads\/2022\/07\/Kitaalltag-1-scaled.jpg?resize=1536%2C643&amp;ssl=1 1536w, https:\/\/i0.wp.com\/faktor-bildung.de\/wp-content\/uploads\/2022\/07\/Kitaalltag-1-scaled.jpg?resize=2048%2C857&amp;ssl=1 2048w, https:\/\/i0.wp.com\/faktor-bildung.de\/wp-content\/uploads\/2022\/07\/Kitaalltag-1-scaled.jpg?resize=920%2C385&amp;ssl=1 920w, https:\/\/i0.wp.com\/faktor-bildung.de\/wp-content\/uploads\/2022\/07\/Kitaalltag-1-scaled.jpg?resize=230%2C96&amp;ssl=1 230w, https:\/\/i0.wp.com\/faktor-bildung.de\/wp-content\/uploads\/2022\/07\/Kitaalltag-1-scaled.jpg?resize=350%2C146&amp;ssl=1 350w, https:\/\/i0.wp.com\/faktor-bildung.de\/wp-content\/uploads\/2022\/07\/Kitaalltag-1-scaled.jpg?resize=480%2C201&amp;ssl=1 480w, https:\/\/i0.wp.com\/faktor-bildung.de\/wp-content\/uploads\/2022\/07\/Kitaalltag-1-scaled.jpg?w=2340&amp;ssl=1 2340w\" sizes=\"auto, (max-width: 300px) 100vw, 300px\" \/>Die Anforderungen an die p\u00e4dagogischen Fachkr\u00e4fte ver\u00e4ndern sich. Dieses eint\u00e4gige\u00a0 Seminar richtet sich sowohl an Fachkr\u00e4fte, die sich und ihre Rolle in der p\u00e4dagogischen Arbeit sch\u00e4rfen wollen. Auch Teams, die den Bedarf haben, am Miteinander und am Rollenverst\u00e4ndnis innerhalb der Einrichtung zu arbeiten, k\u00f6nnen hier in einer Inhouseschulung, die den Anspruch, dass die Teilnehmenden einen Tag f\u00fcr sich und das Team einen Tag f\u00fcr die Gemeinschaft nutzen k\u00f6nnen, hat, gemeinsam arbeiten.<\/p>\n<h3><a href=\"https:\/\/faktor-bildung.de\/index.php\/fallarbeit\/\"><strong>Effektiv in der Fallarbeit<\/strong><\/a><\/h3>\n<p><img data-recalc-dims=\"1\" loading=\"lazy\" decoding=\"async\" class=\"size-medium wp-image-45 alignright\" src=\"https:\/\/i0.wp.com\/faktor-bildung.de\/wp-content\/uploads\/2021\/04\/blauestundebarca.jpeg?resize=300%2C225&#038;ssl=1\" alt=\"Fallarbeit\" width=\"300\" height=\"225\" srcset=\"https:\/\/i0.wp.com\/faktor-bildung.de\/wp-content\/uploads\/2021\/04\/blauestundebarca.jpeg?resize=300%2C225&amp;ssl=1 300w, https:\/\/i0.wp.com\/faktor-bildung.de\/wp-content\/uploads\/2021\/04\/blauestundebarca.jpeg?resize=1024%2C768&amp;ssl=1 1024w, https:\/\/i0.wp.com\/faktor-bildung.de\/wp-content\/uploads\/2021\/04\/blauestundebarca.jpeg?resize=768%2C576&amp;ssl=1 768w, https:\/\/i0.wp.com\/faktor-bildung.de\/wp-content\/uploads\/2021\/04\/blauestundebarca.jpeg?resize=1536%2C1152&amp;ssl=1 1536w, https:\/\/i0.wp.com\/faktor-bildung.de\/wp-content\/uploads\/2021\/04\/blauestundebarca.jpeg?w=2048&amp;ssl=1 2048w\" sizes=\"auto, (max-width: 300px) 100vw, 300px\" \/>Immer wieder gibt es Themen, die im Team besprochen werden m\u00fcssen. Oft genug ist es dabei allerdings so, dass sich die Fachkr\u00e4fte entweder kaum \u00e4u\u00dfern oder in langen Redebeitr\u00e4gen zu verlieren scheinen &#8211; und am Ende der Dienstbesprechung scheint noch immer keine L\u00f6sung in Sicht oder das Thema noch diffuser.<\/p>\n<p>In diesem Seminar steht die konkrete Besprechung von Themen, welche die Fachkr\u00e4fte auch \u00fcber die Einrichtungst\u00fcr hinaus besch\u00e4ftigen, im Fokus. Es werden Methoden vorgestellt und erprobt, wie l\u00f6sungsorientiert gearbeitet wird, um so die Zeit in der Dienstbesprechung zur Verf\u00fcgung steht, effizient nutzen zu k\u00f6nnen.<\/p>\n<h3><a href=\"https:\/\/faktor-bildung.de\/index.php\/visualisieren\/\"><strong>Kreativ visualisieren f\u00fcr p\u00e4dagogische Fachkr\u00e4fte<\/strong><\/a><\/h3>\n<p><img data-recalc-dims=\"1\" loading=\"lazy\" decoding=\"async\" class=\"size-medium wp-image-230 alignleft\" src=\"https:\/\/i0.wp.com\/faktor-bildung.de\/wp-content\/uploads\/2021\/10\/Partner_blau.jpg?resize=300%2C200&#038;ssl=1\" alt=\"visualisieren\" width=\"300\" height=\"200\" srcset=\"https:\/\/i0.wp.com\/faktor-bildung.de\/wp-content\/uploads\/2021\/10\/Partner_blau-scaled.jpg?resize=300%2C200&amp;ssl=1 300w, https:\/\/i0.wp.com\/faktor-bildung.de\/wp-content\/uploads\/2021\/10\/Partner_blau-scaled.jpg?resize=1024%2C683&amp;ssl=1 1024w, https:\/\/i0.wp.com\/faktor-bildung.de\/wp-content\/uploads\/2021\/10\/Partner_blau-scaled.jpg?resize=768%2C512&amp;ssl=1 768w, https:\/\/i0.wp.com\/faktor-bildung.de\/wp-content\/uploads\/2021\/10\/Partner_blau-scaled.jpg?resize=1536%2C1024&amp;ssl=1 1536w, https:\/\/i0.wp.com\/faktor-bildung.de\/wp-content\/uploads\/2021\/10\/Partner_blau-scaled.jpg?resize=2048%2C1365&amp;ssl=1 2048w, https:\/\/i0.wp.com\/faktor-bildung.de\/wp-content\/uploads\/2021\/10\/Partner_blau-scaled.jpg?resize=920%2C613&amp;ssl=1 920w, https:\/\/i0.wp.com\/faktor-bildung.de\/wp-content\/uploads\/2021\/10\/Partner_blau-scaled.jpg?resize=230%2C153&amp;ssl=1 230w, https:\/\/i0.wp.com\/faktor-bildung.de\/wp-content\/uploads\/2021\/10\/Partner_blau-scaled.jpg?resize=350%2C233&amp;ssl=1 350w, https:\/\/i0.wp.com\/faktor-bildung.de\/wp-content\/uploads\/2021\/10\/Partner_blau-scaled.jpg?resize=480%2C320&amp;ssl=1 480w, https:\/\/i0.wp.com\/faktor-bildung.de\/wp-content\/uploads\/2021\/10\/Partner_blau-scaled.jpg?w=2340&amp;ssl=1 2340w\" sizes=\"auto, (max-width: 300px) 100vw, 300px\" \/>Ein Bild sagt mehr als tausend Worte. Dieses Sprichwort begegnet mir schon seit meiner Kindheit immer wieder &#8211; es hat aber in keiner Weise in den Jahrzehnten verloren. Im Gegenteil: Mit wenigen gekonnten Strichen und Schw\u00fcngen bringt man Dinge im Alltag gut auf den Punkt, erreicht Kinder und Jugendliche anders als \u00fcblich und unterst\u00fctzt Eltern durch das Besondere, was den Elternbrief ausmacht, sich an Dinge zu erinnern. Dieses eint\u00e4gige Seminar richtet sich an Fachkr\u00e4fte, die entdecken wollen, wie gut sie Dinge und Zusammenh\u00e4nge in Szene setzen k\u00f6nnen, auch wenn sie denken, dass sie kein k\u00fcnstlerisches Talent haben.<\/p>\n<p>\u00dcber das <a href=\"https:\/\/faktor-bildung.de\/index.php\/kontakt\/\">Kontaktformular<\/a> k\u00f6nnen alle Interessierten weitere Informationen anfordern &#8211; ich freue mich \u00fcber alle, die dazu auf mich zukommen. Alternativ bin ich auch gern direkt per Mail an tina (a) faktor-bildung.de erreichbar.<\/p>\n<p>&nbsp;<\/p>\n<h2>Fachkraft-Seminare zu Kompetenzen, die im p\u00e4dagogischen Alltag weiterbringen<\/h2>\n<p>Im Laufe der vergangenen Jahre habe ich verschiedene Seminare, Kurse und Workshops angeboten, die ich auch in einer zeitnahen Umsetzung anbieten kann:<\/p>\n<ul>\n<li>Lernumgebungen und Bildungsanl\u00e4sse<\/li>\n<li>alltagsintegrierte Sprachbildung<img data-recalc-dims=\"1\" loading=\"lazy\" decoding=\"async\" class=\"alignright wp-image-320\" src=\"https:\/\/i0.wp.com\/faktor-bildung.de\/wp-content\/uploads\/2021\/11\/langeschatten.jpeg?resize=300%2C405&#038;ssl=1\" alt=\"visualisieren - Schatten - Fachkraft-Seminare\" width=\"300\" height=\"405\" srcset=\"https:\/\/i0.wp.com\/faktor-bildung.de\/wp-content\/uploads\/2021\/11\/langeschatten.jpeg?w=1402&amp;ssl=1 1402w, https:\/\/i0.wp.com\/faktor-bildung.de\/wp-content\/uploads\/2021\/11\/langeschatten.jpeg?resize=222%2C300&amp;ssl=1 222w, https:\/\/i0.wp.com\/faktor-bildung.de\/wp-content\/uploads\/2021\/11\/langeschatten.jpeg?resize=758%2C1024&amp;ssl=1 758w, https:\/\/i0.wp.com\/faktor-bildung.de\/wp-content\/uploads\/2021\/11\/langeschatten.jpeg?resize=768%2C1038&amp;ssl=1 768w, https:\/\/i0.wp.com\/faktor-bildung.de\/wp-content\/uploads\/2021\/11\/langeschatten.jpeg?resize=1137%2C1536&amp;ssl=1 1137w, https:\/\/i0.wp.com\/faktor-bildung.de\/wp-content\/uploads\/2021\/11\/langeschatten.jpeg?resize=920%2C1243&amp;ssl=1 920w, https:\/\/i0.wp.com\/faktor-bildung.de\/wp-content\/uploads\/2021\/11\/langeschatten.jpeg?resize=230%2C311&amp;ssl=1 230w, https:\/\/i0.wp.com\/faktor-bildung.de\/wp-content\/uploads\/2021\/11\/langeschatten.jpeg?resize=350%2C473&amp;ssl=1 350w, https:\/\/i0.wp.com\/faktor-bildung.de\/wp-content\/uploads\/2021\/11\/langeschatten.jpeg?resize=480%2C648&amp;ssl=1 480w\" sizes=\"auto, (max-width: 300px) 100vw, 300px\" \/><\/li>\n<li>Hessens Bildungs- und Erziehungsplan f\u00fcr Kitas und Krippen im Alltag<\/li>\n<li>Bildung durch Partizipation<\/li>\n<li>Resilienz im Alltag f\u00fcr Kita und Krippe<\/li>\n<li>Achtsame und beziehungsvolle Pflege unter dem entfaltungsp\u00e4dagogischen Aspekt<\/li>\n<li>Mehrsprachigkeit und Spracherwerb in Kita und Krippe begleiten<\/li>\n<li>babySignal &#8211; Geb\u00e4rden mit den Kleinsten<\/li>\n<li>Kinderyoga f\u00fcr den Alltag<\/li>\n<li>Wir &#8211; mal kreativ! &#8211; ein gruppendynamischer Workshop f\u00fcr und mit Kindern<\/li>\n<li>Kreativ mit den Kleinsten &#8211; Krippenp\u00e4dagogik in Kombination mit Kunst und K\u00f6nnen<\/li>\n<li>Gemeinschaft entwickeln &#8211; Teambuilding mit Kids<\/li>\n<li>Gef\u00fchle verstehen, benennen und damit umgehen<\/li>\n<li>Teamsitzungen gelungen gestalten<\/li>\n<\/ul>\n<p>&nbsp;<\/p>\n<p>&nbsp;<\/p>\n<ul>\n<li><\/li>\n<\/ul>\n","protected":false},"excerpt":{"rendered":"<p>Durch Fachkraft-Seminare sind mir selbst, ebenso wie auf Fachtagungen, Fort- und Weiterbildungen im Laufe der Jahre in der Praxis und im Studium [&hellip;]<\/p>\n","protected":false},"author":1,"featured_media":0,"parent":0,"menu_order":0,"comment_status":"closed","ping_status":"closed","template":"","meta":{"footnotes":""},"class_list":["post-60","page","type-page","status-publish","hentry"],"jetpack-related-posts":[],"jetpack_sharing_enabled":true,"_links":{"self":[{"href":"https:\/\/faktor-bildung.de\/index.php\/wp-json\/wp\/v2\/pages\/60","targetHints":{"allow":["GET"]}}],"collection":[{"href":"https:\/\/faktor-bildung.de\/index.php\/wp-json\/wp\/v2\/pages"}],"about":[{"href":"https:\/\/faktor-bildung.de\/index.php\/wp-json\/wp\/v2\/types\/page"}],"author":[{"embeddable":true,"href":"https:\/\/faktor-bildung.de\/index.php\/wp-json\/wp\/v2\/users\/1"}],"replies":[{"embeddable":true,"href":"https:\/\/faktor-bildung.de\/index.php\/wp-json\/wp\/v2\/comments?post=60"}],"version-history":[{"count":38,"href":"https:\/\/faktor-bildung.de\/index.php\/wp-json\/wp\/v2\/pages\/60\/revisions"}],"predecessor-version":[{"id":4235,"href":"https:\/\/faktor-bildung.de\/index.php\/wp-json\/wp\/v2\/pages\/60\/revisions\/4235"}],"wp:attachment":[{"href":"https:\/\/faktor-bildung.de\/index.php\/wp-json\/wp\/v2\/media?parent=60"}],"curies":[{"name":"wp","href":"https:\/\/api.w.org\/{rel}","templated":true}]}}