{"id":475,"date":"2021-12-10T11:29:54","date_gmt":"2021-12-10T11:29:54","guid":{"rendered":"https:\/\/faktor-bildung.de\/?page_id=475"},"modified":"2024-12-30T19:35:17","modified_gmt":"2024-12-30T19:35:17","slug":"naehkaestchen","status":"publish","type":"page","link":"https:\/\/faktor-bildung.de\/index.php\/naehkaestchen\/","title":{"rendered":"N\u00e4hk\u00e4stchen"},"content":{"rendered":"<h4>N\u00e4hk\u00e4stchen, N\u00e4hk\u00e4stchen, wer mag denn kein Geplauder aus dem N\u00e4hk\u00e4stchen?<\/h4>\n<p>Hier m\u00f6chte ich immer wieder ein bisschen aus dem N\u00e4hk\u00e4stchen plaudern und Euch von zauberhaften Kindern, tollen Eltern, pfiffigen P\u00e4dagogen, allen m\u00f6glichen netten Menschen, gelungenen Seminaren und spannenden Kursstunden erz\u00e4hlen. Neuerdings gibt es auch eine Anekdote aus dem Leben einer Kursleiterin nach dem Motto &#8222;&#8230;was es nicht alles gibt!!!&#8220; wenn das Gegen\u00fcber sich last minute \u00fcberlegt, dass das mit Corona&#8230; aber lest selbst. Als Konsequenz hab ich jetzt AGBs.<\/p>\n<p><img data-recalc-dims=\"1\" loading=\"lazy\" decoding=\"async\" class=\"size-medium wp-image-481 alignright\" src=\"https:\/\/i0.wp.com\/faktor-bildung.de\/wp-content\/uploads\/2021\/12\/naehkaestchen.jpg?resize=300%2C126&#038;ssl=1\" alt=\"N\u00e4hk\u00e4stchen\" width=\"300\" height=\"126\" srcset=\"https:\/\/i0.wp.com\/faktor-bildung.de\/wp-content\/uploads\/2021\/12\/naehkaestchen-scaled.jpg?resize=300%2C126&amp;ssl=1 300w, https:\/\/i0.wp.com\/faktor-bildung.de\/wp-content\/uploads\/2021\/12\/naehkaestchen-scaled.jpg?resize=1024%2C429&amp;ssl=1 1024w, https:\/\/i0.wp.com\/faktor-bildung.de\/wp-content\/uploads\/2021\/12\/naehkaestchen-scaled.jpg?resize=768%2C321&amp;ssl=1 768w, https:\/\/i0.wp.com\/faktor-bildung.de\/wp-content\/uploads\/2021\/12\/naehkaestchen-scaled.jpg?resize=1536%2C643&amp;ssl=1 1536w, https:\/\/i0.wp.com\/faktor-bildung.de\/wp-content\/uploads\/2021\/12\/naehkaestchen-scaled.jpg?resize=2048%2C857&amp;ssl=1 2048w, https:\/\/i0.wp.com\/faktor-bildung.de\/wp-content\/uploads\/2021\/12\/naehkaestchen-scaled.jpg?resize=920%2C385&amp;ssl=1 920w, https:\/\/i0.wp.com\/faktor-bildung.de\/wp-content\/uploads\/2021\/12\/naehkaestchen-scaled.jpg?resize=230%2C96&amp;ssl=1 230w, https:\/\/i0.wp.com\/faktor-bildung.de\/wp-content\/uploads\/2021\/12\/naehkaestchen-scaled.jpg?resize=350%2C146&amp;ssl=1 350w, https:\/\/i0.wp.com\/faktor-bildung.de\/wp-content\/uploads\/2021\/12\/naehkaestchen-scaled.jpg?resize=480%2C201&amp;ssl=1 480w, https:\/\/i0.wp.com\/faktor-bildung.de\/wp-content\/uploads\/2021\/12\/naehkaestchen-scaled.jpg?w=2340&amp;ssl=1 2340w\" sizes=\"auto, (max-width: 300px) 100vw, 300px\" \/><\/p>\n<h3><\/h3>\n<h3>Hier ist es jetzt also: Das Geplauder aus dem N\u00e4hk\u00e4stchen<\/h3>\n<h3><\/h3>\n<h4>Wenn die Aufgabe mich von alleine findet<\/h4>\n<p>Was n\u00fctzt es, wenn man eine voll geniale Fortbildung entwickelt hat und niemand sie besucht? Das k\u00f6nnte passieren, wenn es das bestgeh\u00fctete Geheimnis von mir ist, dass ich jetzt eine BEP-Fortbildung habe. Also habe ich mich entschieden, daf\u00fcr zu werben. Ich habe mir Gedanken gemacht und ein Schreiben versendet &#8211; per Post an einige und per Mail an andere potenzielle Interessenten auf den Weg gebracht. Irgendwie ist das anscheinend bei manchen nicht so verstanden worden: Ich habe beispielsweise zwei Anrufe bekommen, bei denen ich gefragt wurde, ob das eine besondere Art, mich als\u00a0 Erzieherin zu bewerben. Freundlich verneinte ich.<\/p>\n<p>Im Herbst klingelte wieder mein Handy, es war eine Dame dran, die mir sagte, sie habe mein Schreiben bekommen und nun eine &#8230; vielleicht ungew\u00f6hnliche Frage an mich. Ich ging direkt davon aus, dass ich wieder gefragt werden w\u00fcrde, ob ich eine Erzieherstelle suche. Aber weit gefehlt. Mit einigen S\u00e4tzen erkl\u00e4rte mir meine Gespr\u00e4chspartnerin, dass sie auf der Suche nach einer BEP-Fachberatung f\u00fcr die Gemeinde sind &#8211; ob ich das m\u00f6glicherweise auch leisten k\u00f6nne.<\/p>\n<p>Und manchmal nimmt das Leben witzige Wege: Ich hatte mich just wenige Tage vorher bei einem Landkreis als Kita-Fachberatung beworben und mich schon mal vorab informiert, was ich denn letztenendes mir daf\u00fcr aneignen m\u00fcsste, wenn mir diese interessante Stelle angeboten werden w\u00fcrde. V\u00f6llige Spinnerei &#8211; das h\u00e4tte mein Opa dazu gesagt.<\/p>\n<p>Aber so wusste ich nun, dass ich diese Grundqualifizierung absolvieren m\u00fcsse. Ich hatte bereits einen Platz angefragt, war jedoch auch der Warteliste gelandet. Die Gemeinde war jedoch in der Not, dass sich deren bisheriger Tr\u00e4ger f\u00fcr die BEP-Fachberatung aufgel\u00f6st hatte und sie keine Fachberatung mehr hatten.<\/p>\n<p>Nach umfassender Lekt\u00fcre von einschl\u00e4gigen Internetseiten, einigen Telefonaten, diversen Mails und mit noch mehr Daumen dr\u00fccken und viel Gl\u00fcck ergab sich dann Anfang Dezember ein kleines Weihnachtswunder: In dem Kurs zur Grundqualifizierung wurde ein Platz frei und ich konnte nachr\u00fccken! So habe ich noch 2024 den Grundstein daf\u00fcr gelegt, werde im Januar den dritten erforderlichen Termin besuchen und darf dann als freiberufliche BEP- und Schwerpunkt-Kita-Fachberatung t\u00e4tig werden. Was ein wundervolles Zusammenspiel von unerwarteten Umst\u00e4nden &#8211; so wurde f\u00fcr alle Beteiligten eine gute L\u00f6sung gefunden. Ich freue mich sehr auf diese neue, spannende Aufgabe.<\/p>\n<p>&nbsp;<\/p>\n<p><strong>Faktor-Bildung! bekommt AGBs<\/strong><\/p>\n<p>Nach gut anderthalb Jahren Selbst\u00e4ndigkeit bin ich nun \u00fcber eine Person gestolpert, die sich zwar zum Kurs angemeldet hat, aber dabei die Mails, die wir geschrieben haben&#8230; wie sagt man sowas? Hm. Es gibt zwei M\u00f6glichkeiten: Entweder sie hat die Inhalte nicht wirklich gelesen und\/oder verstanden oder sie legt sie sehr nach ihrem eigenen Gutd\u00fcnken aus. Das muss ins N\u00e4hk\u00e4stchen!<\/p>\n<p>Jedenfalls hat diese Person jetzt aufgrund der pandemiebezogenen Vorsichtsma\u00dfnahmen, die ich von Anfang an f\u00fcr jeden Kurs kommuniziere (2G+, \u00dcberpr\u00fcfen des Impfstatus und Einloggen bei den Treffen) einen R\u00fcckzieher gemacht. Sie will nicht am Kurs teilnehmen, auch wegen Thema Maske &#8211; was ich mit jedem individuellen Kurs immer zu Beginn abstimme, wie es aktuell gehandhabt wird.<\/p>\n<p>Es stand zwar in einer der Mails &#8222;allerdings sehe ich das nicht so eng mit Corona und den Ma\u00dfnahmen.&#8220;, da habe ich aber noch nicht dieses Querdenken gesehen, unter dem offensichtlich diese Person leidet. <img data-recalc-dims=\"1\" loading=\"lazy\" decoding=\"async\" class=\"size-medium wp-image-2127 alignright\" src=\"https:\/\/i0.wp.com\/faktor-bildung.de\/wp-content\/uploads\/2022\/10\/Unbenanntes_Projekt-13.jpg?resize=300%2C300&#038;ssl=1\" alt=\"N\u00e4hk\u00e4stchen Virus\" width=\"300\" height=\"300\" srcset=\"https:\/\/i0.wp.com\/faktor-bildung.de\/wp-content\/uploads\/2022\/10\/Unbenanntes_Projekt-13.jpg?resize=300%2C300&amp;ssl=1 300w, https:\/\/i0.wp.com\/faktor-bildung.de\/wp-content\/uploads\/2022\/10\/Unbenanntes_Projekt-13.jpg?resize=1024%2C1024&amp;ssl=1 1024w, https:\/\/i0.wp.com\/faktor-bildung.de\/wp-content\/uploads\/2022\/10\/Unbenanntes_Projekt-13.jpg?resize=150%2C150&amp;ssl=1 150w, https:\/\/i0.wp.com\/faktor-bildung.de\/wp-content\/uploads\/2022\/10\/Unbenanntes_Projekt-13.jpg?resize=768%2C768&amp;ssl=1 768w, https:\/\/i0.wp.com\/faktor-bildung.de\/wp-content\/uploads\/2022\/10\/Unbenanntes_Projekt-13.jpg?resize=1536%2C1536&amp;ssl=1 1536w, https:\/\/i0.wp.com\/faktor-bildung.de\/wp-content\/uploads\/2022\/10\/Unbenanntes_Projekt-13.jpg?resize=1000%2C1000&amp;ssl=1 1000w, https:\/\/i0.wp.com\/faktor-bildung.de\/wp-content\/uploads\/2022\/10\/Unbenanntes_Projekt-13.jpg?resize=230%2C230&amp;ssl=1 230w, https:\/\/i0.wp.com\/faktor-bildung.de\/wp-content\/uploads\/2022\/10\/Unbenanntes_Projekt-13.jpg?resize=350%2C350&amp;ssl=1 350w, https:\/\/i0.wp.com\/faktor-bildung.de\/wp-content\/uploads\/2022\/10\/Unbenanntes_Projekt-13.jpg?resize=480%2C480&amp;ssl=1 480w, https:\/\/i0.wp.com\/faktor-bildung.de\/wp-content\/uploads\/2022\/10\/Unbenanntes_Projekt-13.jpg?w=2048&amp;ssl=1 2048w\" sizes=\"auto, (max-width: 300px) 100vw, 300px\" \/><\/p>\n<p>Hier mal mein pers\u00f6nliches Statement: Ich habe mit so vielen verschiedenen Menschen zu tun &#8211; auch mit Kindern, vom S\u00e4ugling bis zum Schulkind, das noch nicht geimpft ist. Ich sehe mich in der Verantwortung, meinen maximalen Beitrag zum Schutz all derjenigen, die meine Kurse besuchen, zu leisten.<\/p>\n<p>Es gibt keine Langzeitstudien oder \u00e4hnliches, die aussagen, ob Corona f\u00fcr Kinder und Jugendliche tats\u00e4chlich so wenig riskant ist, wie man sich das w\u00fcnschen mag.\u00a0 Ich habe weder den virologischen noch einen sonstig medizinischen Sachverstand, dass ich mir hier auch nur ansatzweise ein Urteil bilden k\u00f6nnte. Also sind f\u00fcr mich &#8211; sowohl im &#8222;wahren Leben&#8220; als auch in meinen Kursen &#8211; maximale Sicherheitsma\u00dfnahmen wichtig.<\/p>\n<p>Wer das nicht m\u00f6chte und lieber das Risiko in Kauf nimmt, sich selbst, sein Kind und \/ oder andere Menschen anzustecken, der ist von mir mehr als herzlich eingeladen, sich mit Gleichgesinnten zu treffen bzw. Kurse zu besuchen, in denen das alles &#8222;nicht so eng gesehen&#8220; wird. Bei mir ist das anders!<\/p>\n<p>Ich finde es aber echt affig, wenn man sich mit Menschen \u00fcber Dinge, die klar kommuniziert waren, auseinandersetzen muss. Von daher hab ich mir heute einen lauen Samstag gemacht und AGBs gebaut&#8230;<\/p>\n<h4>Neue Kursstarts im Oktober und erste f\u00fcr 2023<\/h4>\n<p>Am 20. Oktober geht der Herbst\/Winter-Kurs in Weilburg und in Neu-Anspach los. Es gibt in beiden Kursen noch letzte Pl\u00e4tze (gern anmelden unter tina@faktor-bildung.de oder \u00fcber das\u00a0<a href=\"https:\/\/faktor-bildung.de\/index.php\/kontakt\/\">Kontaktformular<\/a>). Das sind dann die letzten Kursstarts f\u00fcr 2022.<\/p>\n<p>F\u00fcr 2023 habe ich bereits den jeweils ersten Kurs im <a href=\"https:\/\/www.geburtshaus-lebensstern.de\/\" target=\"_blank\" rel=\"noopener\">Lebensstern<\/a>, im <a href=\"https:\/\/www.minimumm.com\/\" target=\"_blank\" rel=\"noopener\">MiniMumm<\/a>, in der <a href=\"https:\/\/www.hebammen-weilburg.de\/\" target=\"_blank\" rel=\"noopener\">Hebammenpraxis Weilburg<\/a> und als Heimspiel in Kooperation mit dem <a href=\"https:\/\/www.weilrod.de\/leben-wohnen\/soziales-gesundheit\/familienzentrum-in-weilrod\/\" target=\"_blank\" rel=\"noopener\">Familienzentrum Weilrod<\/a> geplant. Ich habe die Termine dazu im <a href=\"https:\/\/faktor-bildung.de\/index.php\/kursueberblick\/\">Kurs\u00fcberblick <\/a>\u00a0und auch auf der Webseite von <a href=\"https:\/\/www.babysignal.de\/25-0-profil-kursleiterin.html?klid=292\" target=\"_blank\" rel=\"noopener\">babySignal<\/a> ver\u00f6ffentlicht.<\/p>\n<h4>Diez 2.0<\/h4>\n<p>Der erste Kurs im Lebensstern ist beinahe zu Ende. Zwischendurch war ich n\u00e4mlich mit Corona ziemlich l\u00e4diert und out of order (was ein Gl\u00fcck bin ich geimpft!!!!) und die zwei Termine, die ausfallen mussten, habe ich f\u00fcr den Dezember als Ersatztermin geplant. Daher geht das doch glatt als 2.0 durch, oder?<\/p>\n<p>Im neuen Jahr werde ich direkt wieder in Diez einen Kurs anbieten &#8211; und der ist Donnerstag vormittags. Ich freue mich darauf, dort wieder neue Eltern und Kinder kennenzulernen.<\/p>\n<h4>Neuer Kursort &#8211; Diez goes babySignal<\/h4>\n<p>Ich habe mich vor kurzem mit dem <a href=\"https:\/\/www.geburtshaus-lebensstern.de\/\" target=\"_blank\" rel=\"noopener\">Geburtshaus Lebensstern<\/a> in Diez auf den Weg gemacht, eine Kooperation zu schlie\u00dfen. Und ab September bin ich Donnerstag nachmittags im Kursraum, um dort babySignal-Kurse anzubieten. Ihr k\u00f6nnt Euch nicht vorstellen, wie sehr ich mich freue.<\/p>\n<p>Zuerst habe ich mit Nadine Ulbricht, einer der beiden leitenden Hebammen dort, zusammengesetzt und ihr babySignal als Kurskonzept pr\u00e4sentiert &#8211; und schon ging es rasend schnell: Am n\u00e4chsten Morgen hatte ich die Gelegenheit, dem gesamten Hebammenteam babySignal vorzustellen. Im September geht es los und die Familien aus der ehemaligen Residenzstadt an der Lahn und aus der Umgebung k\u00f6nnen mit mir gemeinsam diese tolle M\u00f6glichkeit, mit den Kleinsten schon zu kommunizieren, entdecken.<\/p>\n<h4><\/h4>\n<h4>Erster Kurs im MiniMumm fast zu Ende<\/h4>\n<p>Kurz vor Ostern, kurz vor dem letzten Termin des ersten Kurses im MiniMumm in Neu-Anspach (und auch vor dem letzten Termin der Fortsetzung des ersten Weilburger Kurses) bin ich krank geworden: Ich hab mir eine anst\u00e4ndige Grippe eingefangen und schier nicht mehr gewusst, wie ich vom Bett ins Bad komme und zur\u00fcck. An Kontakt mit Familien mit Babys war da nicht zu denken, auch wenn es kein Corona war.<img data-recalc-dims=\"1\" loading=\"lazy\" decoding=\"async\" class=\"alignright wp-image-719 size-medium\" src=\"https:\/\/i0.wp.com\/faktor-bildung.de\/wp-content\/uploads\/2022\/04\/FD1D26D7-E98E-434E-A8F5-955380FE24AD.jpeg?resize=225%2C300&#038;ssl=1\" alt=\"Ostern im Elsa\u00df N\u00e4hk\u00e4stchen\" width=\"225\" height=\"300\" srcset=\"https:\/\/i0.wp.com\/faktor-bildung.de\/wp-content\/uploads\/2022\/04\/FD1D26D7-E98E-434E-A8F5-955380FE24AD-scaled.jpeg?resize=225%2C300&amp;ssl=1 225w, https:\/\/i0.wp.com\/faktor-bildung.de\/wp-content\/uploads\/2022\/04\/FD1D26D7-E98E-434E-A8F5-955380FE24AD-scaled.jpeg?resize=768%2C1024&amp;ssl=1 768w, https:\/\/i0.wp.com\/faktor-bildung.de\/wp-content\/uploads\/2022\/04\/FD1D26D7-E98E-434E-A8F5-955380FE24AD-scaled.jpeg?resize=1152%2C1536&amp;ssl=1 1152w, https:\/\/i0.wp.com\/faktor-bildung.de\/wp-content\/uploads\/2022\/04\/FD1D26D7-E98E-434E-A8F5-955380FE24AD-scaled.jpeg?resize=1536%2C2048&amp;ssl=1 1536w, https:\/\/i0.wp.com\/faktor-bildung.de\/wp-content\/uploads\/2022\/04\/FD1D26D7-E98E-434E-A8F5-955380FE24AD-scaled.jpeg?resize=920%2C1227&amp;ssl=1 920w, https:\/\/i0.wp.com\/faktor-bildung.de\/wp-content\/uploads\/2022\/04\/FD1D26D7-E98E-434E-A8F5-955380FE24AD-scaled.jpeg?resize=230%2C307&amp;ssl=1 230w, https:\/\/i0.wp.com\/faktor-bildung.de\/wp-content\/uploads\/2022\/04\/FD1D26D7-E98E-434E-A8F5-955380FE24AD-scaled.jpeg?resize=350%2C467&amp;ssl=1 350w, https:\/\/i0.wp.com\/faktor-bildung.de\/wp-content\/uploads\/2022\/04\/FD1D26D7-E98E-434E-A8F5-955380FE24AD-scaled.jpeg?resize=480%2C640&amp;ssl=1 480w, https:\/\/i0.wp.com\/faktor-bildung.de\/wp-content\/uploads\/2022\/04\/FD1D26D7-E98E-434E-A8F5-955380FE24AD-scaled.jpeg?w=1920&amp;ssl=1 1920w\" sizes=\"auto, (max-width: 225px) 100vw, 225px\" \/><\/p>\n<p>Gl\u00fccklicherweise war es f\u00fcr niemanden von den Teilnehmenden ein Problem, den Termin am Gr\u00fcndonnerstag abzusagen und den jeweils letzten Termin weiterzuschieben. Sowohl in Weilburg als auch in Neu-Anspach konnten wir einen Ausweichtermin finden, der f\u00fcr alle passt. So dauert es in beiden F\u00e4llen noch ein klein wenig, bis in Neu-Anspach die Stunde 6 und in Weilburg die Sommerstunde stattfinden, aber nichtsdestotrotz freue ich mich heute schon auf Euch und den jeweiligen Abschluss, in die n\u00e4chste Runde geht es ab Donnerstag, 21. April 2022 mit zwei Kursen in Weilrod-Gem\u00fcnden in Zusammenarbeit mit dem Familienzentrum Weilrod.<\/p>\n<p>Zwischendurch gab es ein paar Tage Camping mit viel Sonne zum Grippe-vergraulen und wieder-fit-werden im wundersch\u00f6nen Elsa\u00df auf einem zauberhaften <a href=\"https:\/\/www.masevaux-camping.fr\/\" target=\"_blank\" rel=\"noopener\">Campingplatz an der Doller<\/a>.<\/p>\n<h4>Erste Spr\u00fcnge mit dem Grash\u00fcpfer<\/h4>\n<p>Damit es nicht mein bestgeh\u00fctetstes Geheimnis ist, dass ich spannende Themen f\u00fcr Familien und P\u00e4dagogen anbiete, habe ich mich entschieden, mit dem regionalen Magazin f\u00fcr Familien, dem Grash\u00fcpfer f\u00fcr den Taunus, ein bissle auf mich aufmerksam zu machen. Auf damit ins N\u00e4hk\u00e4stchen!<\/p>\n<p><img data-recalc-dims=\"1\" loading=\"lazy\" decoding=\"async\" class=\"alignleft wp-image-647 size-medium\" src=\"https:\/\/i0.wp.com\/faktor-bildung.de\/wp-content\/uploads\/2022\/03\/6K4YnS0DPJxDoLmL-300x84.png?resize=300%2C84&#038;ssl=1\" alt=\"N\u00e4hk\u00e4stchen: Grash\u00fcpfer\" width=\"300\" height=\"84\" \/>Alle zwei Monate gibt es eine kostenlose neue Ausgabe, in der verschiedene Themen bearbeitet werden. In der Ausgabe April\/Mai 2022 wird es um Babys gehen &#8211; genau richtig f\u00fcr mich, beispielsweise f\u00fcr babySignal-Eltern-Kind-Kurse und auch f\u00fcr die babySignal-Krippenkurse.<\/p>\n<p>Ihr d\u00fcrft gespannt sein, was es dort alles zu entdecken gibt!<\/p>\n<h4>Rod an der Weil: Zusammenarbeit mit Familienzentrum ein voller Erfolg<\/h4>\n<p><img data-recalc-dims=\"1\" loading=\"lazy\" decoding=\"async\" class=\"alignright wp-image-613 size-medium\" src=\"https:\/\/i0.wp.com\/faktor-bildung.de\/wp-content\/uploads\/2022\/03\/rodkurs-.jpg?resize=246%2C300&#038;ssl=1\" alt=\"Kurs_Rod_N\u00e4hk\u00e4stchen\" width=\"246\" height=\"300\" srcset=\"https:\/\/i0.wp.com\/faktor-bildung.de\/wp-content\/uploads\/2022\/03\/rodkurs-.jpg?resize=246%2C300&amp;ssl=1 246w, https:\/\/i0.wp.com\/faktor-bildung.de\/wp-content\/uploads\/2022\/03\/rodkurs-.jpg?resize=768%2C938&amp;ssl=1 768w, https:\/\/i0.wp.com\/faktor-bildung.de\/wp-content\/uploads\/2022\/03\/rodkurs-.jpg?resize=230%2C281&amp;ssl=1 230w, https:\/\/i0.wp.com\/faktor-bildung.de\/wp-content\/uploads\/2022\/03\/rodkurs-.jpg?resize=350%2C427&amp;ssl=1 350w, https:\/\/i0.wp.com\/faktor-bildung.de\/wp-content\/uploads\/2022\/03\/rodkurs-.jpg?resize=480%2C586&amp;ssl=1 480w, https:\/\/i0.wp.com\/faktor-bildung.de\/wp-content\/uploads\/2022\/03\/rodkurs-.jpg?w=786&amp;ssl=1 786w\" sizes=\"auto, (max-width: 246px) 100vw, 246px\" \/><\/p>\n<p style=\"text-align: left;\">Von Januar bis Februar gab es in der Pfarrscheune auf dem Roder Kirchberg einen babySignal-Kurs mit 8 Teilnehmenden, die Minis waren von einem halben bis zu zwei Jahren &#8211; und alle hatten Spa\u00df, Kinder und Eltern gleicherma\u00dfen.<\/p>\n<p>Nach 6 Stunden war es schon ein wenig traurig, dass wir uns erst mal nicht wieder sehen &#8211; aber wir haben bereits ein kleines Follow-Up geplant, es gibt im Fr\u00fchling noch ein bisschen mehr, was mit den H\u00e4nden gesprochen werden wird!<\/p>\n<p>In der letzten Stunde war Anna Habermann vom Familienzentrum Weilrod zu Gast, um selbst mal bei einer Kursstunde dabei zu sein. Und was will ich sagen? Ich glaube, sie hat sich fast gew\u00fcnscht, dass sie auch einen Kurs mitmachen kann, aber leider hat sie kein Kind in dem Alter \ud83d\ude09<\/p>\n<p>&nbsp;<\/p>\n<p><img data-recalc-dims=\"1\" loading=\"lazy\" decoding=\"async\" class=\"alignleft wp-image-516 size-medium\" src=\"https:\/\/i0.wp.com\/faktor-bildung.de\/wp-content\/uploads\/2021\/12\/Kurs_WEL_2021.jpg?resize=210%2C300&#038;ssl=1\" alt=\"N\u00e4hk\u00e4stchen: Letzte Stunde vom ersten Kurs\" width=\"210\" height=\"300\" srcset=\"https:\/\/i0.wp.com\/faktor-bildung.de\/wp-content\/uploads\/2021\/12\/Kurs_WEL_2021.jpg?resize=210%2C300&amp;ssl=1 210w, https:\/\/i0.wp.com\/faktor-bildung.de\/wp-content\/uploads\/2021\/12\/Kurs_WEL_2021.jpg?resize=230%2C329&amp;ssl=1 230w, https:\/\/i0.wp.com\/faktor-bildung.de\/wp-content\/uploads\/2021\/12\/Kurs_WEL_2021.jpg?resize=350%2C501&amp;ssl=1 350w, https:\/\/i0.wp.com\/faktor-bildung.de\/wp-content\/uploads\/2021\/12\/Kurs_WEL_2021.jpg?resize=480%2C686&amp;ssl=1 480w, https:\/\/i0.wp.com\/faktor-bildung.de\/wp-content\/uploads\/2021\/12\/Kurs_WEL_2021.jpg?w=716&amp;ssl=1 716w\" sizes=\"auto, (max-width: 210px) 100vw, 210px\" \/><\/p>\n<h4>Weilburg: Erster babySignal-Kurs ist vorbei<\/h4>\n<p>Am Donnerstag, 16. Dezember 2021, war es tats\u00e4chlich schon so weit: Die sechs Wochen mit den sechs Kurseinheiten sind wie im Flug vergangen, die Weilburger Kids und die Eltern hatten viel Freude.<\/p>\n<p>Es war so sch\u00f6n zu sehen, wie aufmerksam die vier waren, sie waren dabei und haben gezeigt, dass sie Spa\u00df daran haben, mit den H\u00e4nden zu sprechen.<\/p>\n<p>Ich w\u00fcnsche Euch allen, liebe Kinder und liebe Familien, eine wundervolle Weihnachtszeit mit viel Lichterglanz, Liebe und Leckereien, es war toll mit Euch, herzlichen Dank!<\/p>\n<h3><\/h3>\n<p><img data-recalc-dims=\"1\" loading=\"lazy\" decoding=\"async\" class=\"alignright wp-image-539 size-medium\" src=\"https:\/\/i0.wp.com\/faktor-bildung.de\/wp-content\/uploads\/2021\/12\/Bonta_Hund.jpg?resize=225%2C300&#038;ssl=1\" alt=\"N\u00e4hk\u00e4stchen Hund - eine tolle Geb\u00e4rde\" width=\"225\" height=\"300\" srcset=\"https:\/\/i0.wp.com\/faktor-bildung.de\/wp-content\/uploads\/2021\/12\/Bonta_Hund-rotated.jpg?resize=225%2C300&amp;ssl=1 225w, https:\/\/i0.wp.com\/faktor-bildung.de\/wp-content\/uploads\/2021\/12\/Bonta_Hund-rotated.jpg?resize=230%2C307&amp;ssl=1 230w, https:\/\/i0.wp.com\/faktor-bildung.de\/wp-content\/uploads\/2021\/12\/Bonta_Hund-rotated.jpg?resize=350%2C467&amp;ssl=1 350w, https:\/\/i0.wp.com\/faktor-bildung.de\/wp-content\/uploads\/2021\/12\/Bonta_Hund-rotated.jpg?w=480&amp;ssl=1 480w\" sizes=\"auto, (max-width: 225px) 100vw, 225px\" \/><\/p>\n<h4>Geb\u00e4rde Hund: check!<\/h4>\n<p>Zwischen der vorletzten und der letzten Stunde schrieb mir eine Mama aus dem Weilburger Kurs, dass es ein Erfolgserlebnis zu vermelden gibt: Auf die Frage, wie der Hund macht, antwortet der fast einj\u00e4hrige Sohn mit der Hand und zeigt die Geb\u00e4rde f\u00fcrs Bellen des Hundes. Auf dem Bild seht ihr \u00fcbrigens unseren Hund Bonta.<\/p>\n<p>Bereits kurz vor der zweiten Stunde hat dieser kleine Mann schon beim Singen seiner Mama die Geb\u00e4rde Musik gezeigt, die zur Musik im Kurs dazugeh\u00f6rt.<\/p>\n<p>Da wurde zuhause wohl direkt von Anfang an wirklich flei\u00dfig mit Geb\u00e4rden gesungen!<\/p>\n<h3><\/h3>\n<p><a href=\"https:\/\/faktor-bildung.de\/index.php\/kursorte\/\"><img data-recalc-dims=\"1\" loading=\"lazy\" decoding=\"async\" class=\"alignleft wp-image-476 size-medium\" src=\"https:\/\/i0.wp.com\/faktor-bildung.de\/wp-content\/uploads\/2021\/12\/Hebammen_WEL.jpg?resize=225%2C300&#038;ssl=1\" alt=\"N\u00e4hk\u00e4stchen - Hebammenpraxis Weilburg babySignal\" width=\"225\" height=\"300\" srcset=\"https:\/\/i0.wp.com\/faktor-bildung.de\/wp-content\/uploads\/2021\/12\/Hebammen_WEL-scaled.jpg?resize=225%2C300&amp;ssl=1 225w, https:\/\/i0.wp.com\/faktor-bildung.de\/wp-content\/uploads\/2021\/12\/Hebammen_WEL-scaled.jpg?resize=768%2C1024&amp;ssl=1 768w, https:\/\/i0.wp.com\/faktor-bildung.de\/wp-content\/uploads\/2021\/12\/Hebammen_WEL-scaled.jpg?resize=1152%2C1536&amp;ssl=1 1152w, https:\/\/i0.wp.com\/faktor-bildung.de\/wp-content\/uploads\/2021\/12\/Hebammen_WEL-scaled.jpg?resize=1536%2C2048&amp;ssl=1 1536w, https:\/\/i0.wp.com\/faktor-bildung.de\/wp-content\/uploads\/2021\/12\/Hebammen_WEL-scaled.jpg?resize=920%2C1227&amp;ssl=1 920w, https:\/\/i0.wp.com\/faktor-bildung.de\/wp-content\/uploads\/2021\/12\/Hebammen_WEL-scaled.jpg?resize=230%2C307&amp;ssl=1 230w, https:\/\/i0.wp.com\/faktor-bildung.de\/wp-content\/uploads\/2021\/12\/Hebammen_WEL-scaled.jpg?resize=350%2C467&amp;ssl=1 350w, https:\/\/i0.wp.com\/faktor-bildung.de\/wp-content\/uploads\/2021\/12\/Hebammen_WEL-scaled.jpg?resize=480%2C640&amp;ssl=1 480w, https:\/\/i0.wp.com\/faktor-bildung.de\/wp-content\/uploads\/2021\/12\/Hebammen_WEL-scaled.jpg?w=1920&amp;ssl=1 1920w\" sizes=\"auto, (max-width: 225px) 100vw, 225px\" \/><\/a><\/p>\n<h4>Die erste Anekdote aus dem N\u00e4hk\u00e4stchen&#8230;<\/h4>\n<p>gibt es aus der Adventszeit 2021 in Weilburg. In der vorletzten babySignal-Stunde meines ersten Pr\u00e4senzkurses kam ein Papa mit seiner Tochter rein. Strahlend kamen die beiden an und der Papa berichtete voller Stolz, dass seine 16 Monate alte Tochter, als die beiden mit dem Auto angekommen waren und die kleine Maus das Geb\u00e4ude gesehen hat, in dem schon vier Mal eine babySignal-Kursstunde stattgefunden hat, an der sie teilgenommen hat, hat sie blitzschnell kombiniert, dass es wieder eine Stunde, in der wir mit den H\u00e4nden sprechen wollen, f\u00fcr sie geben wird. Sie fing an, zu gestikulieren und zu winken, damit Papa auch versteht, dass die Kleine sich freut und dort rein m\u00f6chte. Nat\u00fcrlich hat Papa das verstanden und sich bestm\u00f6glich bem\u00fcht, dass die beiden schnell reinkamen.<\/p>\n<p>Ich denke, dass Ihr Euch vorstellen k\u00f6nnt, dass nicht nur Papa &#8211; zu Recht! &#8211; total stolz auf seine Tochter war und sich gefreut hat. Mich hat das richtiggehend ber\u00fchrt, dass die Kinder so deutlich zeigen k\u00f6nnen, dass sie Spa\u00df am Kurs und der Zeit mit den anderen Kindern und Eltern haben.<\/p>\n<p>Damit ihr wisst, wie der Schl\u00fcsselreiz f\u00fcr die Maus aussah, hab ich gestern nach der Stunde direkt ein Foto von drau\u00dfen vor der Praxis gemacht.<\/p>\n<p>In Kurzform habe ich bei <a href=\"https:\/\/www.instagram.com\/stories\/faktorbildung\/2725583962629823483\/\" target=\"_blank\" rel=\"noopener\"><img data-recalc-dims=\"1\" loading=\"lazy\" decoding=\"async\" class=\"alignnone wp-image-374\" src=\"https:\/\/i0.wp.com\/faktor-bildung.de\/wp-content\/uploads\/2021\/11\/Instagram_Glyph_Gradient_RGB_klein.png?resize=50%2C50&#038;ssl=1\" alt=\"Insta Kontakt N\u00e4hk\u00e4stchen\" width=\"50\" height=\"50\" \/><\/a> eine Story dazu ver\u00f6ffentlicht. Auch bei <a href=\"https:\/\/www.facebook.com\/faktorbildung\/posts\/132938479163261\" target=\"_blank\" rel=\"noopener\"><img data-recalc-dims=\"1\" loading=\"lazy\" decoding=\"async\" class=\"alignnone wp-image-377\" src=\"https:\/\/i0.wp.com\/faktor-bildung.de\/wp-content\/uploads\/2021\/11\/f_logo_RGB-Blue_58-1.png?resize=50%2C50&#038;ssl=1\" alt=\"facebook N\u00e4hk\u00e4stchen\" width=\"50\" height=\"50\" \/><\/a>gibt es einen Beitrag dazu.<\/p>\n<p>Interessieren Euch solche Plaudereien aus dem N\u00e4hk\u00e4stchen? Schreibt mir gern an tina(a)faktor-bildung.de oder nutzt das Kontaktformular.<\/p>\n","protected":false},"excerpt":{"rendered":"<p>N\u00e4hk\u00e4stchen, N\u00e4hk\u00e4stchen, wer mag denn kein Geplauder aus dem N\u00e4hk\u00e4stchen? Hier m\u00f6chte ich immer wieder ein bisschen aus dem N\u00e4hk\u00e4stchen plaudern und [&hellip;]<\/p>\n","protected":false},"author":1,"featured_media":0,"parent":0,"menu_order":0,"comment_status":"closed","ping_status":"closed","template":"","meta":{"footnotes":""},"class_list":["post-475","page","type-page","status-publish","hentry"],"jetpack-related-posts":[],"jetpack_sharing_enabled":true,"_links":{"self":[{"href":"https:\/\/faktor-bildung.de\/index.php\/wp-json\/wp\/v2\/pages\/475","targetHints":{"allow":["GET"]}}],"collection":[{"href":"https:\/\/faktor-bildung.de\/index.php\/wp-json\/wp\/v2\/pages"}],"about":[{"href":"https:\/\/faktor-bildung.de\/index.php\/wp-json\/wp\/v2\/types\/page"}],"author":[{"embeddable":true,"href":"https:\/\/faktor-bildung.de\/index.php\/wp-json\/wp\/v2\/users\/1"}],"replies":[{"embeddable":true,"href":"https:\/\/faktor-bildung.de\/index.php\/wp-json\/wp\/v2\/comments?post=475"}],"version-history":[{"count":21,"href":"https:\/\/faktor-bildung.de\/index.php\/wp-json\/wp\/v2\/pages\/475\/revisions"}],"predecessor-version":[{"id":4275,"href":"https:\/\/faktor-bildung.de\/index.php\/wp-json\/wp\/v2\/pages\/475\/revisions\/4275"}],"wp:attachment":[{"href":"https:\/\/faktor-bildung.de\/index.php\/wp-json\/wp\/v2\/media?parent=475"}],"curies":[{"name":"wp","href":"https:\/\/api.w.org\/{rel}","templated":true}]}}