{"id":4448,"date":"2025-01-31T16:48:58","date_gmt":"2025-01-31T16:48:58","guid":{"rendered":"https:\/\/faktor-bildung.de\/?page_id=4448"},"modified":"2025-04-10T19:23:27","modified_gmt":"2025-04-10T19:23:27","slug":"bildungsschatz","status":"publish","type":"page","link":"https:\/\/faktor-bildung.de\/index.php\/bildungsschatz\/","title":{"rendered":"Bildungsschatz Kita-Alltag: Lernumgebungen und Bildungsanl\u00e4sse im Kita-Alltag entdecken und begleiten"},"content":{"rendered":"<p>Im Kita-Alltag finden sich zahllose Schl\u00fcsselmomente \u2013 jene kleinen, aber entscheidenden Augenblicke, die den Spracherwerb der Kinder nachhaltig pr\u00e4gen k\u00f6nnen. Der Bildungsschatz Kita-Alltag macht diese wertvollen Momente sichtbar und nutzbar. Doch wie gelingt es, diese im Kita-Alltag zu erkennen und nachhaltig zur F\u00f6rderung des Spracherwerbs bei Kindern zu nutzen?<\/p>\n<h3>Bildungsschatz Kita-Alltag &#8211; eine zertifizierte BEP-Fortbildung<\/h3>\n<p>Im Jahr 2024 entwickelten zwei erfahrene P\u00e4dagoginnen und Fortbildnerinnen ein praxisorientiertes Fortbildungskonzept, das vom Land Hessen als <a href=\"https:\/\/bep.hessen.de\/veroeffentlichungen\/bildungs-und-erziehungsplan\" target=\"_blank\" rel=\"noopener\">BEP<\/a>-Fortbildung anerkannt wurde. Dieses praxisnahe Konzept hilft Fachkr\u00e4ften, die Schl\u00fcsselmomente des Alltags zu erkennen und durch Reflexion der dialogischen Grundhaltung sprachf\u00f6rderlich mit den Kindern zu arbeiten.<\/p>\n<p>Lasst uns gemeinsam die Sch\u00e4tze im Kita-Alltag heben!<\/p>\n<h4>Konzept der Fortbildung<\/h4>\n<p>Die Fortbildung richtet sich an Fachkr\u00e4fte aus Kindertageseinrichtungen und Kindertagespflegepersonen. Sie zielt darauf ab, die Teilnehmenden zu unterst\u00fctzen, die Bildungspotenziale allt\u00e4glicher Routinen und bedeutungsvoller Situationen im Kita-Alltag zu nutzen. Dabei steht die F\u00f6rderung von Bildungsgerechtigkeit und Chancengleichheit im Vordergrund. Ohne zus\u00e4tzlichen Arbeitsaufwand k\u00f6nnen alle Kinder beim Spracherwerb effektiv gest\u00e4rkt werden.<\/p>\n<p><img data-recalc-dims=\"1\" loading=\"lazy\" decoding=\"async\" class=\" wp-image-4453 alignleft\" src=\"https:\/\/i0.wp.com\/faktor-bildung.de\/wp-content\/uploads\/2025\/01\/booty-153593_1280.png?resize=268%2C262&#038;ssl=1\" alt=\"Bildungsschatz\" width=\"268\" height=\"262\" srcset=\"https:\/\/i0.wp.com\/faktor-bildung.de\/wp-content\/uploads\/2025\/01\/booty-153593_1280.png?resize=300%2C293&amp;ssl=1 300w, https:\/\/i0.wp.com\/faktor-bildung.de\/wp-content\/uploads\/2025\/01\/booty-153593_1280.png?resize=1024%2C1000&amp;ssl=1 1024w, https:\/\/i0.wp.com\/faktor-bildung.de\/wp-content\/uploads\/2025\/01\/booty-153593_1280.png?resize=768%2C750&amp;ssl=1 768w, https:\/\/i0.wp.com\/faktor-bildung.de\/wp-content\/uploads\/2025\/01\/booty-153593_1280.png?resize=1000%2C977&amp;ssl=1 1000w, https:\/\/i0.wp.com\/faktor-bildung.de\/wp-content\/uploads\/2025\/01\/booty-153593_1280.png?resize=230%2C225&amp;ssl=1 230w, https:\/\/i0.wp.com\/faktor-bildung.de\/wp-content\/uploads\/2025\/01\/booty-153593_1280.png?resize=350%2C342&amp;ssl=1 350w, https:\/\/i0.wp.com\/faktor-bildung.de\/wp-content\/uploads\/2025\/01\/booty-153593_1280.png?resize=480%2C469&amp;ssl=1 480w, https:\/\/i0.wp.com\/faktor-bildung.de\/wp-content\/uploads\/2025\/01\/booty-153593_1280.png?w=1280&amp;ssl=1 1280w\" sizes=\"auto, (max-width: 268px) 100vw, 268px\" \/><\/p>\n<h4>Bildungsschatz Kita-Alltag<\/h4>\n<p>Ein zentrales Element der Fortbildung ist die Entwicklung einer offenen, dialogischen Grundhaltung. Durch diese Interaktionsweise werden die sprachlichen Potenziale der Kinder optimal begleitet und unterst\u00fctzt. Zudem wird die Zusammenarbeit aller Beteiligten \u2013 Familien, Institutionen und Angebote im Sozialraum \u2013 in den Blick genommen, um eine nachhaltige sprachliche F\u00f6rderung der Kinder zu gew\u00e4hrleisten.<\/p>\n<p>Das tollste dabei ist, dass diese Schl\u00fcsselmomente, mit denen wir arbeiten, unglaublich vielf\u00e4ltig und im Alltag wirklich vorhanden sind: Vom gemeinsamen Tischdecken bis hin zu Gespr\u00e4chen \u00fcber B\u00fccher \u2013 diese Situationen bergen riesiges Potenzial f\u00fcr den Spracherwerb.<\/p>\n<h4>Praxisnahe Ans\u00e4tze<\/h4>\n<p>Die Fortbildung beleuchtet t\u00e4gliche Routinen und bedeutungsvolle Situationen im Kita-Alltag intensiv, um diese gezielt zur F\u00f6rderung des Spracherwerbs einzusetzen. Praktische \u00dcbungen erm\u00f6glichen es den Teilnehmenden, typische Alltagssituationen auf abwechslungsreiche Art zu analysieren und sprachf\u00f6rderliche Strategien f\u00fcr den Alltag zu entwickeln. Dadurch wird eine unmittelbare Verbesserung der p\u00e4dagogischen Praxis erreicht.<\/p>\n<p>Entdecken wir gemeinsam, wie Theorie und Praxis Hand in Hand gehen k\u00f6nnen. Zusammen mit meiner gesch\u00e4tzten Fortbildner-Kollegin <a href=\"https:\/\/www.kinderleicht.me\/\" target=\"_blank\" rel=\"noopener\">Carolin<\/a> habe ich mich anhand unser umfassenden Praxiserfahrung im Kita-Alltag, bew\u00e4hrter Seminarinhalte und den vertieften Kenntnissen zum BEP auf den Weg gemacht. Herausgekommen ist eine Fortbildung, die nach der umfassenden Pr\u00fcfung des Landes Hessen als BEP-Fortbildung im Sinne der BEP-Qualit\u00e4tspauschale anerkannt wurde.<\/p>\n<h4>Bildungsgerechtigkeit und Chancengleichheit<\/h4>\n<p><img data-recalc-dims=\"1\" loading=\"lazy\" decoding=\"async\" class=\"alignright size-medium wp-image-4451\" src=\"https:\/\/i0.wp.com\/faktor-bildung.de\/wp-content\/uploads\/2025\/01\/Gleichung_Bildungsschatz.jpg?resize=300%2C169&#038;ssl=1\" alt=\"BIldungsschatz Kita-Alltag\" width=\"300\" height=\"169\" srcset=\"https:\/\/i0.wp.com\/faktor-bildung.de\/wp-content\/uploads\/2025\/01\/Gleichung_Bildungsschatz.jpg?resize=300%2C169&amp;ssl=1 300w, https:\/\/i0.wp.com\/faktor-bildung.de\/wp-content\/uploads\/2025\/01\/Gleichung_Bildungsschatz.jpg?resize=768%2C432&amp;ssl=1 768w, https:\/\/i0.wp.com\/faktor-bildung.de\/wp-content\/uploads\/2025\/01\/Gleichung_Bildungsschatz.jpg?resize=230%2C129&amp;ssl=1 230w, https:\/\/i0.wp.com\/faktor-bildung.de\/wp-content\/uploads\/2025\/01\/Gleichung_Bildungsschatz.jpg?resize=350%2C197&amp;ssl=1 350w, https:\/\/i0.wp.com\/faktor-bildung.de\/wp-content\/uploads\/2025\/01\/Gleichung_Bildungsschatz.jpg?resize=480%2C270&amp;ssl=1 480w, https:\/\/i0.wp.com\/faktor-bildung.de\/wp-content\/uploads\/2025\/01\/Gleichung_Bildungsschatz.jpg?w=960&amp;ssl=1 960w\" sizes=\"auto, (max-width: 300px) 100vw, 300px\" \/><\/p>\n<p>Tag f\u00fcr Tag erleben Fachkr\u00e4fte in der Kita eine schier unersch\u00f6pfliche Vielfalt an Schl\u00fcsselmomenten. Diese bedeutungsvollen Situationen bieten Anl\u00e4sse und Routinen, in denen Fachkr\u00e4fte mit einer professionellen und offenen Grundhaltung agieren k\u00f6nnen. So k\u00f6nnen sie die Kinder bestm\u00f6glich zu unterst\u00fctzen. Durch alltagsintegrierte sprachliche Bildung leisten die Fachkr\u00e4fte einen bedeutenden Beitrag zu mehr Bildungsgerechtigkeit und Chancengleichheit.<\/p>\n<p>Nicht jedes Kind hat gleicherma\u00dfen Zugang zu Bildung, um seine Potenziale voll zu entfalten. Gerade Sprache ist ein wichtiger Schl\u00fcssel zu Bildung, der mit dazu beitr\u00e4gt, ob Kinder ihre Schatzkiste, die sie in sich tragen, \u00f6ffnen k\u00f6nnen oder nicht.<\/p>\n<p>Die Teilnehmenden der Fortbildung erarbeiten sich einen erweiterten Blick auf ihren Alltag und damit Zugang zum reichhaltigen Bildungsschatz im Kita-Alltag. So gelingt es, Sprache als wertvolles Mittel f\u00fcr Bildung zu nutzen, ohne zus\u00e4tzlichen Aufwand betreiben zu m\u00fcssen. Kinder werden aktiv am Bildungsprozess beteiligt und gestalten ihn mit \u2013 das ist gelebte Ko-Konstruktion und Partizipation. Durch den angepassten Einsatz ihrer individuellen Ressourcen erfahren die Fachkr\u00e4fte eine authentische Entlastung.<\/p>\n<p>Mehr Bildungsgerechtigkeit durch<\/p>\n<ul>\n<li>Alltagsintegrierte Sprachf\u00f6rderung<\/li>\n<li>Ko-Konstruktion und Partizipation<\/li>\n<li>Nachhaltige Zusammenarbeit mit Familien und im Sozialraum<\/li>\n<\/ul>\n<h4>Flexibilit\u00e4t und Formate<\/h4>\n<p>Je nach Bedarf und Unterst\u00fctzung in der p\u00e4dagogischen Ausrichtung gibt es verschiedene M\u00f6glichkeiten, die Fortbildung zu gestalten. Ein individuell abgesprochenes Tagesseminar ist ebenso m\u00f6glich wie eine dreit\u00e4gige, prozessbegleitende Unterst\u00fctzung in einer Inhouseschulung. Im letztgenannten Format wurde die Fortbildung Bildungsschatz Kita-Alltag nach umfassender Pr\u00fcfung auf das Erf\u00fcllen der hohen Qualit\u00e4tsstandards hin vom Land Hessen als BEP-Fortbildung im Sinne der BEP-Qualit\u00e4tspauschale anerkannt.<\/p>\n<p>Viel Freude beim St\u00f6bern auf meiner Webseite und in den verschiedenen Kategorien zu unterschiedlichen Angeboten. Als <a href=\"https:\/\/faktor-bildung.de\/index.php\/fachberatung\/\">BEP-Fachberaterin<\/a> beispielsweise begleite ich Einrichtungen individuell bei der kontinuierlichen Umsetzung des BEP. Und vor dem Bildungsschatz gab es bereits eine weitere BEP-Fortbildung von mir zu <a href=\"https:\/\/faktor-bildung.de\/index.php\/warjaklar_vorurteilsbewusst\/\">Vorurteilsbewusster Arbeit im Alltag von Bildung und Erziehung<\/a>. F\u00fcr Ausk\u00fcnfte dazu oder zu weiteren Themen sowie generelle oder konkrete Anfragen kontaktiert mich gerne per Mail: tina(a)faktor-bildung.de oder \u00fcber das <a href=\"https:\/\/faktor-bildung.de\/index.php\/kontakt\/\">Kontaktfomular.<\/a><\/p>\n","protected":false},"excerpt":{"rendered":"<p>Im Kita-Alltag finden sich zahllose Schl\u00fcsselmomente \u2013 jene kleinen, aber entscheidenden Augenblicke, die den Spracherwerb der Kinder nachhaltig pr\u00e4gen k\u00f6nnen. Der Bildungsschatz [&hellip;]<\/p>\n","protected":false},"author":1,"featured_media":0,"parent":0,"menu_order":0,"comment_status":"closed","ping_status":"closed","template":"","meta":{"footnotes":""},"class_list":["post-4448","page","type-page","status-publish","hentry"],"jetpack-related-posts":[],"jetpack_sharing_enabled":true,"_links":{"self":[{"href":"https:\/\/faktor-bildung.de\/index.php\/wp-json\/wp\/v2\/pages\/4448","targetHints":{"allow":["GET"]}}],"collection":[{"href":"https:\/\/faktor-bildung.de\/index.php\/wp-json\/wp\/v2\/pages"}],"about":[{"href":"https:\/\/faktor-bildung.de\/index.php\/wp-json\/wp\/v2\/types\/page"}],"author":[{"embeddable":true,"href":"https:\/\/faktor-bildung.de\/index.php\/wp-json\/wp\/v2\/users\/1"}],"replies":[{"embeddable":true,"href":"https:\/\/faktor-bildung.de\/index.php\/wp-json\/wp\/v2\/comments?post=4448"}],"version-history":[{"count":8,"href":"https:\/\/faktor-bildung.de\/index.php\/wp-json\/wp\/v2\/pages\/4448\/revisions"}],"predecessor-version":[{"id":4686,"href":"https:\/\/faktor-bildung.de\/index.php\/wp-json\/wp\/v2\/pages\/4448\/revisions\/4686"}],"wp:attachment":[{"href":"https:\/\/faktor-bildung.de\/index.php\/wp-json\/wp\/v2\/media?parent=4448"}],"curies":[{"name":"wp","href":"https:\/\/api.w.org\/{rel}","templated":true}]}}