{"id":4243,"date":"2024-12-29T19:03:19","date_gmt":"2024-12-29T19:03:19","guid":{"rendered":"https:\/\/faktor-bildung.de\/?page_id=4243"},"modified":"2025-04-10T19:29:50","modified_gmt":"2025-04-10T19:29:50","slug":"bep-fortbildungen","status":"publish","type":"page","link":"https:\/\/faktor-bildung.de\/index.php\/bep-fortbildungen\/","title":{"rendered":"Spannende BEP-Fortbildungen &#8211; seit 2024"},"content":{"rendered":"<h4>Meine erste BEP-Fortbildung<\/h4>\n<div><img data-recalc-dims=\"1\" loading=\"lazy\" decoding=\"async\" class=\"size-medium wp-image-4251 alignleft\" src=\"https:\/\/i0.wp.com\/faktor-bildung.de\/wp-content\/uploads\/2024\/12\/BEP-Fortbildung_entwickeln.jpg?resize=300%2C260&#038;ssl=1\" alt=\"BEP-Fortbildung_entwickeln\" width=\"300\" height=\"260\" srcset=\"https:\/\/i0.wp.com\/faktor-bildung.de\/wp-content\/uploads\/2024\/12\/BEP-Fortbildung_entwickeln.jpg?resize=300%2C260&amp;ssl=1 300w, https:\/\/i0.wp.com\/faktor-bildung.de\/wp-content\/uploads\/2024\/12\/BEP-Fortbildung_entwickeln.jpg?resize=1024%2C887&amp;ssl=1 1024w, https:\/\/i0.wp.com\/faktor-bildung.de\/wp-content\/uploads\/2024\/12\/BEP-Fortbildung_entwickeln.jpg?resize=768%2C665&amp;ssl=1 768w, https:\/\/i0.wp.com\/faktor-bildung.de\/wp-content\/uploads\/2024\/12\/BEP-Fortbildung_entwickeln.jpg?resize=1000%2C866&amp;ssl=1 1000w, https:\/\/i0.wp.com\/faktor-bildung.de\/wp-content\/uploads\/2024\/12\/BEP-Fortbildung_entwickeln.jpg?resize=230%2C199&amp;ssl=1 230w, https:\/\/i0.wp.com\/faktor-bildung.de\/wp-content\/uploads\/2024\/12\/BEP-Fortbildung_entwickeln.jpg?resize=350%2C303&amp;ssl=1 350w, https:\/\/i0.wp.com\/faktor-bildung.de\/wp-content\/uploads\/2024\/12\/BEP-Fortbildung_entwickeln.jpg?resize=480%2C416&amp;ssl=1 480w, https:\/\/i0.wp.com\/faktor-bildung.de\/wp-content\/uploads\/2024\/12\/BEP-Fortbildung_entwickeln.jpg?w=1277&amp;ssl=1 1277w\" sizes=\"auto, (max-width: 300px) 100vw, 300px\" \/>2024 war das Jahr, in dem ich mich mit zwei eigenen BEP-Fortbildungen mein Profil weiter gesch\u00e4rft habe. Die erste Fortbildung zum Thema Vorurteilsbewusstes Arbeiten im Alltag von Bildung und Erziehung ist seit Januar 2024 offiziell anerkannt. Entwickelt habe ich sie eng an dem Bedarf orientiert, den ich im Rahmen meines Masterstudiums im <a href=\"https:\/\/faktor-bildung.de\/index.php\/forschung\/\">Handlungsforschungsprojekt<\/a> repr\u00e4sentativ erforscht und in der daraus weiterentwickelten Masterthesis er\u00f6rtert habe. Das <a href=\"https:\/\/faktor-bildung.de\/index.php\/fortbildungskonzept_warjaklar\/\">Konzept f\u00fcr diese BEP-Fortbildung<\/a> wurde im Auftrag vom <a href=\"https:\/\/bep.hessen.de\/\" target=\"_blank\" rel=\"noopener\">Land Hessen<\/a> durch das <a href=\"https:\/\/www.ifp.bayern\/de\/\" target=\"_blank\" rel=\"noopener\">Institut f\u00fcr Fr\u00fchp\u00e4dagogik<\/a> (IFP) gepr\u00fcft und erhielt dann vom <a href=\"https:\/\/soziales.hessen.de\/\/\" target=\"_blank\" rel=\"noopener\">Hessischen Ministerium f\u00fcr Soziales und Integration<\/a> (HMSI) die Anerkennungsnummer.<\/div>\n<div><\/div>\n<div>Vom ersten Gedanken an eine von der Pike auf selbst entwickelte,\u00a0 wissenschaftlich fundierte Fortbildung w\u00e4hrend des Studiums im April 2022 \u00fcber die Entwicklung des Fragebogens mit anschlie\u00dfender Feldphase bis hin zur quantitativen Auswertung der Ergebnisse mit Fokus auf den Fortbildungsbedarf bei den Fachkr\u00e4ften in Form der Masterthesis im Juli 2023 und die Konzeption der eigentlichen Fortbildung bis hin zur Anerkennung durch das HMSI im Januar 2024 gingen so 21 Monate ins Land.<\/div>\n<div><\/div>\n<div>Mittlerweile habe ich die BEP-Fortbildung zum Vorurteilsbewussten Arbeiten bereits mehrfach angeboten, sie kommt gut an und erm\u00f6glicht den Fachkr\u00e4ften in den Einrichtungen, sich gut weiterzuentwickeln. Das Format, drei Tage \u00fcber einen l\u00e4ngeren Zeitraum prozessorientiert anzubieten, erm\u00f6glicht es, dass man sich selbst in der Praxis reflektieren kann.<\/div>\n<h4>Noch eine BEP-Fortbildung<\/h4>\n<div><img data-recalc-dims=\"1\" loading=\"lazy\" decoding=\"async\" class=\"size-medium wp-image-4252 alignright\" src=\"https:\/\/i0.wp.com\/faktor-bildung.de\/wp-content\/uploads\/2024\/12\/BEP-Fortbildung_BEP-Print.jpg?resize=300%2C241&#038;ssl=1\" alt=\"BEP-Fortbildung_BEP-Printausgaben\" width=\"300\" height=\"241\" srcset=\"https:\/\/i0.wp.com\/faktor-bildung.de\/wp-content\/uploads\/2024\/12\/BEP-Fortbildung_BEP-Print.jpg?resize=300%2C241&amp;ssl=1 300w, https:\/\/i0.wp.com\/faktor-bildung.de\/wp-content\/uploads\/2024\/12\/BEP-Fortbildung_BEP-Print.jpg?resize=1024%2C823&amp;ssl=1 1024w, https:\/\/i0.wp.com\/faktor-bildung.de\/wp-content\/uploads\/2024\/12\/BEP-Fortbildung_BEP-Print.jpg?resize=768%2C617&amp;ssl=1 768w, https:\/\/i0.wp.com\/faktor-bildung.de\/wp-content\/uploads\/2024\/12\/BEP-Fortbildung_BEP-Print.jpg?resize=1000%2C804&amp;ssl=1 1000w, https:\/\/i0.wp.com\/faktor-bildung.de\/wp-content\/uploads\/2024\/12\/BEP-Fortbildung_BEP-Print.jpg?resize=230%2C185&amp;ssl=1 230w, https:\/\/i0.wp.com\/faktor-bildung.de\/wp-content\/uploads\/2024\/12\/BEP-Fortbildung_BEP-Print.jpg?resize=350%2C281&amp;ssl=1 350w, https:\/\/i0.wp.com\/faktor-bildung.de\/wp-content\/uploads\/2024\/12\/BEP-Fortbildung_BEP-Print.jpg?resize=480%2C386&amp;ssl=1 480w, https:\/\/i0.wp.com\/faktor-bildung.de\/wp-content\/uploads\/2024\/12\/BEP-Fortbildung_BEP-Print.jpg?w=1488&amp;ssl=1 1488w\" sizes=\"auto, (max-width: 300px) 100vw, 300px\" \/>Da ich Anfang 2024 wieder anfangen konnte, f\u00fcr ein kleineres Projekt mit meiner sehr gesch\u00e4tzten Kollegin <a href=\"https:\/\/www.instagram.com\/ein_hauch_mommy\/\" target=\"_blank\" rel=\"noopener\">Carolin Volk<\/a> zusammenzuarbeiten, entschlossen wir uns, gemeinsam eine weitere BEP-Fortbildung auf den Weg zu bringen. Die ebenfalls dreit\u00e4gige, prozessorientierte BEP-Fortbildeung mit dem Titel Lernumgebungen und Bildungsanl\u00e4sse f\u00fcr Sprache im Kita-Alltag entdecken und begleiten befindet sich f\u00fcr mich derzeit in der finalen Phase des Anerkennungsprozesses. Das IFP hat bereits im Herbst nach seiner Pr\u00fcfung festgestellt, dass diese BEP-Fortbildung\u00a0 genehmigungsf\u00e4hig ist. Erfreulicherweise hat <a href=\"https:\/\/www.kinderleicht.me\/\" target=\"_blank\" rel=\"noopener\">Carolin<\/a> bereits die bereits die begehrte Anerkennungsnummer daf\u00fcr im sp\u00e4ten Herbst 2024 erhalten. Herzlichen Gl\u00fcckwunsch dazu, liebe Carolin!<\/div>\n<div><\/div>\n<div>Ich bin offensichtlich durch einen dummen Zufall auf einem anderen Stapel beim Bearbeiter im HMSI gelandet, der zu einem sp\u00e4teren Zeitpunkt bearbeitet wurde.\u00a0 Anfang 2025 wurde mir die ersehnte Anerkennungsnummer zugeteilt.<\/div>\n<div><\/div>\n<div>Gerade, wenn es um Sprache geht, bietet der Alltag und jeder Moment, den wir mit Kindern verbringen, eine F\u00fclle von Gelegenheiten, alltagsintegriert die Sprachbildung anzuregen.\u00a0 Es verh\u00e4lt sich \u00e4hnlich wie die Tatsache, dass man nicht nicht kommunizieren kann. Jeder Augenblick bietet einen schier nicht enden wollenden Schatz an Anl\u00e4ssen, mit Kindern zu kommunizieren und sie in ihrer Sprachentwicklung zu unterst\u00fctzen. So ist es auch mit Bildung: Das wahre Leben steckt voller Dinge, die Kinder weiterbringen. Manchmal ist es so, dass nur wir Erwachsene den ein oder anderen Schritt machen m\u00fcssen, damit wir eine andere Perspektive einnehmen und damit dann das Funkeln des Schatzes auch wahrnehmen k\u00f6nnen.<\/div>\n<h4>Wird es weitere BEP-Fortbildungen geben?<\/h4>\n<div>Mal sehen, was die Zeit und der restliche Alltag so bringt. Schlie\u00dflich habe ich nicht nur in Kitas zu tun: Ich bin au\u00dferdem als Expertin in der Fachkraft-Qualifizierung t\u00e4tig, gebe Fortbildungen bei einem mittelhessischen Verein,\u00a0 der seit \u00fcber 20 Jahren ein professioneller Anbieter von Teilhabeassistenz ist und bin seit kurzem auch in der freiberuflichen BEP-Fachberatung t\u00e4tig. Ein wirklich bunter Strau\u00df, in dem BEP-Fortbildungen ein wichtiger Teil, aber eben auch nicht alles sind.<\/div>\n<div><\/div>\n<div>Nichtsdestotrotz ist die Anerkennung als BEP-Fortbildung hier in Hessen nat\u00fcrlich ein G\u00fctesiegel f\u00fcr ein Premiumprodukt unter den Fortbildungen, denn durch die Anerkennung bekommen die Einrichtungen die BEP-Qualit\u00e4tspauschale. Das lohnt sich wirklich, denn hier werden vom Land Hessen Gelder daf\u00fcr verwendet, in den Kindertageseinrichtungen die Fachkr\u00e4fte qualitativ kontinuierlich hochwertig fortzubilden.<\/div>\n<div><\/div>\n<div>Allerdings ist der Prozess, eine BEP-Fortbildung anerkennen zu lassen aufgrund des hohen Qualit\u00e4tsanspruches schon recht aufw\u00e4ndig. Das Konzept und die Inhalte werden auf Herz und Nieren gepr\u00fcft und auch der Bezug zum BEP sowie zur Praxis sind von gro\u00dfer Bedeutung. Bis alles soweit bedacht und angepasst ist, dass es genehmigungsf\u00e4hig ist, muss so einiges an zeitlichen Ressourcen und an geistiger Kapazit\u00e4t aufgebracht werden.<\/div>\n<div><\/div>\n<div>Dadurch sind dann meine BEP-Fortbildungen allerdings wirklich konzeptionell, inhaltlich, methodisch und didaktisch so gereift, dass ich sie nicht nur mit viel Freude und Herzblut, sondern auch mit ganzem Stolz in die Einrichtungen bringen kann. Ich liebe es, Dinge zu tun, die mich und andere weiterbringen. Und der Funke springt auf jeden Fall \u00fcber. So habe ich selbst also auch ein gro\u00dfes Interesse daran, meine Fortbildungen auf den landesweiten Pr\u00fcfstand stellen zu lassen, um damit den Kitas nachweislich mit meinen BEP-Fortbildungen Premiumprodukte im Bereich Bildung und Kompetenzgewinn anzubieten. Ich nehme also an, dass ich hier noch weiter aktiv sein werde.<\/div>\n<div><img data-recalc-dims=\"1\" loading=\"lazy\" decoding=\"async\" class=\"size-medium wp-image-4249 aligncenter\" src=\"https:\/\/i0.wp.com\/faktor-bildung.de\/wp-content\/uploads\/2024\/12\/BEP-Fortbildung_Fahne.jpg?resize=153%2C300&#038;ssl=1\" alt=\"BEP-Fortbildung\" width=\"153\" height=\"300\" srcset=\"https:\/\/i0.wp.com\/faktor-bildung.de\/wp-content\/uploads\/2024\/12\/BEP-Fortbildung_Fahne.jpg?resize=153%2C300&amp;ssl=1 153w, https:\/\/i0.wp.com\/faktor-bildung.de\/wp-content\/uploads\/2024\/12\/BEP-Fortbildung_Fahne.jpg?resize=230%2C450&amp;ssl=1 230w, https:\/\/i0.wp.com\/faktor-bildung.de\/wp-content\/uploads\/2024\/12\/BEP-Fortbildung_Fahne.jpg?w=249&amp;ssl=1 249w\" sizes=\"auto, (max-width: 153px) 100vw, 153px\" \/><\/div>\n<div><\/div>\n<div>F\u00fcr Ausk\u00fcnfte, weitere Informationen und Anfragen: \u00fcber das <a href=\"https:\/\/faktor-bildung.de\/index.php\/kontakt\/\">Kontaktformular<\/a> oder per Mail tina@faktor-bildung.de<\/div>\n","protected":false},"excerpt":{"rendered":"<p>Meine erste BEP-Fortbildung 2024 war das Jahr, in dem ich mich mit zwei eigenen BEP-Fortbildungen mein Profil weiter gesch\u00e4rft habe. Die erste [&hellip;]<\/p>\n","protected":false},"author":1,"featured_media":0,"parent":0,"menu_order":0,"comment_status":"closed","ping_status":"closed","template":"","meta":{"footnotes":""},"class_list":["post-4243","page","type-page","status-publish","hentry"],"jetpack-related-posts":[],"jetpack_sharing_enabled":true,"_links":{"self":[{"href":"https:\/\/faktor-bildung.de\/index.php\/wp-json\/wp\/v2\/pages\/4243","targetHints":{"allow":["GET"]}}],"collection":[{"href":"https:\/\/faktor-bildung.de\/index.php\/wp-json\/wp\/v2\/pages"}],"about":[{"href":"https:\/\/faktor-bildung.de\/index.php\/wp-json\/wp\/v2\/types\/page"}],"author":[{"embeddable":true,"href":"https:\/\/faktor-bildung.de\/index.php\/wp-json\/wp\/v2\/users\/1"}],"replies":[{"embeddable":true,"href":"https:\/\/faktor-bildung.de\/index.php\/wp-json\/wp\/v2\/comments?post=4243"}],"version-history":[{"count":21,"href":"https:\/\/faktor-bildung.de\/index.php\/wp-json\/wp\/v2\/pages\/4243\/revisions"}],"predecessor-version":[{"id":4689,"href":"https:\/\/faktor-bildung.de\/index.php\/wp-json\/wp\/v2\/pages\/4243\/revisions\/4689"}],"wp:attachment":[{"href":"https:\/\/faktor-bildung.de\/index.php\/wp-json\/wp\/v2\/media?parent=4243"}],"curies":[{"name":"wp","href":"https:\/\/api.w.org\/{rel}","templated":true}]}}