{"id":4240,"date":"2024-12-29T19:01:32","date_gmt":"2024-12-29T19:01:32","guid":{"rendered":"https:\/\/faktor-bildung.de\/?page_id=4240"},"modified":"2025-01-03T17:15:54","modified_gmt":"2025-01-03T17:15:54","slug":"paedagogische-grundlagen","status":"publish","type":"page","link":"https:\/\/faktor-bildung.de\/index.php\/paedagogische-grundlagen\/","title":{"rendered":"P\u00e4dagogische Grundlagen"},"content":{"rendered":"<h3>Seminar: P\u00e4dagogische Grundlagen bei Faktor-Bildung!<\/h3>\n<p>Ich freue mich, mein neues Tagesseminar <em><strong>P\u00e4dagogische Grundlagen<\/strong><\/em> vorstellen zu k\u00f6nnen. Dieses Seminar richtet sich an alle, die sich mit den fundamentalen Aspekten der P\u00e4dagogik auseinandersetzen m\u00f6chten. Es bietet eine umfassende Einf\u00fchrung in die wichtigsten Themen der p\u00e4dagogischen Arbeit und ist sowohl f\u00fcr Neueinsteiger als auch f\u00fcr erfahrene Fachkr\u00e4fte geeignet.<\/p>\n<h4><img data-recalc-dims=\"1\" loading=\"lazy\" decoding=\"async\" class=\"size-medium wp-image-4332 alignleft\" src=\"https:\/\/i0.wp.com\/faktor-bildung.de\/wp-content\/uploads\/2025\/01\/Paedagogische_Grundlagen.jpg?resize=300%2C300&#038;ssl=1\" alt=\"P\u00e4dagogische Grundlagen\" width=\"300\" height=\"300\" srcset=\"https:\/\/i0.wp.com\/faktor-bildung.de\/wp-content\/uploads\/2025\/01\/Paedagogische_Grundlagen.jpg?resize=300%2C300&amp;ssl=1 300w, https:\/\/i0.wp.com\/faktor-bildung.de\/wp-content\/uploads\/2025\/01\/Paedagogische_Grundlagen.jpg?resize=1024%2C1024&amp;ssl=1 1024w, https:\/\/i0.wp.com\/faktor-bildung.de\/wp-content\/uploads\/2025\/01\/Paedagogische_Grundlagen.jpg?resize=150%2C150&amp;ssl=1 150w, https:\/\/i0.wp.com\/faktor-bildung.de\/wp-content\/uploads\/2025\/01\/Paedagogische_Grundlagen.jpg?resize=768%2C768&amp;ssl=1 768w, https:\/\/i0.wp.com\/faktor-bildung.de\/wp-content\/uploads\/2025\/01\/Paedagogische_Grundlagen.jpg?resize=1536%2C1536&amp;ssl=1 1536w, https:\/\/i0.wp.com\/faktor-bildung.de\/wp-content\/uploads\/2025\/01\/Paedagogische_Grundlagen.jpg?resize=1000%2C1000&amp;ssl=1 1000w, https:\/\/i0.wp.com\/faktor-bildung.de\/wp-content\/uploads\/2025\/01\/Paedagogische_Grundlagen.jpg?resize=230%2C230&amp;ssl=1 230w, https:\/\/i0.wp.com\/faktor-bildung.de\/wp-content\/uploads\/2025\/01\/Paedagogische_Grundlagen.jpg?resize=350%2C350&amp;ssl=1 350w, https:\/\/i0.wp.com\/faktor-bildung.de\/wp-content\/uploads\/2025\/01\/Paedagogische_Grundlagen.jpg?resize=480%2C480&amp;ssl=1 480w, https:\/\/i0.wp.com\/faktor-bildung.de\/wp-content\/uploads\/2025\/01\/Paedagogische_Grundlagen.jpg?w=2048&amp;ssl=1 2048w\" sizes=\"auto, (max-width: 300px) 100vw, 300px\" \/>Inhalte des Seminars<\/h4>\n<p>In meinemTagesseminar werden die folgenden p\u00e4dagogischen Grundlagen erl\u00e4utert und gemeinsam erarbeitet:<\/p>\n<ul>\n<li><strong>Bildung, Erziehung und Sozialisation:<\/strong>\u00a0Wir beleuchten die grundlegenden Konzepte und deren Bedeutung f\u00fcr die p\u00e4dagogische Praxis. Dabei wird der Zusammenhang zwischen Bildung, Erziehung und Sozialisation verdeutlicht und praxisnah vermittelt.<\/li>\n<li><strong>Bild vom Kind:<\/strong>\u00a0Ein zentrales Thema ist das Bild vom Kind. Wir diskutieren verschiedene Sichtweisen und deren Einfluss auf die p\u00e4dagogische Arbeit. Ziel ist es, ein reflektiertes und wertsch\u00e4tzendes Bild vom Kind zu entwickeln.<\/li>\n<li><strong>Kinderrechte:<\/strong> Die Rechte der Kinder stehen im Mittelpunkt unserer p\u00e4dagogischen Arbeit. Vermittelt werden die wichtigsten Kinderrechte und deren Umsetzung im p\u00e4dagogischen Alltag.<\/li>\n<li><strong>Unterst\u00fctzung von Lernprozessen:<\/strong>\u00a0Ein weiterer Schwerpunkt liegt auf der Unterst\u00fctzung von Lernprozessen. Wir erarbeiten gemeinsam Methoden und Strategien, um Kinder in ihrem Lernprozess bestm\u00f6glich zu begleiten und zu f\u00f6rdern.<\/li>\n<li><strong>Kommunikation:<\/strong> Effektive Kommunikation ist ein wesentlicher Bestandteil der p\u00e4dagogischen Arbeit. Wir vermitteln Techniken und Ans\u00e4tze f\u00fcr eine gelungene Kommunikation mit Kindern, Eltern und im Team.<\/li>\n<\/ul>\n<h4><img data-recalc-dims=\"1\" loading=\"lazy\" decoding=\"async\" class=\" wp-image-4330 alignright\" src=\"https:\/\/i0.wp.com\/faktor-bildung.de\/wp-content\/uploads\/2025\/01\/Kommunikationskompetent.jpg?resize=219%2C219&#038;ssl=1\" alt=\"Grundlagen Kommunikation P\u00e4dagogik\" width=\"219\" height=\"219\" srcset=\"https:\/\/i0.wp.com\/faktor-bildung.de\/wp-content\/uploads\/2025\/01\/Kommunikationskompetent.jpg?resize=300%2C300&amp;ssl=1 300w, https:\/\/i0.wp.com\/faktor-bildung.de\/wp-content\/uploads\/2025\/01\/Kommunikationskompetent.jpg?resize=1024%2C1024&amp;ssl=1 1024w, https:\/\/i0.wp.com\/faktor-bildung.de\/wp-content\/uploads\/2025\/01\/Kommunikationskompetent.jpg?resize=150%2C150&amp;ssl=1 150w, https:\/\/i0.wp.com\/faktor-bildung.de\/wp-content\/uploads\/2025\/01\/Kommunikationskompetent.jpg?resize=768%2C768&amp;ssl=1 768w, https:\/\/i0.wp.com\/faktor-bildung.de\/wp-content\/uploads\/2025\/01\/Kommunikationskompetent.jpg?resize=1536%2C1536&amp;ssl=1 1536w, https:\/\/i0.wp.com\/faktor-bildung.de\/wp-content\/uploads\/2025\/01\/Kommunikationskompetent.jpg?resize=1000%2C1000&amp;ssl=1 1000w, https:\/\/i0.wp.com\/faktor-bildung.de\/wp-content\/uploads\/2025\/01\/Kommunikationskompetent.jpg?resize=230%2C230&amp;ssl=1 230w, https:\/\/i0.wp.com\/faktor-bildung.de\/wp-content\/uploads\/2025\/01\/Kommunikationskompetent.jpg?resize=350%2C350&amp;ssl=1 350w, https:\/\/i0.wp.com\/faktor-bildung.de\/wp-content\/uploads\/2025\/01\/Kommunikationskompetent.jpg?resize=480%2C480&amp;ssl=1 480w, https:\/\/i0.wp.com\/faktor-bildung.de\/wp-content\/uploads\/2025\/01\/Kommunikationskompetent.jpg?w=2048&amp;ssl=1 2048w\" sizes=\"auto, (max-width: 219px) 100vw, 219px\" \/>Theoretische Grundlagen und praktische \u00dcbungen<\/h4>\n<p>Mein Seminar zeichnet sich durch eine ausgewogene Mischung aus theoretischen Grundlagen und praktischen \u00dcbungen aus. Die Teilnehmenden erhalten nicht nur fundiertes Wissen, sondern k\u00f6nnen dieses auch direkt in praktischen \u00dcbungen anwenden und vertiefen. Dies f\u00f6rdert ein nachhaltiges Lernen und eine direkte Umsetzung in den p\u00e4dagogischen Alltag.<\/p>\n<h4>Zielgruppe<\/h4>\n<p>Das Seminar richtet sich an:<\/p>\n<ul>\n<li>Junge Fachkr\u00e4fte in p\u00e4dagogischen Berufen, die sich weiterentwickeln m\u00f6chten<\/li>\n<li>Erfahrene Fachkr\u00e4fte, die ihr Wissen auffrischen m\u00f6chten<\/li>\n<li>P\u00e4dagoginnen und P\u00e4dagogen, die sich mit den Grundlagen in einem zeitgem\u00e4\u00dfen Werteverst\u00e4ndnis auseinandersetzen wollen<\/li>\n<li>Teilhabeassistenzen, die ihre p\u00e4dagogischen Kompetenzen erweitern wollen<\/li>\n<li>Quereinsteigende im sozialen und p\u00e4dagogischen Umfeld wiederfinden und das Wichtigste kompakt erarbeiten m\u00f6chten<\/li>\n<li>Alle, die sich f\u00fcr die Grundlagen der P\u00e4dagogik interessieren<\/li>\n<\/ul>\n<h4>Kooperation mit VFIMB e.V. in Gie\u00dfen<\/h4>\n<p>Bereits angeboten wird dieses Seminar in Zusammenarbeit mit meinem Kooperationspartner <a href=\"https:\/\/www.vfimb.de\/\" target=\"_blank\" rel=\"noopener\">VFIMB e.V.<\/a> in Gie\u00dfen. Der Verein erm\u00f6glicht es sowohl neu eingestellten Mitarbeitenden als auch erfahrenen Teilhabeassistenzen, sich intensiv mit den p\u00e4dagogischen Grundlagen auseinanderzusetzen. In dieser Kooperation konnten wir bereits sicherstellen, dass die Teilnehmenden von einer praxisnahen und fundierten Weiterbildung profitieren.<\/p>\n<p>Selbstverst\u00e4ndlich k\u00f6nnen alle anderen Interessierten dieses Seminar buchen, gerne k\u00f6nnen auch individuelle Aspekte, die beispielsweise innerhalb einer Einrichtung besonders wichtig sind oder von einem Tr\u00e4ger als elementar gesehen werden, akzentuiert bearbeitet werden.<\/p>\n<h4><img data-recalc-dims=\"1\" loading=\"lazy\" decoding=\"async\" class=\"size-medium wp-image-4331 alignleft\" src=\"https:\/\/i0.wp.com\/faktor-bildung.de\/wp-content\/uploads\/2025\/01\/Bildung.jpg?resize=212%2C300&#038;ssl=1\" alt=\"Bildung P\u00e4dagogische Grundlagen\" width=\"212\" height=\"300\" srcset=\"https:\/\/i0.wp.com\/faktor-bildung.de\/wp-content\/uploads\/2025\/01\/Bildung-scaled.jpg?resize=212%2C300&amp;ssl=1 212w, https:\/\/i0.wp.com\/faktor-bildung.de\/wp-content\/uploads\/2025\/01\/Bildung-scaled.jpg?resize=724%2C1024&amp;ssl=1 724w, https:\/\/i0.wp.com\/faktor-bildung.de\/wp-content\/uploads\/2025\/01\/Bildung-scaled.jpg?resize=768%2C1086&amp;ssl=1 768w, https:\/\/i0.wp.com\/faktor-bildung.de\/wp-content\/uploads\/2025\/01\/Bildung-scaled.jpg?resize=1086%2C1536&amp;ssl=1 1086w, https:\/\/i0.wp.com\/faktor-bildung.de\/wp-content\/uploads\/2025\/01\/Bildung-scaled.jpg?resize=1448%2C2048&amp;ssl=1 1448w, https:\/\/i0.wp.com\/faktor-bildung.de\/wp-content\/uploads\/2025\/01\/Bildung-scaled.jpg?resize=1000%2C1415&amp;ssl=1 1000w, https:\/\/i0.wp.com\/faktor-bildung.de\/wp-content\/uploads\/2025\/01\/Bildung-scaled.jpg?resize=230%2C325&amp;ssl=1 230w, https:\/\/i0.wp.com\/faktor-bildung.de\/wp-content\/uploads\/2025\/01\/Bildung-scaled.jpg?resize=350%2C495&amp;ssl=1 350w, https:\/\/i0.wp.com\/faktor-bildung.de\/wp-content\/uploads\/2025\/01\/Bildung-scaled.jpg?resize=480%2C679&amp;ssl=1 480w, https:\/\/i0.wp.com\/faktor-bildung.de\/wp-content\/uploads\/2025\/01\/Bildung-scaled.jpg?w=1810&amp;ssl=1 1810w\" sizes=\"auto, (max-width: 212px) 100vw, 212px\" \/><\/h4>\n<h4>Vorteile des Seminars<\/h4>\n<ul>\n<li><strong>Fundiertes Wissen:<\/strong>\u00a0Die Teilnehmenden erhalten eine umfassende Einf\u00fchrung in die wichtigsten p\u00e4dagogischen Grundlagen.<\/li>\n<li><strong>Praxisnahe Vermittlung:<\/strong>\u00a0Durch praktische \u00dcbungen wird das theoretische Wissen direkt angewendet und vertieft.<\/li>\n<li><strong>Individuelle Betreuung:<\/strong> Als erfahrene Fortbildnerin stehe ich den Teilnehmenden w\u00e4hrend des gesamten Seminars beratend zur Seite und beantworte gerne individuelle Fragen.<\/li>\n<\/ul>\n<h4>Anmeldung und weitere Informationen<\/h4>\n<p>Bei Interesse an meinem Seminar <em><strong>P\u00e4dagogische Grundlagen<\/strong><\/em> oder wenn weitere Informationen ben\u00f6tigt werden, stehe ich gerne zur Verf\u00fcgung. Ich freue mich \u00fcber jede Kontaktaufnahme \u00fcber das \u00a0<a href=\"https:\/\/faktor-bildung.de\/index.php\/kontakt\/\">Kontaktformular<\/a> oder per Mail tina@faktor-bildung.de. Sehr gerne k\u00f6nnen wir dann auch ein unverbindliches Beratungsgespr\u00e4ch zu vereinbaren.<\/p>\n<p>Ich freue mich auf alle k\u00fcnftigen Teilnehmenden in meinem Seminar und gemeinsam die Grundlagen der P\u00e4dagogik zu erarbeiten!<\/p>\n","protected":false},"excerpt":{"rendered":"<p>Seminar: P\u00e4dagogische Grundlagen bei Faktor-Bildung! Ich freue mich, mein neues Tagesseminar P\u00e4dagogische Grundlagen vorstellen zu k\u00f6nnen. Dieses Seminar richtet sich an alle, [&hellip;]<\/p>\n","protected":false},"author":1,"featured_media":0,"parent":0,"menu_order":0,"comment_status":"closed","ping_status":"closed","template":"","meta":{"footnotes":""},"class_list":["post-4240","page","type-page","status-publish","hentry"],"jetpack-related-posts":[],"jetpack_sharing_enabled":true,"_links":{"self":[{"href":"https:\/\/faktor-bildung.de\/index.php\/wp-json\/wp\/v2\/pages\/4240","targetHints":{"allow":["GET"]}}],"collection":[{"href":"https:\/\/faktor-bildung.de\/index.php\/wp-json\/wp\/v2\/pages"}],"about":[{"href":"https:\/\/faktor-bildung.de\/index.php\/wp-json\/wp\/v2\/types\/page"}],"author":[{"embeddable":true,"href":"https:\/\/faktor-bildung.de\/index.php\/wp-json\/wp\/v2\/users\/1"}],"replies":[{"embeddable":true,"href":"https:\/\/faktor-bildung.de\/index.php\/wp-json\/wp\/v2\/comments?post=4240"}],"version-history":[{"count":12,"href":"https:\/\/faktor-bildung.de\/index.php\/wp-json\/wp\/v2\/pages\/4240\/revisions"}],"predecessor-version":[{"id":4336,"href":"https:\/\/faktor-bildung.de\/index.php\/wp-json\/wp\/v2\/pages\/4240\/revisions\/4336"}],"wp:attachment":[{"href":"https:\/\/faktor-bildung.de\/index.php\/wp-json\/wp\/v2\/media?parent=4240"}],"curies":[{"name":"wp","href":"https:\/\/api.w.org\/{rel}","templated":true}]}}