{"id":4237,"date":"2024-12-29T19:00:12","date_gmt":"2024-12-29T19:00:12","guid":{"rendered":"https:\/\/faktor-bildung.de\/?page_id=4237"},"modified":"2025-01-03T16:48:14","modified_gmt":"2025-01-03T16:48:14","slug":"fachkraft","status":"publish","type":"page","link":"https:\/\/faktor-bildung.de\/index.php\/fachkraft\/","title":{"rendered":"Fachkraft sein &#8211; auf die Haltung kommt es an"},"content":{"rendered":"<h3>Seminar: Fachkraft sein &#8211; auf die Haltung kommt es an<\/h3>\n<p>Ich freue mich, meine dreit\u00e4gige Fortbildungsreihe <em><strong>Fachkraft sein &#8211; auf die Haltung kommt es an <\/strong><\/em>\u00a0vorzustellen. Diese Seminarreihe wurde urspr\u00fcnglich f\u00fcr meinen Kooperationspartner <a href=\"https:\/\/www.vfimb.de\/\" target=\"_blank\" rel=\"noopener\">VFIMB e.V. in Gie\u00dfen<\/a> entwickelt und richtet sich an alle, die in sozialen und p\u00e4dagogischen Berufen t\u00e4tig sind. Sie bietet eine wertvolle Gelegenheit, sich intensiv mit der eigenen beruflichen Haltung auseinanderzusetzen und diese weiterzuentwickeln.<img data-recalc-dims=\"1\" loading=\"lazy\" decoding=\"async\" class=\"alignright wp-image-4326 size-medium\" src=\"https:\/\/i0.wp.com\/faktor-bildung.de\/wp-content\/uploads\/2025\/01\/Auf_die_Haltung_kommt_es_an.jpg?resize=300%2C300&#038;ssl=1\" alt=\"Fachkraft\" width=\"300\" height=\"300\" srcset=\"https:\/\/i0.wp.com\/faktor-bildung.de\/wp-content\/uploads\/2025\/01\/Auf_die_Haltung_kommt_es_an.jpg?resize=300%2C300&amp;ssl=1 300w, https:\/\/i0.wp.com\/faktor-bildung.de\/wp-content\/uploads\/2025\/01\/Auf_die_Haltung_kommt_es_an.jpg?resize=1024%2C1024&amp;ssl=1 1024w, https:\/\/i0.wp.com\/faktor-bildung.de\/wp-content\/uploads\/2025\/01\/Auf_die_Haltung_kommt_es_an.jpg?resize=150%2C150&amp;ssl=1 150w, https:\/\/i0.wp.com\/faktor-bildung.de\/wp-content\/uploads\/2025\/01\/Auf_die_Haltung_kommt_es_an.jpg?resize=768%2C768&amp;ssl=1 768w, https:\/\/i0.wp.com\/faktor-bildung.de\/wp-content\/uploads\/2025\/01\/Auf_die_Haltung_kommt_es_an.jpg?resize=1536%2C1536&amp;ssl=1 1536w, https:\/\/i0.wp.com\/faktor-bildung.de\/wp-content\/uploads\/2025\/01\/Auf_die_Haltung_kommt_es_an.jpg?resize=1000%2C1000&amp;ssl=1 1000w, https:\/\/i0.wp.com\/faktor-bildung.de\/wp-content\/uploads\/2025\/01\/Auf_die_Haltung_kommt_es_an.jpg?resize=230%2C230&amp;ssl=1 230w, https:\/\/i0.wp.com\/faktor-bildung.de\/wp-content\/uploads\/2025\/01\/Auf_die_Haltung_kommt_es_an.jpg?resize=350%2C350&amp;ssl=1 350w, https:\/\/i0.wp.com\/faktor-bildung.de\/wp-content\/uploads\/2025\/01\/Auf_die_Haltung_kommt_es_an.jpg?resize=480%2C480&amp;ssl=1 480w, https:\/\/i0.wp.com\/faktor-bildung.de\/wp-content\/uploads\/2025\/01\/Auf_die_Haltung_kommt_es_an.jpg?w=2048&amp;ssl=1 2048w\" sizes=\"auto, (max-width: 300px) 100vw, 300px\" \/><\/p>\n<h4>Tag 1: Fachkraft sein<\/h4>\n<p>Am ersten Tag dieser Fortbildungsreihe steht die berufliche Identit\u00e4t im Mittelpunkt. Wir besch\u00e4ftigen uns intensiv mit dem Thema Rollenvielfalt und der Frage, was es bedeutet, eine Fachkraft zu sein. Die Teilnehmenden erhalten einen Praxisauftrag, der sie dazu anregt, ihre eigene berufliche Rolle und Identit\u00e4t zu reflektieren und zu hinterfragen. Dieser Auftrag dient als Grundlage f\u00fcr die weiteren Seminartage und erm\u00f6glicht eine praxisnahe Auseinandersetzung mit den Inhalten.<\/p>\n<h4>Tag 2: N\u00e4he und Distanz<\/h4>\n<p>Der zweite Tag widmet sich der Beziehungsgestaltung, insbesondere unter dem professionellen Aspekt. Wir besprechen die Beobachtungen aus dem Praxisauftrag des ersten Tages und er\u00f6rtern, wie N\u00e4he und Distanz in der p\u00e4dagogischen Arbeit gestaltet werden k\u00f6nnen. Auch an diesem Tag erhalten die Teilnehmenden einen Praxisauftrag, der sie dazu anregt, das Gelernte in ihrem beruflichen Alltag anzuwenden und zu vertiefen.<\/p>\n<h4>Tag 3: Resilienz<\/h4>\n<p>Am dritten Tag liegt der Fokus auf dem Thema Resilienz und dem Umgang mit Grenz\u00fcberschreitungen. Wir reflektieren den Praxisauftrag des zweiten Tages und erarbeiten gemeinsam Strategien, wie Fachkr\u00e4fte ihre eigene Resilienz st\u00e4rken und sich im beruflichen Umfeld gut f\u00fcr sich selbst und f\u00fcr andere sorgen k\u00f6nnen. Ziel ist es, nachhaltige Methoden zu entwickeln, die den Teilnehmenden helfen, auch in herausfordernden Situationen professionell und gesund zu bleiben.<\/p>\n<h4><img data-recalc-dims=\"1\" loading=\"lazy\" decoding=\"async\" class=\"size-medium wp-image-4328 alignleft\" src=\"https:\/\/i0.wp.com\/faktor-bildung.de\/wp-content\/uploads\/2025\/01\/Unbenanntes_Projekt.jpg?resize=300%2C300&#038;ssl=1\" alt=\"Fachkraft Entwicklung\" width=\"300\" height=\"300\" srcset=\"https:\/\/i0.wp.com\/faktor-bildung.de\/wp-content\/uploads\/2025\/01\/Unbenanntes_Projekt.jpg?resize=300%2C300&amp;ssl=1 300w, https:\/\/i0.wp.com\/faktor-bildung.de\/wp-content\/uploads\/2025\/01\/Unbenanntes_Projekt.jpg?resize=1024%2C1024&amp;ssl=1 1024w, https:\/\/i0.wp.com\/faktor-bildung.de\/wp-content\/uploads\/2025\/01\/Unbenanntes_Projekt.jpg?resize=150%2C150&amp;ssl=1 150w, https:\/\/i0.wp.com\/faktor-bildung.de\/wp-content\/uploads\/2025\/01\/Unbenanntes_Projekt.jpg?resize=768%2C768&amp;ssl=1 768w, https:\/\/i0.wp.com\/faktor-bildung.de\/wp-content\/uploads\/2025\/01\/Unbenanntes_Projekt.jpg?resize=1536%2C1536&amp;ssl=1 1536w, https:\/\/i0.wp.com\/faktor-bildung.de\/wp-content\/uploads\/2025\/01\/Unbenanntes_Projekt.jpg?resize=1000%2C1000&amp;ssl=1 1000w, https:\/\/i0.wp.com\/faktor-bildung.de\/wp-content\/uploads\/2025\/01\/Unbenanntes_Projekt.jpg?resize=230%2C230&amp;ssl=1 230w, https:\/\/i0.wp.com\/faktor-bildung.de\/wp-content\/uploads\/2025\/01\/Unbenanntes_Projekt.jpg?resize=350%2C350&amp;ssl=1 350w, https:\/\/i0.wp.com\/faktor-bildung.de\/wp-content\/uploads\/2025\/01\/Unbenanntes_Projekt.jpg?resize=480%2C480&amp;ssl=1 480w, https:\/\/i0.wp.com\/faktor-bildung.de\/wp-content\/uploads\/2025\/01\/Unbenanntes_Projekt.jpg?w=2048&amp;ssl=1 2048w\" sizes=\"auto, (max-width: 300px) 100vw, 300px\" \/>Praxisnahe und fundierte Weiterbildung<\/h4>\n<p>Diese Seminarreihe zeichnet sich durch eine ausgewogene Mischung aus theoretischen Grundlagen und praktischen \u00dcbungen aus. Die Teilnehmenden erhalten nicht nur fundiertes Wissen, sondern k\u00f6nnen dieses auch direkt in praktischen \u00dcbungen anwenden, f\u00fcr sich selbst erproben und vertiefen. Dies f\u00f6rdert ein nachhaltiges Lernen und eine direkte Umsetzung in den beruflichen Alltag.<\/p>\n<h4>Kooperation mit VFIMB e.V. in Gie\u00dfen<\/h4>\n<p>Diese Fortbildungsreihe wurde in enger Zusammenarbeit mit meinem Kooperationspartner VFIMB e.V. in Gie\u00dfen entwickelt. Der Verein erm\u00f6glicht es sowohl neu eingestellten Mitarbeitenden als auch erfahrenen Teilhabeassistenzen, sich intensiv mit ihrer eigenen Haltung auseinanderzusetzen. Durch diese Kooperation k\u00f6nnen wir sicherstellen, dass die Teilnehmenden von einer praxisnahen und fundierten Weiterbildung profitieren.<\/p>\n<h4><img data-recalc-dims=\"1\" loading=\"lazy\" decoding=\"async\" class=\"size-medium wp-image-4327 alignright\" src=\"https:\/\/i0.wp.com\/faktor-bildung.de\/wp-content\/uploads\/2025\/01\/Ziel.jpg?resize=210%2C300&#038;ssl=1\" alt=\"Fachkraft Ziel\" width=\"210\" height=\"300\" srcset=\"https:\/\/i0.wp.com\/faktor-bildung.de\/wp-content\/uploads\/2025\/01\/Ziel.jpg?resize=210%2C300&amp;ssl=1 210w, https:\/\/i0.wp.com\/faktor-bildung.de\/wp-content\/uploads\/2025\/01\/Ziel.jpg?resize=715%2C1024&amp;ssl=1 715w, https:\/\/i0.wp.com\/faktor-bildung.de\/wp-content\/uploads\/2025\/01\/Ziel.jpg?resize=768%2C1100&amp;ssl=1 768w, https:\/\/i0.wp.com\/faktor-bildung.de\/wp-content\/uploads\/2025\/01\/Ziel.jpg?resize=1073%2C1536&amp;ssl=1 1073w, https:\/\/i0.wp.com\/faktor-bildung.de\/wp-content\/uploads\/2025\/01\/Ziel.jpg?resize=1431%2C2048&amp;ssl=1 1431w, https:\/\/i0.wp.com\/faktor-bildung.de\/wp-content\/uploads\/2025\/01\/Ziel.jpg?resize=1000%2C1432&amp;ssl=1 1000w, https:\/\/i0.wp.com\/faktor-bildung.de\/wp-content\/uploads\/2025\/01\/Ziel.jpg?resize=230%2C329&amp;ssl=1 230w, https:\/\/i0.wp.com\/faktor-bildung.de\/wp-content\/uploads\/2025\/01\/Ziel.jpg?resize=350%2C501&amp;ssl=1 350w, https:\/\/i0.wp.com\/faktor-bildung.de\/wp-content\/uploads\/2025\/01\/Ziel.jpg?resize=480%2C687&amp;ssl=1 480w, https:\/\/i0.wp.com\/faktor-bildung.de\/wp-content\/uploads\/2025\/01\/Ziel.jpg?w=1668&amp;ssl=1 1668w\" sizes=\"auto, (max-width: 210px) 100vw, 210px\" \/>Zielgruppe<\/h4>\n<p>Das Seminar richtet sich an:<\/p>\n<ul>\n<li>Junge Fachkr\u00e4fte in sozialen und p\u00e4dagogischen Berufen<\/li>\n<li>Erfahrene Fachkr\u00e4fte, die ihre Haltung reflektieren und weiterentwickeln m\u00f6chten<\/li>\n<li>P\u00e4dagogen und P\u00e4dagoginnen, Teilhabeassistenzen, die ihre beruflichen Kompetenzen erweitern wollen<\/li>\n<li>Quereinsteigende, die von Anfang an gut f\u00fcr sich und andere sorgen wollen<\/li>\n<li>Alle, die sich f\u00fcr die Grundlagen der professionellen Haltung interessieren<\/li>\n<\/ul>\n<h4>Vorteile der Fortbildungsreihe<\/h4>\n<ul>\n<li><strong>Fundiertes Wissen:<\/strong>\u00a0Die Teilnehmenden erhalten eine umfassende Einf\u00fchrung in die wichtigsten Aspekte der beruflichen Haltung.<\/li>\n<li><strong>Praxisnahe Vermittlung:<\/strong>\u00a0Durch praktische \u00dcbungen wird das theoretische Wissen direkt angewendet und vertieft.<\/li>\n<li><strong>Individuelle Betreuung:<\/strong>\u00a0Unsere erfahrenen Dozent*innen stehen den Teilnehmenden w\u00e4hrend der gesamten Fortbildungsreihe beratend zur Seite.<\/li>\n<li><strong>Kooperation mit VFIMB e.V.:<\/strong>\u00a0Durch die Zusammenarbeit mit VFIMB e.V. profitieren die Teilnehmenden von einem breiten Netzwerk und zus\u00e4tzlichen Ressourcen.<\/li>\n<\/ul>\n<h4>Anmeldung und weitere Informationen<\/h4>\n<p>Interesse an meiner Fortbildungsreihe <em><strong>Fachkraft sein &#8211; auf die Haltung kommt es an<\/strong><\/em>? Ich stehe sehr gern f\u00fcr weitere Informationen zur Verf\u00fcgung. Einfach \u00fcber das <a href=\"https:\/\/faktor-bildung.de\/index.php\/kontakt\/\">Kontaktformular<\/a> oder per Mail tina(a)faktor-bildung.de auf mich zukommen, dann k\u00f6nnen wir gerne erste Fragen besprechen oder ein unverbindliches Beratungsgespr\u00e4ch zu vereinbaren.<\/p>\n<p>Ich freue mich darauf, Euch in meiner Fortbildungsreihe begr\u00fc\u00dfen zu d\u00fcrfen und gemeinsam an der beruflichen Haltung zu arbeiten!<\/p>\n","protected":false},"excerpt":{"rendered":"<p>Seminar: Fachkraft sein &#8211; auf die Haltung kommt es an Ich freue mich, meine dreit\u00e4gige Fortbildungsreihe Fachkraft sein &#8211; auf die Haltung [&hellip;]<\/p>\n","protected":false},"author":1,"featured_media":0,"parent":0,"menu_order":0,"comment_status":"closed","ping_status":"closed","template":"","meta":{"footnotes":""},"class_list":["post-4237","page","type-page","status-publish","hentry"],"jetpack-related-posts":[],"jetpack_sharing_enabled":true,"_links":{"self":[{"href":"https:\/\/faktor-bildung.de\/index.php\/wp-json\/wp\/v2\/pages\/4237","targetHints":{"allow":["GET"]}}],"collection":[{"href":"https:\/\/faktor-bildung.de\/index.php\/wp-json\/wp\/v2\/pages"}],"about":[{"href":"https:\/\/faktor-bildung.de\/index.php\/wp-json\/wp\/v2\/types\/page"}],"author":[{"embeddable":true,"href":"https:\/\/faktor-bildung.de\/index.php\/wp-json\/wp\/v2\/users\/1"}],"replies":[{"embeddable":true,"href":"https:\/\/faktor-bildung.de\/index.php\/wp-json\/wp\/v2\/comments?post=4237"}],"version-history":[{"count":7,"href":"https:\/\/faktor-bildung.de\/index.php\/wp-json\/wp\/v2\/pages\/4237\/revisions"}],"predecessor-version":[{"id":4329,"href":"https:\/\/faktor-bildung.de\/index.php\/wp-json\/wp\/v2\/pages\/4237\/revisions\/4329"}],"wp:attachment":[{"href":"https:\/\/faktor-bildung.de\/index.php\/wp-json\/wp\/v2\/media?parent=4237"}],"curies":[{"name":"wp","href":"https:\/\/api.w.org\/{rel}","templated":true}]}}