{"id":4227,"date":"2024-12-30T17:32:45","date_gmt":"2024-12-30T17:32:45","guid":{"rendered":"https:\/\/faktor-bildung.de\/?page_id=4227"},"modified":"2025-04-10T19:25:23","modified_gmt":"2025-04-10T19:25:23","slug":"fachberatung","status":"publish","type":"page","link":"https:\/\/faktor-bildung.de\/index.php\/fachberatung\/","title":{"rendered":"Fachberatung &#8211; neu seit 2025"},"content":{"rendered":"<h3>Freiberufliche BEP- und Schwerpunkt-Kita-Fachberatung: Neu im Angebot von Faktor-Bildung!<\/h3>\n<p>Ich freue mich, dass es wieder eine spannende Neuerung im Angebot von Faktor-Bildung vorzustellen gibt: Ab sofort biete ich freiberufliche Fachberatung f\u00fcr den <a href=\"https:\/\/bep.hessen.de\/\" target=\"_blank\" rel=\"noopener\">Bildungs- und Erziehungsplan (BEP)<\/a> sowie f\u00fcr<a href=\"https:\/\/rp-kassel.hessen.de\/soziales\/kindertagesbetreuung\/fachberatung-schwerpunkt-kitas\" target=\"_blank\" rel=\"noopener\"> Schwerpunkt-Kitas<\/a> an. Diese wichtige Dienstleistung richtet sich an Kindertagesst\u00e4tten, die ihre p\u00e4dagogische Arbeit kontinuierlich weiter professionalisieren und optimieren m\u00f6chten. In der Regel bieten gro\u00dfe Tr\u00e4ger oder kommunale Fachberatungsstellen oder die entsprechenden Ansprechpartner beim Landratsamt an. Als individuelle Ansprechpartnerin kann ich in der Fachberatung innovativ und ma\u00dfgeschneidert die Kindertagesst\u00e4tten begleiten.<\/p>\n<h4>Erste Kooperation als Fachberatung mit der Gemeinde Sch\u00f6ffengrund<\/h4>\n<p>Ich bin sehr stolz darauf, dass die<a href=\"https:\/\/www.schoeffengrund.de\/\" target=\"_blank\" rel=\"noopener\"> Gemeinde Sch\u00f6ffengrund<\/a> als erste bereits ab dem ersten Quartal 2025 von meiner neuen Fachberatung profitiert. Diese Kooperation markiert den Beginn einer vielversprechenden Zusammenarbeit, die darauf abzielt, die Qualit\u00e4t der fr\u00fchkindlichen Bildung in der Region nachhaltig zu verbessern. Mein Ziel ist es, die Leitungen und Fachkr\u00e4fte darin zu unterst\u00fctzen, im Alltag mit den Kindern, die ihnen anvertraut sind, den BEP wiederzufinden und bestm\u00f6glich umzusetzen. Die ersten Termine haben bereits stattgefunden &#8211; und alle Beteiligten waren sehr zufrieden.<\/p>\n<p>Wie wir zueinander gefunden haben, war fast schon schicksalshaft. Wer mehr wissen mag, kann gern in meinem virtuellen <a href=\"https:\/\/faktor-bildung.de\/index.php\/naehkaestchen\/\">N\u00e4hk\u00e4stchen<\/a> nachlesen&#8230;<\/p>\n<h4>Qualifizierung und Verf\u00fcgbarkeit<\/h4>\n<p><img data-recalc-dims=\"1\" loading=\"lazy\" decoding=\"async\" class=\" wp-image-1554 alignright\" src=\"https:\/\/i0.wp.com\/faktor-bildung.de\/wp-content\/uploads\/2022\/07\/vubbe.jpg?resize=202%2C202&#038;ssl=1\" alt=\"Qualifizierung Fachberatung\" width=\"202\" height=\"202\" srcset=\"https:\/\/i0.wp.com\/faktor-bildung.de\/wp-content\/uploads\/2022\/07\/vubbe.jpg?resize=300%2C300&amp;ssl=1 300w, https:\/\/i0.wp.com\/faktor-bildung.de\/wp-content\/uploads\/2022\/07\/vubbe.jpg?resize=1024%2C1024&amp;ssl=1 1024w, https:\/\/i0.wp.com\/faktor-bildung.de\/wp-content\/uploads\/2022\/07\/vubbe.jpg?resize=150%2C150&amp;ssl=1 150w, https:\/\/i0.wp.com\/faktor-bildung.de\/wp-content\/uploads\/2022\/07\/vubbe.jpg?resize=768%2C768&amp;ssl=1 768w, https:\/\/i0.wp.com\/faktor-bildung.de\/wp-content\/uploads\/2022\/07\/vubbe.jpg?resize=1536%2C1536&amp;ssl=1 1536w, https:\/\/i0.wp.com\/faktor-bildung.de\/wp-content\/uploads\/2022\/07\/vubbe.jpg?resize=920%2C920&amp;ssl=1 920w, https:\/\/i0.wp.com\/faktor-bildung.de\/wp-content\/uploads\/2022\/07\/vubbe.jpg?resize=230%2C230&amp;ssl=1 230w, https:\/\/i0.wp.com\/faktor-bildung.de\/wp-content\/uploads\/2022\/07\/vubbe.jpg?resize=350%2C350&amp;ssl=1 350w, https:\/\/i0.wp.com\/faktor-bildung.de\/wp-content\/uploads\/2022\/07\/vubbe.jpg?resize=480%2C480&amp;ssl=1 480w, https:\/\/i0.wp.com\/faktor-bildung.de\/wp-content\/uploads\/2022\/07\/vubbe.jpg?w=2048&amp;ssl=1 2048w\" sizes=\"auto, (max-width: 202px) 100vw, 202px\" \/>Seit Dezember 2024 befinde ich mich in der <a href=\"https:\/\/rp-kassel.hessen.de\/soziales\/kindertagesbetreuung\/fachberatung-zum-hessischen-bildungs-und-erziehungsplan-bep\" target=\"_blank\" rel=\"noopener\">erforderlichen Qualifizierung<\/a>, die im ersten Quartal 2025 abgeschlossen sein wird. Nach erfolgreichem Abschluss dieser Weiterbildung stehe ich auch anderen Einrichtungen als freiberufliche BEP- und Schwerpunkt-Kita-Fachberaterin zur Verf\u00fcgung. Diese Qualifizierung stellt sicher, dass ich \u00fcber das notwendige Fachwissen und die Kompetenzen verf\u00fcge, um Einrichtungen fundiert und praxisnah zu beraten. Auch meine langj\u00e4hrige Berufserfahrung und die Impulse aus meinem Studium sowie aus meinen Fortbildungen stelle ich dabei gerne zur Verf\u00fcgung.<\/p>\n<h4>Grundlagen der Fachberatung<\/h4>\n<p>Die Basis meiner Fachberatung bildet der Bildungs- und Erziehungsplan (BEP) des Landes Hessen. Dieser Plan setzt die gesetzlichen Vorgaben um und bietet einen Rahmen f\u00fcr die p\u00e4dagogische Arbeit in Kindertagesst\u00e4tten. Dar\u00fcber hinaus flie\u00dfen Erkenntnisse aus meiner bew\u00e4hrten Praxis als Fortbildnerin, unter anderem mit eigener <a href=\"https:\/\/faktor-bildung.de\/index.php\/bep-fortbildungen\/\">BEP-Fortbildung seit 2024<\/a>, mit in den Beratungsprozess ein.\u00a0 Gerade in diesem Umfeld ist es wichtig, sich auch selbst weiter zu qualifzieren, aktuelle Entwicklungen und\u00a0 Forschungsergebnisse zu verfolgen. All dies bringe ich in meine Beratung ein. Diese Elemente gew\u00e4hrleisten, dass die Beratung stets auf dem neuesten Stand der p\u00e4dagogischen Forschung und Praxis basiert.<\/p>\n<h4><strong>Einige Worte zur Qualit\u00e4tspauschale<\/strong><\/h4>\n<p>Die <a href=\"https:\/\/bep.hessen.de\/grundlagen\/rechtsgrundlagen\" target=\"_blank\" rel=\"noopener\">Qualit\u00e4tspauschale<\/a> ist ein finanzieller Anreiz, der vom Land Hessen bereitgestellt wird, um die Qualit\u00e4t in Kindertagesst\u00e4tten zu f\u00f6rdern. Einrichtungen, die bestimmte Qualit\u00e4tskriterien erf\u00fcllen, k\u00f6nnen diese Pauschale beantragen und erhalten zus\u00e4tzliche Mittel zur Verbesserung ihrer p\u00e4dagogischen Arbeit. Dies kann beispielsweise f\u00fcr Fortbildungen, zus\u00e4tzliche Materialien oder die Umsetzung spezieller p\u00e4dagogischer Projekte genutzt werden. Eine kontinuierliche Fachberatung durch eine qualifizierte Fachkraft wie mich ist ein Baustein, damit die Einrichtungen die Qualit\u00e4tspauschale erhalten k\u00f6nnen. Dar\u00fcberhinaus unterst\u00fctze ich Einrichtungen durch die Einbindung der Qualit\u00e4tspauschale in meine Beratung dabei, diese Mittel effektiv zu nutzen und ihre p\u00e4dagogische Qualit\u00e4t nachhaltig zu steigern.<\/p>\n<h4>Was bedeutet BEP-Fachberatung und\/oder Schwerpunkt-Kita-Fachberatung f\u00fcr Einrichtungen?<\/h4>\n<p>Durch die Inanspruchnahme meiner freiberuflichen Fachberatung k\u00f6nnen Kindertagesst\u00e4tten ihre p\u00e4dagogischen Konzepte weiterentwickeln und an die aktuellen Anforderungen des Alltages anpassen. Dies umfasst unter anderem die Implementierung des BEP, die Entwicklung von Schwerpunkt-Kitas sowie die Optimierung der p\u00e4dagogischen Qualit\u00e4t durch gezielte Ma\u00dfnahmen und Fortbildungen.<\/p>\n<h4>Vorteile der Fachberatung<\/h4>\n<ul>\n<li><strong>Individuelle Beratung:<\/strong>\u00a0Jede Einrichtung erh\u00e4lt eine ma\u00dfgeschneiderte Beratung, die auf ihre spezifischen Bed\u00fcrfnisse und Herausforderungen eingeht.<\/li>\n<li><strong>Praxisnahe Unterst\u00fctzung:<\/strong>\u00a0Die Beratung erfolgt praxisnah und orientiert sich an den realen Bedingungen und Anforderungen der Einrichtungen.<\/li>\n<li><strong>Aktuelle Fachkenntnisse:<\/strong>\u00a0Durch kontinuierliche Weiterbildung und Qualifizierung stelle ich sicher, dass meine Beratung stets auf dem neuesten Stand ist.<\/li>\n<li><strong>Nachhaltige Qualit\u00e4tsentwicklung:<\/strong>\u00a0Ziel der Beratung ist es, die p\u00e4dagogische Qualit\u00e4t nachhaltig zu verbessern und die Einrichtungen in ihrer Weiterentwicklung zu unterst\u00fctzen.<\/li>\n<\/ul>\n<h4>Kontakt und weitere Informationen<\/h4>\n<p><img data-recalc-dims=\"1\" loading=\"lazy\" decoding=\"async\" class=\"size-full wp-image-3158 alignright\" src=\"https:\/\/i0.wp.com\/faktor-bildung.de\/wp-content\/uploads\/2024\/02\/mail.png?resize=130%2C115&#038;ssl=1\" alt=\"Fachberatung\" width=\"130\" height=\"115\" \/>Interesse an einer freiberuflichen BEP- und Schwerpunkt-Kita-Fachberatung? Oder an weiteren Informationen? Gern stehe ich Ihnen zur Verf\u00fcgung. Am besten erreicht man mich per Mail an tina(a)faktor-bildung.de, das Kontaktformular auf meiner Webseite oder telefonisch, um ein unverbindliches Beratungsgespr\u00e4ch zu vereinbaren.<\/p>\n<p>Ich freue mich darauf, gemeinsam mit neuen Kooperationspartnern die Qualit\u00e4t der fr\u00fchkindlichen Bildung zu f\u00f6rdern und weiterzuentwickeln!<\/p>\n<p>&nbsp;<\/p>\n","protected":false},"excerpt":{"rendered":"<p>Freiberufliche BEP- und Schwerpunkt-Kita-Fachberatung: Neu im Angebot von Faktor-Bildung! Ich freue mich, dass es wieder eine spannende Neuerung im Angebot von Faktor-Bildung [&hellip;]<\/p>\n","protected":false},"author":1,"featured_media":0,"parent":0,"menu_order":0,"comment_status":"closed","ping_status":"closed","template":"","meta":{"footnotes":""},"class_list":["post-4227","page","type-page","status-publish","hentry"],"jetpack-related-posts":[],"jetpack_sharing_enabled":true,"_links":{"self":[{"href":"https:\/\/faktor-bildung.de\/index.php\/wp-json\/wp\/v2\/pages\/4227","targetHints":{"allow":["GET"]}}],"collection":[{"href":"https:\/\/faktor-bildung.de\/index.php\/wp-json\/wp\/v2\/pages"}],"about":[{"href":"https:\/\/faktor-bildung.de\/index.php\/wp-json\/wp\/v2\/types\/page"}],"author":[{"embeddable":true,"href":"https:\/\/faktor-bildung.de\/index.php\/wp-json\/wp\/v2\/users\/1"}],"replies":[{"embeddable":true,"href":"https:\/\/faktor-bildung.de\/index.php\/wp-json\/wp\/v2\/comments?post=4227"}],"version-history":[{"count":11,"href":"https:\/\/faktor-bildung.de\/index.php\/wp-json\/wp\/v2\/pages\/4227\/revisions"}],"predecessor-version":[{"id":4688,"href":"https:\/\/faktor-bildung.de\/index.php\/wp-json\/wp\/v2\/pages\/4227\/revisions\/4688"}],"wp:attachment":[{"href":"https:\/\/faktor-bildung.de\/index.php\/wp-json\/wp\/v2\/media?parent=4227"}],"curies":[{"name":"wp","href":"https:\/\/api.w.org\/{rel}","templated":true}]}}