{"id":383,"date":"2021-11-28T17:22:28","date_gmt":"2021-11-28T17:22:28","guid":{"rendered":"https:\/\/faktor-bildung.de\/?page_id=383"},"modified":"2024-11-30T12:36:02","modified_gmt":"2024-11-30T12:36:02","slug":"neues","status":"publish","type":"page","link":"https:\/\/faktor-bildung.de\/index.php\/neues\/","title":{"rendered":"Neues"},"content":{"rendered":"<p><img data-recalc-dims=\"1\" loading=\"lazy\" decoding=\"async\" class=\"wp-image-376 size-full alignright\" src=\"https:\/\/i0.wp.com\/faktor-bildung.de\/wp-content\/uploads\/2021\/11\/aufzaehlung.png?resize=240%2C178&#038;ssl=1\" alt=\"Neues von Faktor-Bildung!\" width=\"240\" height=\"178\" srcset=\"https:\/\/i0.wp.com\/faktor-bildung.de\/wp-content\/uploads\/2021\/11\/aufzaehlung.png?w=240&amp;ssl=1 240w, https:\/\/i0.wp.com\/faktor-bildung.de\/wp-content\/uploads\/2021\/11\/aufzaehlung.png?resize=230%2C171&amp;ssl=1 230w\" sizes=\"auto, (max-width: 240px) 100vw, 240px\" \/><\/p>\n<h4>Neues von Faktor-Bildung!<\/h4>\n<p>Sporadisch gibt es immer mal wieder etwas neues zu lesen. [Sporadisch deswegen, weil es nicht immer etwas neues zu vermelden gibt und ich hier nicht zwanghaft jede Woche etwas posten m\u00f6chte, nur um Content zu kreieren. Wenn ich etwas zu sagen habe, mach ich das, wenn nicht, dann eben nicht&#8230; Ich bin kein Nachrichtendienst, kein Influencer oder \u00e4hnliches.]<\/p>\n<p>Auf dieser Seite werdet ihr Informationen finden, die allgemein sind, die Faktor-Bildung! als Ganzes betreffen oder die ich f\u00fcr erw\u00e4hnenswert halte. Wenn Ihr das obere Men\u00fc \u00f6ffnet, seht ihr, welche neuen Beitr\u00e4ge ihr finden k\u00f6nnt.<\/p>\n<p><img data-recalc-dims=\"1\" loading=\"lazy\" decoding=\"async\" class=\"size-medium wp-image-322 alignnone\" src=\"https:\/\/i0.wp.com\/faktor-bildung.de\/wp-content\/uploads\/2021\/11\/regenbogen_camping.jpeg?resize=300%2C98&#038;ssl=1\" alt=\"neu\" width=\"300\" height=\"98\" srcset=\"https:\/\/i0.wp.com\/faktor-bildung.de\/wp-content\/uploads\/2021\/11\/regenbogen_camping.jpeg?resize=300%2C98&amp;ssl=1 300w, https:\/\/i0.wp.com\/faktor-bildung.de\/wp-content\/uploads\/2021\/11\/regenbogen_camping.jpeg?resize=1024%2C336&amp;ssl=1 1024w, https:\/\/i0.wp.com\/faktor-bildung.de\/wp-content\/uploads\/2021\/11\/regenbogen_camping.jpeg?resize=768%2C252&amp;ssl=1 768w, https:\/\/i0.wp.com\/faktor-bildung.de\/wp-content\/uploads\/2021\/11\/regenbogen_camping.jpeg?resize=1536%2C504&amp;ssl=1 1536w, https:\/\/i0.wp.com\/faktor-bildung.de\/wp-content\/uploads\/2021\/11\/regenbogen_camping.jpeg?resize=920%2C302&amp;ssl=1 920w, https:\/\/i0.wp.com\/faktor-bildung.de\/wp-content\/uploads\/2021\/11\/regenbogen_camping.jpeg?resize=230%2C75&amp;ssl=1 230w, https:\/\/i0.wp.com\/faktor-bildung.de\/wp-content\/uploads\/2021\/11\/regenbogen_camping.jpeg?resize=350%2C115&amp;ssl=1 350w, https:\/\/i0.wp.com\/faktor-bildung.de\/wp-content\/uploads\/2021\/11\/regenbogen_camping.jpeg?resize=480%2C158&amp;ssl=1 480w, https:\/\/i0.wp.com\/faktor-bildung.de\/wp-content\/uploads\/2021\/11\/regenbogen_camping.jpeg?w=2048&amp;ssl=1 2048w\" sizes=\"auto, (max-width: 300px) 100vw, 300px\" \/><\/p>\n<p>Insgesamt findet ihr hier Dinge wie neues aus Presse und Social Media &#8211; oder andere Dinge, die ich gern mit Euch teilen m\u00f6chte.<\/p>\n<p>&nbsp;<\/p>\n<h2>Aktuelles<\/h2>\n<h3>season&#8217;s greetings 2024<\/h3>\n<p>Ende November ging die erste Weihnachtspost von Faktor-Bildung! auf die Reise. Ich freue mich sehr, dass in diesem Jahr spannende Partnerschaften entwickelt werden konnten, die mich schon ein ganzes St\u00fcck weit stolz machen, was ich mit meinem kleinen Unternehmen auf die Beine stellen konnte.\u00a0 Und weil ich es sehr wichtig finde, dass Freude und Erfolg geteilt werden, habe ich [statt meinen Gesch\u00e4ftspartnern eine Kleinigkeit zu schenken] Geld an eine sehr wichtige Initiative gespendet, \u00fcber die ich in meinem Bachelorstudium schon gestolpert bin: <a href=\"https:\/\/www.armut-gesundheit.de\/\" target=\"_blank\" rel=\"noopener\">&#8222;Armut und Gesundheit in Deutschland e.V.&#8220;<\/a> &#8211; Prof. Dr. Gerhard Trabert (ehemals Lehrender an der Hochschule RheinMain) initiierte in Mainz eine Ambulanz ohne Grenzen und ein Arztmobil, das Wohnungslosen und Menschen, die keine (ausreichende) Krankenversicherung haben. Ich denke, hier ist jeder Euro gut aufgehoben.<\/p>\n<p>&nbsp;<\/p>\n<h3>Wiedergefunden: Meine Ausgaben von &#8222;Hand in Hand&#8220;, der Elternzeitschrift!<\/h3>\n<p>Hier ist die digitale Version der Elternzeitschrift &#8222;Hand in Hand&#8220; die ich in meiner Zeit als Kita-Koordinatorin bei Lahn-Kinderkrippen e. V. geschrieben habe, die noch auf der Internetseite des Tr\u00e4gers, bei dem ich viele spannende Erfahrungen machen durfte, zu finden sind.<\/p>\n<p>Ausgabe 10: <a href=\"https:\/\/www.lahn-kinderkrippen.de\/fileadmin\/user_upload\/10_Kranke_Kinder.pdf\" target=\"_blank\" rel=\"noopener\">&#8222;Kranke Kinder&#8220;<\/a><\/p>\n<p><img data-recalc-dims=\"1\" loading=\"lazy\" decoding=\"async\" class=\"alignnone size-medium wp-image-3113\" src=\"https:\/\/i0.wp.com\/faktor-bildung.de\/wp-content\/uploads\/2024\/02\/krank_1.png?resize=300%2C212&#038;ssl=1\" alt=\"\" width=\"300\" height=\"212\" srcset=\"https:\/\/i0.wp.com\/faktor-bildung.de\/wp-content\/uploads\/2024\/02\/krank_1.png?resize=300%2C212&amp;ssl=1 300w, https:\/\/i0.wp.com\/faktor-bildung.de\/wp-content\/uploads\/2024\/02\/krank_1.png?resize=768%2C542&amp;ssl=1 768w, https:\/\/i0.wp.com\/faktor-bildung.de\/wp-content\/uploads\/2024\/02\/krank_1.png?resize=230%2C162&amp;ssl=1 230w, https:\/\/i0.wp.com\/faktor-bildung.de\/wp-content\/uploads\/2024\/02\/krank_1.png?resize=350%2C247&amp;ssl=1 350w, https:\/\/i0.wp.com\/faktor-bildung.de\/wp-content\/uploads\/2024\/02\/krank_1.png?resize=480%2C338&amp;ssl=1 480w, https:\/\/i0.wp.com\/faktor-bildung.de\/wp-content\/uploads\/2024\/02\/krank_1.png?w=953&amp;ssl=1 953w\" sizes=\"auto, (max-width: 300px) 100vw, 300px\" \/><img data-recalc-dims=\"1\" loading=\"lazy\" decoding=\"async\" class=\"alignnone size-medium wp-image-3112\" src=\"https:\/\/i0.wp.com\/faktor-bildung.de\/wp-content\/uploads\/2024\/02\/krank_2.png?resize=300%2C210&#038;ssl=1\" alt=\"\" width=\"300\" height=\"210\" srcset=\"https:\/\/i0.wp.com\/faktor-bildung.de\/wp-content\/uploads\/2024\/02\/krank_2.png?resize=300%2C210&amp;ssl=1 300w, https:\/\/i0.wp.com\/faktor-bildung.de\/wp-content\/uploads\/2024\/02\/krank_2.png?resize=768%2C537&amp;ssl=1 768w, https:\/\/i0.wp.com\/faktor-bildung.de\/wp-content\/uploads\/2024\/02\/krank_2.png?resize=230%2C161&amp;ssl=1 230w, https:\/\/i0.wp.com\/faktor-bildung.de\/wp-content\/uploads\/2024\/02\/krank_2.png?resize=350%2C245&amp;ssl=1 350w, https:\/\/i0.wp.com\/faktor-bildung.de\/wp-content\/uploads\/2024\/02\/krank_2.png?resize=480%2C336&amp;ssl=1 480w, https:\/\/i0.wp.com\/faktor-bildung.de\/wp-content\/uploads\/2024\/02\/krank_2.png?w=947&amp;ssl=1 947w\" sizes=\"auto, (max-width: 300px) 100vw, 300px\" \/><\/p>\n<p>Ausgabe 15: <a href=\"https:\/\/www.lahn-kinderkrippen.de\/fileadmin\/user_upload\/15_Familienzuwachs.pdf\" target=\"_blank\" rel=\"noopener\">&#8222;Familienzuwachs&#8220;<\/a><\/p>\n<p><img data-recalc-dims=\"1\" loading=\"lazy\" decoding=\"async\" class=\"alignnone size-medium wp-image-3111\" src=\"https:\/\/i0.wp.com\/faktor-bildung.de\/wp-content\/uploads\/2024\/02\/zuwachs_1.png?resize=300%2C213&#038;ssl=1\" alt=\"\" width=\"300\" height=\"213\" srcset=\"https:\/\/i0.wp.com\/faktor-bildung.de\/wp-content\/uploads\/2024\/02\/zuwachs_1.png?resize=300%2C213&amp;ssl=1 300w, https:\/\/i0.wp.com\/faktor-bildung.de\/wp-content\/uploads\/2024\/02\/zuwachs_1.png?resize=768%2C544&amp;ssl=1 768w, https:\/\/i0.wp.com\/faktor-bildung.de\/wp-content\/uploads\/2024\/02\/zuwachs_1.png?resize=230%2C163&amp;ssl=1 230w, https:\/\/i0.wp.com\/faktor-bildung.de\/wp-content\/uploads\/2024\/02\/zuwachs_1.png?resize=350%2C248&amp;ssl=1 350w, https:\/\/i0.wp.com\/faktor-bildung.de\/wp-content\/uploads\/2024\/02\/zuwachs_1.png?resize=480%2C340&amp;ssl=1 480w, https:\/\/i0.wp.com\/faktor-bildung.de\/wp-content\/uploads\/2024\/02\/zuwachs_1.png?w=948&amp;ssl=1 948w\" sizes=\"auto, (max-width: 300px) 100vw, 300px\" \/><img data-recalc-dims=\"1\" loading=\"lazy\" decoding=\"async\" class=\"alignnone size-medium wp-image-3110\" src=\"https:\/\/i0.wp.com\/faktor-bildung.de\/wp-content\/uploads\/2024\/02\/zuwachs_2.png?resize=300%2C210&#038;ssl=1\" alt=\"\" width=\"300\" height=\"210\" srcset=\"https:\/\/i0.wp.com\/faktor-bildung.de\/wp-content\/uploads\/2024\/02\/zuwachs_2.png?resize=300%2C210&amp;ssl=1 300w, https:\/\/i0.wp.com\/faktor-bildung.de\/wp-content\/uploads\/2024\/02\/zuwachs_2.png?resize=768%2C538&amp;ssl=1 768w, https:\/\/i0.wp.com\/faktor-bildung.de\/wp-content\/uploads\/2024\/02\/zuwachs_2.png?resize=230%2C161&amp;ssl=1 230w, https:\/\/i0.wp.com\/faktor-bildung.de\/wp-content\/uploads\/2024\/02\/zuwachs_2.png?resize=350%2C245&amp;ssl=1 350w, https:\/\/i0.wp.com\/faktor-bildung.de\/wp-content\/uploads\/2024\/02\/zuwachs_2.png?resize=480%2C336&amp;ssl=1 480w, https:\/\/i0.wp.com\/faktor-bildung.de\/wp-content\/uploads\/2024\/02\/zuwachs_2.png?w=948&amp;ssl=1 948w\" sizes=\"auto, (max-width: 300px) 100vw, 300px\" \/><\/p>\n<p>Diese und weitere Ausgaben sind im \u00dcberblick <a href=\"https:\/\/www.lahn-kinderkrippen.de\/infos-news\/downloads\/hand-in-hand-elternnewsletter\/\" target=\"_blank\" rel=\"noopener\">hier online<\/a> zu finden.<\/p>\n<p>&nbsp;<\/p>\n<p>&nbsp;<\/p>\n<h2>Alte Neuigkeiten:<\/h2>\n<p><strong><img data-recalc-dims=\"1\" loading=\"lazy\" decoding=\"async\" class=\"size-medium wp-image-654 alignright\" src=\"https:\/\/i0.wp.com\/faktor-bildung.de\/wp-content\/uploads\/2022\/03\/B9FBFC23-2B66-409E-B8C8-46538F8A4E05.jpg?resize=300%2C226&#038;ssl=1\" alt=\"Kursraum MiniMumm\" width=\"300\" height=\"226\" srcset=\"https:\/\/i0.wp.com\/faktor-bildung.de\/wp-content\/uploads\/2022\/03\/B9FBFC23-2B66-409E-B8C8-46538F8A4E05.jpg?resize=300%2C226&amp;ssl=1 300w, https:\/\/i0.wp.com\/faktor-bildung.de\/wp-content\/uploads\/2022\/03\/B9FBFC23-2B66-409E-B8C8-46538F8A4E05.jpg?resize=230%2C173&amp;ssl=1 230w, https:\/\/i0.wp.com\/faktor-bildung.de\/wp-content\/uploads\/2022\/03\/B9FBFC23-2B66-409E-B8C8-46538F8A4E05.jpg?resize=350%2C264&amp;ssl=1 350w, https:\/\/i0.wp.com\/faktor-bildung.de\/wp-content\/uploads\/2022\/03\/B9FBFC23-2B66-409E-B8C8-46538F8A4E05.jpg?resize=480%2C362&amp;ssl=1 480w, https:\/\/i0.wp.com\/faktor-bildung.de\/wp-content\/uploads\/2022\/03\/B9FBFC23-2B66-409E-B8C8-46538F8A4E05.jpg?w=640&amp;ssl=1 640w\" sizes=\"auto, (max-width: 300px) 100vw, 300px\" \/>2G-plus: Pr\u00e4senzkurs im MiniMumm in Neu-Anspach &#8211; 6-Wochen-Kurs und Kompaktkurs plus gestartet<\/strong><\/p>\n<p>Das lange Warten hat sich gelohnt, endlich geht es auch im MiniMumm in Neu-Anspach los!<\/p>\n<p>Seit dem 3.3. l\u00e4uft der erste Anf\u00e4ngerkurs in Pr\u00e4senz &#8211; dabei sind 5 Minis im Alter von 4 Monaten bis fast einem Jahr mit ihren Mamas.<\/p>\n<p>Auch ein Kompaktkurs plus mit 2 x 90 Minuten findet dort statt, am 5. und 12. M\u00e4rz.<\/p>\n<p><strong>2G-plus: Pr\u00e4senzkurs in Weilrod gestartet<\/strong><\/p>\n<p>Gestern war der erste Teil des Pr\u00e4senzkurses in der Pfarrscheune in Rod an der Weil in Kooperation mit dem Familienzentrum Weilrod. Vielen lieben Dank, liebe Teilnehmende \ud83d\ude09<\/p>\n<p><img data-recalc-dims=\"1\" loading=\"lazy\" decoding=\"async\" class=\"wp-image-576 size-medium alignnone\" src=\"https:\/\/i0.wp.com\/faktor-bildung.de\/wp-content\/uploads\/2022\/01\/Rod_gestartet.jpg?resize=300%2C300&#038;ssl=1\" alt=\"Start neuer Kurs in Weilrod\" width=\"300\" height=\"300\" srcset=\"https:\/\/i0.wp.com\/faktor-bildung.de\/wp-content\/uploads\/2022\/01\/Rod_gestartet.jpg?resize=300%2C300&amp;ssl=1 300w, https:\/\/i0.wp.com\/faktor-bildung.de\/wp-content\/uploads\/2022\/01\/Rod_gestartet.jpg?resize=1024%2C1024&amp;ssl=1 1024w, https:\/\/i0.wp.com\/faktor-bildung.de\/wp-content\/uploads\/2022\/01\/Rod_gestartet.jpg?resize=150%2C150&amp;ssl=1 150w, https:\/\/i0.wp.com\/faktor-bildung.de\/wp-content\/uploads\/2022\/01\/Rod_gestartet.jpg?resize=768%2C768&amp;ssl=1 768w, https:\/\/i0.wp.com\/faktor-bildung.de\/wp-content\/uploads\/2022\/01\/Rod_gestartet.jpg?resize=920%2C920&amp;ssl=1 920w, https:\/\/i0.wp.com\/faktor-bildung.de\/wp-content\/uploads\/2022\/01\/Rod_gestartet.jpg?resize=230%2C230&amp;ssl=1 230w, https:\/\/i0.wp.com\/faktor-bildung.de\/wp-content\/uploads\/2022\/01\/Rod_gestartet.jpg?resize=350%2C350&amp;ssl=1 350w, https:\/\/i0.wp.com\/faktor-bildung.de\/wp-content\/uploads\/2022\/01\/Rod_gestartet.jpg?resize=480%2C480&amp;ssl=1 480w, https:\/\/i0.wp.com\/faktor-bildung.de\/wp-content\/uploads\/2022\/01\/Rod_gestartet.jpg?w=1080&amp;ssl=1 1080w\" sizes=\"auto, (max-width: 300px) 100vw, 300px\" \/><\/p>\n<p><strong>NEU: Versuch: babySignal regional online im Taunus!<\/strong><\/p>\n<p>Es gibt immer wieder Eltern, die gern an babySignal-Kursen teilnehmen w\u00fcrden, f\u00fcr die allerdings die Zeiten, zu denen ich in den verschiedenen Kursr\u00e4umen Kurse anbieten kann, nicht passen. Um auch diesen Eltern eine L\u00f6sung anbieten zu k\u00f6nnen, habe ich mich entschieden, gleich zu Beginn des Jahres 2022 eine weitere Ausbildung bei der babySignal-Gr\u00fcnderin Wiebke Gericke zu absolvieren, um Euch hier im Taunus lokale Onlinekurse anbieten zu k\u00f6nnen. Seid gespannt!<\/p>\n<p><strong>Seasons Greetings 2021!<\/strong><\/p>\n<p>Das erste Jahr, in dem es Faktor-Bildung! gibt, geht mit Riesenschritten dem Ende entgegen. Ich bin also nicht mehr so ganz neu. F\u00fcr mich ist das ein guter Grund, ein erstes Res\u00fcmee zu ziehen und festzustellen, dass es sich f\u00fcr mich mehr als gelohnt hat, mich auf den Weg zu machen. Ich sehe, dass es hier im Taunus tolle Kinder und viele interessierte Erwachsene gibt, die sich auf den Weg machen, gut miteinander zu kommunizieren und auch mal etwas neues zu probieren, das eine wirklich gute Sache ist! Das freut mich sehr!<\/p>\n<p>Damit &#8211; und mit Weihnachten vor der T\u00fcr ist ein guter Grund, ganz herzliche Gr\u00fc\u00dfe auf den Weg zu Euch zu bringen.<\/p>\n<p><img data-recalc-dims=\"1\" loading=\"lazy\" decoding=\"async\" class=\"wp-image-559 alignnone\" src=\"https:\/\/i0.wp.com\/faktor-bildung.de\/wp-content\/uploads\/2021\/12\/xmas_21.jpg?resize=568%2C568&#038;ssl=1\" alt=\"Neues: Seasons greetings!\" width=\"568\" height=\"568\" srcset=\"https:\/\/i0.wp.com\/faktor-bildung.de\/wp-content\/uploads\/2021\/12\/xmas_21.jpg?resize=1024%2C1024&amp;ssl=1 1024w, https:\/\/i0.wp.com\/faktor-bildung.de\/wp-content\/uploads\/2021\/12\/xmas_21.jpg?resize=300%2C300&amp;ssl=1 300w, https:\/\/i0.wp.com\/faktor-bildung.de\/wp-content\/uploads\/2021\/12\/xmas_21.jpg?resize=150%2C150&amp;ssl=1 150w, https:\/\/i0.wp.com\/faktor-bildung.de\/wp-content\/uploads\/2021\/12\/xmas_21.jpg?resize=768%2C768&amp;ssl=1 768w, https:\/\/i0.wp.com\/faktor-bildung.de\/wp-content\/uploads\/2021\/12\/xmas_21.jpg?resize=1536%2C1536&amp;ssl=1 1536w, https:\/\/i0.wp.com\/faktor-bildung.de\/wp-content\/uploads\/2021\/12\/xmas_21.jpg?resize=920%2C920&amp;ssl=1 920w, https:\/\/i0.wp.com\/faktor-bildung.de\/wp-content\/uploads\/2021\/12\/xmas_21.jpg?resize=230%2C230&amp;ssl=1 230w, https:\/\/i0.wp.com\/faktor-bildung.de\/wp-content\/uploads\/2021\/12\/xmas_21.jpg?resize=350%2C350&amp;ssl=1 350w, https:\/\/i0.wp.com\/faktor-bildung.de\/wp-content\/uploads\/2021\/12\/xmas_21.jpg?resize=480%2C480&amp;ssl=1 480w, https:\/\/i0.wp.com\/faktor-bildung.de\/wp-content\/uploads\/2021\/12\/xmas_21.jpg?w=2048&amp;ssl=1 2048w\" sizes=\"auto, (max-width: 568px) 100vw, 568px\" \/><\/p>\n<p><img data-recalc-dims=\"1\" loading=\"lazy\" decoding=\"async\" class=\"wp-image-384 size-medium alignleft\" src=\"https:\/\/i0.wp.com\/faktor-bildung.de\/wp-content\/uploads\/2021\/11\/wandelroeschen.jpeg?resize=300%2C225&#038;ssl=1\" alt=\"Neues\" width=\"300\" height=\"225\" srcset=\"https:\/\/i0.wp.com\/faktor-bildung.de\/wp-content\/uploads\/2021\/11\/wandelroeschen.jpeg?resize=300%2C225&amp;ssl=1 300w, https:\/\/i0.wp.com\/faktor-bildung.de\/wp-content\/uploads\/2021\/11\/wandelroeschen.jpeg?resize=1024%2C768&amp;ssl=1 1024w, https:\/\/i0.wp.com\/faktor-bildung.de\/wp-content\/uploads\/2021\/11\/wandelroeschen.jpeg?resize=768%2C576&amp;ssl=1 768w, https:\/\/i0.wp.com\/faktor-bildung.de\/wp-content\/uploads\/2021\/11\/wandelroeschen.jpeg?resize=1536%2C1153&amp;ssl=1 1536w, https:\/\/i0.wp.com\/faktor-bildung.de\/wp-content\/uploads\/2021\/11\/wandelroeschen.jpeg?resize=920%2C690&amp;ssl=1 920w, https:\/\/i0.wp.com\/faktor-bildung.de\/wp-content\/uploads\/2021\/11\/wandelroeschen.jpeg?resize=230%2C173&amp;ssl=1 230w, https:\/\/i0.wp.com\/faktor-bildung.de\/wp-content\/uploads\/2021\/11\/wandelroeschen.jpeg?resize=350%2C263&amp;ssl=1 350w, https:\/\/i0.wp.com\/faktor-bildung.de\/wp-content\/uploads\/2021\/11\/wandelroeschen.jpeg?resize=480%2C360&amp;ssl=1 480w, https:\/\/i0.wp.com\/faktor-bildung.de\/wp-content\/uploads\/2021\/11\/wandelroeschen.jpeg?w=2047&amp;ssl=1 2047w\" sizes=\"auto, (max-width: 300px) 100vw, 300px\" \/><\/p>\n<h4>Gibt es neues im Hintergrund?<\/h4>\n<p>Ja, klar!!! Denn auch die konzeptionelle Arbeit an den anderen Angeboten l\u00e4uft. Ihr d\u00fcrft gespannt sein auf BIBER, ENTE, Fallarbeit, kreatives Visualisieren und mehr. Anfragen sind auch jetzt schon herzlich willkommen.<\/p>\n<p style=\"text-align: left;\">Habt Ihr Euch schon bei mir gemeldet, um ganz in der N\u00e4he einen interessanten und spannenden Kurs belegen zu k\u00f6nnen oder auch eine <a href=\"https:\/\/faktor-bildung.de\/index.php\/krippenkurse\/\">Inhouseschulung<\/a> anzufragen? Falls noch nicht, dann ist es an der Zeit: Schreibt mir \u00fcber das <a href=\"https:\/\/faktor-bildung.de\/index.php\/kontakt\/\">Kontaktformular<\/a> oder meldet Euch per Mail an tina(a)faktor-bildung.de. Ich freu mich auf Euch!<\/p>\n","protected":false},"excerpt":{"rendered":"<p>Neues von Faktor-Bildung! Sporadisch gibt es immer mal wieder etwas neues zu lesen. [Sporadisch deswegen, weil es nicht immer etwas neues zu [&hellip;]<\/p>\n","protected":false},"author":1,"featured_media":0,"parent":0,"menu_order":0,"comment_status":"closed","ping_status":"closed","template":"","meta":{"footnotes":""},"class_list":["post-383","page","type-page","status-publish","hentry"],"jetpack-related-posts":[],"jetpack_sharing_enabled":true,"_links":{"self":[{"href":"https:\/\/faktor-bildung.de\/index.php\/wp-json\/wp\/v2\/pages\/383","targetHints":{"allow":["GET"]}}],"collection":[{"href":"https:\/\/faktor-bildung.de\/index.php\/wp-json\/wp\/v2\/pages"}],"about":[{"href":"https:\/\/faktor-bildung.de\/index.php\/wp-json\/wp\/v2\/types\/page"}],"author":[{"embeddable":true,"href":"https:\/\/faktor-bildung.de\/index.php\/wp-json\/wp\/v2\/users\/1"}],"replies":[{"embeddable":true,"href":"https:\/\/faktor-bildung.de\/index.php\/wp-json\/wp\/v2\/comments?post=383"}],"version-history":[{"count":20,"href":"https:\/\/faktor-bildung.de\/index.php\/wp-json\/wp\/v2\/pages\/383\/revisions"}],"predecessor-version":[{"id":4112,"href":"https:\/\/faktor-bildung.de\/index.php\/wp-json\/wp\/v2\/pages\/383\/revisions\/4112"}],"wp:attachment":[{"href":"https:\/\/faktor-bildung.de\/index.php\/wp-json\/wp\/v2\/media?parent=383"}],"curies":[{"name":"wp","href":"https:\/\/api.w.org\/{rel}","templated":true}]}}