{"id":345,"date":"2021-11-15T14:14:37","date_gmt":"2021-11-15T14:14:37","guid":{"rendered":"https:\/\/faktor-bildung.de\/?page_id=345"},"modified":"2022-04-28T10:56:37","modified_gmt":"2022-04-28T10:56:37","slug":"kursorte","status":"publish","type":"page","link":"https:\/\/faktor-bildung.de\/index.php\/kursorte\/","title":{"rendered":"Kursorte"},"content":{"rendered":"<p><img data-recalc-dims=\"1\" loading=\"lazy\" decoding=\"async\" class=\"size-medium wp-image-309 alignright\" src=\"https:\/\/i0.wp.com\/faktor-bildung.de\/wp-content\/uploads\/2021\/11\/sandsupren.jpeg?resize=300%2C217&#038;ssl=1\" alt=\"Kursorte\" width=\"300\" height=\"217\" srcset=\"https:\/\/i0.wp.com\/faktor-bildung.de\/wp-content\/uploads\/2021\/11\/sandsupren.jpeg?resize=300%2C217&amp;ssl=1 300w, https:\/\/i0.wp.com\/faktor-bildung.de\/wp-content\/uploads\/2021\/11\/sandsupren.jpeg?resize=1024%2C740&amp;ssl=1 1024w, https:\/\/i0.wp.com\/faktor-bildung.de\/wp-content\/uploads\/2021\/11\/sandsupren.jpeg?resize=768%2C555&amp;ssl=1 768w, https:\/\/i0.wp.com\/faktor-bildung.de\/wp-content\/uploads\/2021\/11\/sandsupren.jpeg?resize=1536%2C1110&amp;ssl=1 1536w, https:\/\/i0.wp.com\/faktor-bildung.de\/wp-content\/uploads\/2021\/11\/sandsupren.jpeg?resize=920%2C665&amp;ssl=1 920w, https:\/\/i0.wp.com\/faktor-bildung.de\/wp-content\/uploads\/2021\/11\/sandsupren.jpeg?resize=550%2C400&amp;ssl=1 550w, https:\/\/i0.wp.com\/faktor-bildung.de\/wp-content\/uploads\/2021\/11\/sandsupren.jpeg?resize=230%2C166&amp;ssl=1 230w, https:\/\/i0.wp.com\/faktor-bildung.de\/wp-content\/uploads\/2021\/11\/sandsupren.jpeg?resize=350%2C253&amp;ssl=1 350w, https:\/\/i0.wp.com\/faktor-bildung.de\/wp-content\/uploads\/2021\/11\/sandsupren.jpeg?resize=480%2C347&amp;ssl=1 480w, https:\/\/i0.wp.com\/faktor-bildung.de\/wp-content\/uploads\/2021\/11\/sandsupren.jpeg?w=1848&amp;ssl=1 1848w\" sizes=\"auto, (max-width: 300px) 100vw, 300px\" \/>F\u00fcr eine grobe Orientierung gibt es hier f\u00fcr alle Kursorte jeweils einen Kartenausschnitt.<\/p>\n<p>Zu finden sind die Kursorte f\u00fcr meine <a href=\"https:\/\/faktor-bildung.de\/index.php\/babysignal\/\">babySignal<\/a>-Kurse bei der farbigen Markierung, wenn Du Dir die Karte von Weilburg, Neu-Anspach oder Weilrod anschaust.<\/p>\n<p>Ein Klick auf die Karte f\u00fchrt zu einer interaktiven Karte in openstreetmaps, mit der Du auch schauen kannst, wie weit es von Dir zu den jeweiligen\u00a0 Kursorten ist oder auch wie die beste Strecke f\u00fcr Dich dorthin ist.<\/p>\n<p>&nbsp;<\/p>\n<p>Die Praxis von Judith Grove und Saskia Friedrich liegt inmitten der romantischen Altstadt Weilburgs. Es gibt einige Parkpl\u00e4tze am Marktplatz oder auch die M\u00f6glichkeit, auf dem Parkdeck Rathaus zu parken.<\/p>\n<p><strong>In Weilburg finden die Kurse in der <a href=\"https:\/\/www.hebammen-weilburg.de\/\" target=\"_blank\" rel=\"noopener\">Hebammenpraxis<\/a>, Marktplatz 9 statt:<\/strong><\/p>\n<p><iframe loading=\"lazy\" style=\"border: 1px solid black;\" src=\"https:\/\/www.openstreetmap.org\/export\/embed.html?bbox=8.251065015792848%2C50.48036706462589%2C8.272093534469606%2C50.48913239614627&amp;layer=mapnik&amp;marker=50.48474993361434%2C8.261579275131226\" width=\"95%\" height=\"350\" frameborder=\"0\" marginwidth=\"0\" marginheight=\"0\" scrolling=\"no\"><\/iframe> <img data-recalc-dims=\"1\" loading=\"lazy\" decoding=\"async\" class=\"alignnone size-medium wp-image-633\" src=\"https:\/\/i0.wp.com\/faktor-bildung.de\/wp-content\/uploads\/2022\/03\/WhatsApp-Image-2022-03-03-at-20.19.04.jpeg?resize=225%2C300&#038;ssl=1\" alt=\"Eingang zur Hebammenpraxis in Weilburg\" width=\"225\" height=\"300\" srcset=\"https:\/\/i0.wp.com\/faktor-bildung.de\/wp-content\/uploads\/2022\/03\/WhatsApp-Image-2022-03-03-at-20.19.04.jpeg?resize=225%2C300&amp;ssl=1 225w, https:\/\/i0.wp.com\/faktor-bildung.de\/wp-content\/uploads\/2022\/03\/WhatsApp-Image-2022-03-03-at-20.19.04.jpeg?resize=230%2C307&amp;ssl=1 230w, https:\/\/i0.wp.com\/faktor-bildung.de\/wp-content\/uploads\/2022\/03\/WhatsApp-Image-2022-03-03-at-20.19.04.jpeg?resize=350%2C467&amp;ssl=1 350w, https:\/\/i0.wp.com\/faktor-bildung.de\/wp-content\/uploads\/2022\/03\/WhatsApp-Image-2022-03-03-at-20.19.04.jpeg?resize=480%2C640&amp;ssl=1 480w, https:\/\/i0.wp.com\/faktor-bildung.de\/wp-content\/uploads\/2022\/03\/WhatsApp-Image-2022-03-03-at-20.19.04.jpeg?w=768&amp;ssl=1 768w\" sizes=\"auto, (max-width: 225px) 100vw, 225px\" \/><br \/>\n<small><a href=\"https:\/\/www.openstreetmap.org\/?mlat=50.48475&amp;mlon=8.26158#map=17\/50.48475\/8.26158\" target=\"_blank\" rel=\"noopener\">Gr\u00f6\u00dfere Karte anzeigen<\/a><\/small><\/p>\n<p>Geplante Termine f\u00fcr Weilburg findest Du <a href=\"https:\/\/faktor-bildung.de\/index.php\/kursueberblick\/\">hier<\/a>.<\/p>\n<p>&nbsp;<\/p>\n<p><strong>Das <a href=\"https:\/\/www.minimumm.com\/\" target=\"_blank\" rel=\"noopener\">MiniMumm<\/a> ist ein Eltern-Kind-Zentrum in Neu-Anspach, Hunoldstaler Weg 2a.<\/strong><\/p>\n<p>Der Eingang zu den R\u00e4umen von Kerstin Nestler und Anna-Lena Wehr ist an der langen Seite des Geb\u00e4udes, vor dem Haus sind Parkpl\u00e4tze vorhanden bzw. es gibt Parkm\u00f6glichkeiten in der Stra\u00dfe und in Nachbarstra\u00dfen.<\/p>\n<p><iframe loading=\"lazy\" style=\"border: 1px solid black;\" src=\"https:\/\/www.openstreetmap.org\/export\/embed.html?bbox=8.472604751586916%2C50.26866077278451%2C8.530797958374025%2C50.31779175177389&amp;layer=mapnik&amp;marker=50.293253850093556%2C8.501706249999984\" width=\"95%\" height=\"350\" frameborder=\"0\" marginwidth=\"0\" marginheight=\"0\" scrolling=\"no\"><\/iframe> <img data-recalc-dims=\"1\" loading=\"lazy\" decoding=\"async\" class=\"alignnone size-medium wp-image-630\" src=\"https:\/\/i0.wp.com\/faktor-bildung.de\/wp-content\/uploads\/2022\/03\/WhatsApp-Image-2022-03-03-at-20.12.05.jpeg?resize=300%2C225&#038;ssl=1\" alt=\"Da geht es lang\" width=\"300\" height=\"225\" srcset=\"https:\/\/i0.wp.com\/faktor-bildung.de\/wp-content\/uploads\/2022\/03\/WhatsApp-Image-2022-03-03-at-20.12.05.jpeg?resize=300%2C225&amp;ssl=1 300w, https:\/\/i0.wp.com\/faktor-bildung.de\/wp-content\/uploads\/2022\/03\/WhatsApp-Image-2022-03-03-at-20.12.05.jpeg?resize=768%2C576&amp;ssl=1 768w, https:\/\/i0.wp.com\/faktor-bildung.de\/wp-content\/uploads\/2022\/03\/WhatsApp-Image-2022-03-03-at-20.12.05.jpeg?resize=920%2C690&amp;ssl=1 920w, https:\/\/i0.wp.com\/faktor-bildung.de\/wp-content\/uploads\/2022\/03\/WhatsApp-Image-2022-03-03-at-20.12.05.jpeg?resize=230%2C173&amp;ssl=1 230w, https:\/\/i0.wp.com\/faktor-bildung.de\/wp-content\/uploads\/2022\/03\/WhatsApp-Image-2022-03-03-at-20.12.05.jpeg?resize=350%2C263&amp;ssl=1 350w, https:\/\/i0.wp.com\/faktor-bildung.de\/wp-content\/uploads\/2022\/03\/WhatsApp-Image-2022-03-03-at-20.12.05.jpeg?resize=480%2C360&amp;ssl=1 480w, https:\/\/i0.wp.com\/faktor-bildung.de\/wp-content\/uploads\/2022\/03\/WhatsApp-Image-2022-03-03-at-20.12.05.jpeg?w=1024&amp;ssl=1 1024w\" sizes=\"auto, (max-width: 300px) 100vw, 300px\" \/> <img data-recalc-dims=\"1\" loading=\"lazy\" decoding=\"async\" class=\"alignnone size-medium wp-image-631\" src=\"https:\/\/i0.wp.com\/faktor-bildung.de\/wp-content\/uploads\/2022\/03\/WhatsApp-Image-2022-03-03-at-19.56.32.jpeg?resize=225%2C300&#038;ssl=1\" alt=\"Der Eingang vom MiniMumm\" width=\"225\" height=\"300\" srcset=\"https:\/\/i0.wp.com\/faktor-bildung.de\/wp-content\/uploads\/2022\/03\/WhatsApp-Image-2022-03-03-at-19.56.32.jpeg?resize=225%2C300&amp;ssl=1 225w, https:\/\/i0.wp.com\/faktor-bildung.de\/wp-content\/uploads\/2022\/03\/WhatsApp-Image-2022-03-03-at-19.56.32.jpeg?resize=230%2C307&amp;ssl=1 230w, https:\/\/i0.wp.com\/faktor-bildung.de\/wp-content\/uploads\/2022\/03\/WhatsApp-Image-2022-03-03-at-19.56.32.jpeg?resize=350%2C467&amp;ssl=1 350w, https:\/\/i0.wp.com\/faktor-bildung.de\/wp-content\/uploads\/2022\/03\/WhatsApp-Image-2022-03-03-at-19.56.32.jpeg?resize=480%2C640&amp;ssl=1 480w, https:\/\/i0.wp.com\/faktor-bildung.de\/wp-content\/uploads\/2022\/03\/WhatsApp-Image-2022-03-03-at-19.56.32.jpeg?w=768&amp;ssl=1 768w\" sizes=\"auto, (max-width: 225px) 100vw, 225px\" \/><br \/>\n<small><a href=\"https:\/\/www.openstreetmap.org\/?mlat=50.2933&amp;mlon=8.5017#map=14\/50.2933\/8.5017\" target=\"_blank\" rel=\"noopener\">Gr\u00f6\u00dfere Karte anzeigen<\/a><\/small><\/p>\n<p>Geplante Termine f\u00fcr Neu-Anspach findest Du <a href=\"https:\/\/faktor-bildung.de\/index.php\/kursueberblick\/\">hier<\/a>.<\/p>\n<p>&nbsp;<\/p>\n<p><strong>Die Gemeinde Weilrod besteht aus 13 Ortsteilen. Zusammen mit der Koordinatorin des <a href=\"https:\/\/www.weilrod.de\/leben-wohnen\/soziales-gesundheit\/familienzentrum-in-weilrod\/\" target=\"_blank\" rel=\"noopener\">Familienzentrums Weilrod<\/a>\u00a0werden an mehreren Orten Kurse angeboten.<\/strong><\/p>\n<p>Los geht es im Januar und Februar 2022 in Rod an der Weil, Am Kirchberg 4. Hier kann ich in der Pfarrscheune meine Kurse anzubieten. Hier gibt es Parkpl\u00e4tze fast vor der T\u00fcr.<\/p>\n<p><iframe loading=\"lazy\" style=\"border: 1px solid black;\" src=\"https:\/\/www.openstreetmap.org\/export\/embed.html?bbox=8.37239742279053%2C50.336189094415445%2C8.386945724487306%2C50.34845916126635&amp;layer=mapnik&amp;marker=50.34232452406692%2C8.379671573638916\" width=\"95%\" height=\"350\" frameborder=\"0\" marginwidth=\"0\" marginheight=\"0\" scrolling=\"no\"><\/iframe> <img data-recalc-dims=\"1\" loading=\"lazy\" decoding=\"async\" class=\"alignnone size-medium wp-image-632\" src=\"https:\/\/i0.wp.com\/faktor-bildung.de\/wp-content\/uploads\/2022\/03\/WhatsApp-Image-2022-03-03-at-20.15.57.jpeg?resize=300%2C226&#038;ssl=1\" alt=\"Hier geht es in die Pfarrscheune\" width=\"300\" height=\"226\" srcset=\"https:\/\/i0.wp.com\/faktor-bildung.de\/wp-content\/uploads\/2022\/03\/WhatsApp-Image-2022-03-03-at-20.15.57.jpeg?resize=300%2C226&amp;ssl=1 300w, https:\/\/i0.wp.com\/faktor-bildung.de\/wp-content\/uploads\/2022\/03\/WhatsApp-Image-2022-03-03-at-20.15.57.jpeg?resize=230%2C173&amp;ssl=1 230w, https:\/\/i0.wp.com\/faktor-bildung.de\/wp-content\/uploads\/2022\/03\/WhatsApp-Image-2022-03-03-at-20.15.57.jpeg?resize=350%2C263&amp;ssl=1 350w, https:\/\/i0.wp.com\/faktor-bildung.de\/wp-content\/uploads\/2022\/03\/WhatsApp-Image-2022-03-03-at-20.15.57.jpeg?resize=480%2C361&amp;ssl=1 480w, https:\/\/i0.wp.com\/faktor-bildung.de\/wp-content\/uploads\/2022\/03\/WhatsApp-Image-2022-03-03-at-20.15.57.jpeg?w=722&amp;ssl=1 722w\" sizes=\"auto, (max-width: 300px) 100vw, 300px\" \/><br \/>\n<small><a href=\"https:\/\/www.openstreetmap.org\/?mlat=50.3423&amp;mlon=8.3797#map=16\/50.3423\/8.3797\" target=\"_blank\" rel=\"noopener\">Gr\u00f6\u00dfere Karte anzeigen<\/a><\/small><\/p>\n<p>Ein weiterer Kursort in Weilrod ist das Dorfgemeinschaftshaus im Ortsteil Gem\u00fcnden, Am Euwerig 2. Es gibt einen gem\u00fctlichen Kursraum in der oberen Etage. Achtung, was die Parksituation betrifft: Nicht auf den Fl\u00e4chen f\u00fcr die Feuerwehr oder auf dem Privatparkplatz des Gasthauses zur Linde parken. Ich schreibe allen Teilnehmenden vor dem Kursstart eine Mail, dabei werde ich mehr zum Thema parken schreiben.<\/p>\n<p><iframe loading=\"lazy\" style=\"border: 1px solid black;\" src=\"https:\/\/www.openstreetmap.org\/export\/embed.html?bbox=8.395528793334963%2C50.35558557384407%2C8.413445949554445%2C50.36191013911868&amp;layer=mapnik&amp;marker=50.35874796181422%2C8.404487371444702\" width=\"95%\" height=\"350\" frameborder=\"0\" marginwidth=\"0\" marginheight=\"0\" scrolling=\"no\"><\/iframe> <img data-recalc-dims=\"1\" loading=\"lazy\" decoding=\"async\" class=\"alignnone size-medium wp-image-656\" src=\"https:\/\/i0.wp.com\/faktor-bildung.de\/wp-content\/uploads\/2022\/03\/IMG_6590.jpg?resize=225%2C300&#038;ssl=1\" alt=\"DGH Gem\u00fcnden - Eingangsbereich\" width=\"225\" height=\"300\" srcset=\"https:\/\/i0.wp.com\/faktor-bildung.de\/wp-content\/uploads\/2022\/03\/IMG_6590-rotated.jpg?resize=225%2C300&amp;ssl=1 225w, https:\/\/i0.wp.com\/faktor-bildung.de\/wp-content\/uploads\/2022\/03\/IMG_6590-rotated.jpg?resize=768%2C1024&amp;ssl=1 768w, https:\/\/i0.wp.com\/faktor-bildung.de\/wp-content\/uploads\/2022\/03\/IMG_6590-rotated.jpg?resize=1152%2C1536&amp;ssl=1 1152w, https:\/\/i0.wp.com\/faktor-bildung.de\/wp-content\/uploads\/2022\/03\/IMG_6590-rotated.jpg?resize=920%2C1227&amp;ssl=1 920w, https:\/\/i0.wp.com\/faktor-bildung.de\/wp-content\/uploads\/2022\/03\/IMG_6590-rotated.jpg?resize=230%2C307&amp;ssl=1 230w, https:\/\/i0.wp.com\/faktor-bildung.de\/wp-content\/uploads\/2022\/03\/IMG_6590-rotated.jpg?resize=350%2C467&amp;ssl=1 350w, https:\/\/i0.wp.com\/faktor-bildung.de\/wp-content\/uploads\/2022\/03\/IMG_6590-rotated.jpg?resize=480%2C640&amp;ssl=1 480w, https:\/\/i0.wp.com\/faktor-bildung.de\/wp-content\/uploads\/2022\/03\/IMG_6590-rotated.jpg?w=1512&amp;ssl=1 1512w\" sizes=\"auto, (max-width: 225px) 100vw, 225px\" \/><small><\/small><\/p>\n<p><a href=\"https:\/\/www.openstreetmap.org\/?mlat=50.35875&amp;amp;mlon=8.40449#map=17\/50.35875\/8.40449\" target=\"_blank\" rel=\"noopener\">Gr\u00f6\u00dfere Karte anzeigen<\/a><\/p>\n<p>&nbsp;<\/p>\n<p><strong>Das <a href=\"https:\/\/www.geburtshaus-lebensstern.de\/\" target=\"_blank\" rel=\"noopener\">Geburtshaus Lebensstern<\/a> in Diez ist in der Rosenstra\u00dfe 36a<\/strong><\/p>\n<p>Ich bin in Rheinland-Pfalz angekommen \ud83d\ude09 Bald gibt es meine Kurse im Kursraum des Geburtshauses Lebensstern in Diez. Der Eingang ist in der Rosenstra\u00dfe 36a. Parken ist hier nicht unbedingt direkt vor der T\u00fcr m\u00f6glich, ich schicke vor dem Kursstart allen Teilnehmenden eine Mail mit Details dazu.<\/p>\n<p><iframe loading=\"lazy\" style=\"border: 1px solid black;\" src=\"https:\/\/www.openstreetmap.org\/export\/embed.html?bbox=7.996094226837159%2C50.3646272530591%2C8.017787933349611%2C50.37668470774684&amp;layer=mapnik&amp;marker=50.37065636340188%2C8.006941080093384\" width=\"95%\" height=\"350\" frameborder=\"0\" marginwidth=\"0\" marginheight=\"0\" scrolling=\"no\"><\/iframe><img data-recalc-dims=\"1\" loading=\"lazy\" decoding=\"async\" class=\"alignnone size-medium wp-image-772\" src=\"https:\/\/i0.wp.com\/faktor-bildung.de\/wp-content\/uploads\/2022\/04\/Lebensstern_Eingang.jpg?resize=225%2C300&#038;ssl=1\" alt=\"Kursort_Diez_Lebensstern_Eingang\" width=\"225\" height=\"300\" srcset=\"https:\/\/i0.wp.com\/faktor-bildung.de\/wp-content\/uploads\/2022\/04\/Lebensstern_Eingang-scaled.jpg?resize=225%2C300&amp;ssl=1 225w, https:\/\/i0.wp.com\/faktor-bildung.de\/wp-content\/uploads\/2022\/04\/Lebensstern_Eingang-scaled.jpg?resize=768%2C1024&amp;ssl=1 768w, https:\/\/i0.wp.com\/faktor-bildung.de\/wp-content\/uploads\/2022\/04\/Lebensstern_Eingang-scaled.jpg?resize=1152%2C1536&amp;ssl=1 1152w, https:\/\/i0.wp.com\/faktor-bildung.de\/wp-content\/uploads\/2022\/04\/Lebensstern_Eingang-scaled.jpg?resize=1536%2C2048&amp;ssl=1 1536w, https:\/\/i0.wp.com\/faktor-bildung.de\/wp-content\/uploads\/2022\/04\/Lebensstern_Eingang-scaled.jpg?resize=920%2C1227&amp;ssl=1 920w, https:\/\/i0.wp.com\/faktor-bildung.de\/wp-content\/uploads\/2022\/04\/Lebensstern_Eingang-scaled.jpg?resize=230%2C307&amp;ssl=1 230w, https:\/\/i0.wp.com\/faktor-bildung.de\/wp-content\/uploads\/2022\/04\/Lebensstern_Eingang-scaled.jpg?resize=350%2C467&amp;ssl=1 350w, https:\/\/i0.wp.com\/faktor-bildung.de\/wp-content\/uploads\/2022\/04\/Lebensstern_Eingang-scaled.jpg?resize=480%2C640&amp;ssl=1 480w, https:\/\/i0.wp.com\/faktor-bildung.de\/wp-content\/uploads\/2022\/04\/Lebensstern_Eingang-scaled.jpg?w=1920&amp;ssl=1 1920w\" sizes=\"auto, (max-width: 225px) 100vw, 225px\" \/><br \/>\n<small><a href=\"https:\/\/www.openstreetmap.org\/?mlat=50.3707&amp;mlon=8.0069#map=16\/50.3707\/8.0069\" target=\"_blank\" rel=\"noopener\">Gr\u00f6\u00dfere Karte anzeigen<\/a><\/small><\/p>\n<p>Geplante Termine f\u00fcr alle Kursorte findest Du <a href=\"http:\/\/Kurs\u00fcberblick\">hier<\/a>.<\/p>\n<p>&nbsp;<\/p>\n<p>Wenn es weitere Kursorte geben wird, erf\u00e4hrst Du es nat\u00fcrlich auf meiner Seite. Falls f\u00fcr Dich kein passender Ort dabei ist, nimm doch einfach <a href=\"https:\/\/faktor-bildung.de\/index.php\/kontakt\/\">Kontakt<\/a> mir auf oder schreib mir eine Mail an tina(a)faktor-bildung.de. Ich versuche gern, Dir dabei zu helfen, dass Dein <a href=\"https:\/\/www.instagram.com\/explore\/tags\/taunusbaby\/?hl=de\" target=\"_blank\" rel=\"noopener\">#Taunusbaby<\/a> auch lernen kann, mit den H\u00e4nden zu sprechen. Vielleicht sind lokale Online-Kurse eine Option? Ich erw\u00e4ge gerade, mich daf\u00fcr offiziell bei der <a href=\"https:\/\/www.instagram.com\/babysignal_wiebke\/?hl=de\" target=\"_blank\" rel=\"noopener\">#babySignal-Gr\u00fcnderin<\/a> Wiebke Gericke zu qualifizieren. Da ist es nat\u00fcrlich spannend zu wissen, ob Ihr da Interesse bzw. Bedarf dran habt.<\/p>\n<p>&nbsp;<\/p>\n<p>&nbsp;<\/p>\n","protected":false},"excerpt":{"rendered":"<p>F\u00fcr eine grobe Orientierung gibt es hier f\u00fcr alle Kursorte jeweils einen Kartenausschnitt. Zu finden sind die Kursorte f\u00fcr meine babySignal-Kurse bei [&hellip;]<\/p>\n","protected":false},"author":1,"featured_media":0,"parent":0,"menu_order":0,"comment_status":"closed","ping_status":"closed","template":"","meta":{"footnotes":""},"class_list":["post-345","page","type-page","status-publish","hentry"],"jetpack-related-posts":[],"jetpack_sharing_enabled":true,"_links":{"self":[{"href":"https:\/\/faktor-bildung.de\/index.php\/wp-json\/wp\/v2\/pages\/345","targetHints":{"allow":["GET"]}}],"collection":[{"href":"https:\/\/faktor-bildung.de\/index.php\/wp-json\/wp\/v2\/pages"}],"about":[{"href":"https:\/\/faktor-bildung.de\/index.php\/wp-json\/wp\/v2\/types\/page"}],"author":[{"embeddable":true,"href":"https:\/\/faktor-bildung.de\/index.php\/wp-json\/wp\/v2\/users\/1"}],"replies":[{"embeddable":true,"href":"https:\/\/faktor-bildung.de\/index.php\/wp-json\/wp\/v2\/comments?post=345"}],"version-history":[{"count":30,"href":"https:\/\/faktor-bildung.de\/index.php\/wp-json\/wp\/v2\/pages\/345\/revisions"}],"predecessor-version":[{"id":774,"href":"https:\/\/faktor-bildung.de\/index.php\/wp-json\/wp\/v2\/pages\/345\/revisions\/774"}],"wp:attachment":[{"href":"https:\/\/faktor-bildung.de\/index.php\/wp-json\/wp\/v2\/media?parent=345"}],"curies":[{"name":"wp","href":"https:\/\/api.w.org\/{rel}","templated":true}]}}