{"id":337,"date":"2021-11-15T09:25:31","date_gmt":"2021-11-15T09:25:31","guid":{"rendered":"https:\/\/faktor-bildung.de\/?page_id=337"},"modified":"2025-01-02T15:28:18","modified_gmt":"2025-01-02T15:28:18","slug":"kursueberblick","status":"publish","type":"page","link":"https:\/\/faktor-bildung.de\/index.php\/kursueberblick\/","title":{"rendered":"Kurs\u00fcberblick &#8211; aktuell und in Planung"},"content":{"rendered":"<p><strong>Ein kleiner Kurs\u00fcberblick &#8211; aktueller Stand mit Ausblick und R\u00fcckblick:<\/strong><\/p>\n<p><img data-recalc-dims=\"1\" loading=\"lazy\" decoding=\"async\" class=\"wp-image-338 size-medium alignright\" src=\"https:\/\/i0.wp.com\/faktor-bildung.de\/wp-content\/uploads\/2021\/11\/WhatsApp-Image-2021-11-15-at-09.28.52-1.jpeg?resize=225%2C300&#038;ssl=1\" alt=\"Kurs\u00fcberblick: Herzlich Willkommen!\" width=\"225\" height=\"300\" srcset=\"https:\/\/i0.wp.com\/faktor-bildung.de\/wp-content\/uploads\/2021\/11\/WhatsApp-Image-2021-11-15-at-09.28.52-1.jpeg?resize=225%2C300&amp;ssl=1 225w, https:\/\/i0.wp.com\/faktor-bildung.de\/wp-content\/uploads\/2021\/11\/WhatsApp-Image-2021-11-15-at-09.28.52-1.jpeg?resize=230%2C307&amp;ssl=1 230w, https:\/\/i0.wp.com\/faktor-bildung.de\/wp-content\/uploads\/2021\/11\/WhatsApp-Image-2021-11-15-at-09.28.52-1.jpeg?resize=350%2C467&amp;ssl=1 350w, https:\/\/i0.wp.com\/faktor-bildung.de\/wp-content\/uploads\/2021\/11\/WhatsApp-Image-2021-11-15-at-09.28.52-1.jpeg?resize=480%2C640&amp;ssl=1 480w, https:\/\/i0.wp.com\/faktor-bildung.de\/wp-content\/uploads\/2021\/11\/WhatsApp-Image-2021-11-15-at-09.28.52-1.jpeg?w=768&amp;ssl=1 768w\" sizes=\"auto, (max-width: 225px) 100vw, 225px\" \/><\/p>\n<p>Die ersten Kurse, die beginnen, sind <a href=\"https:\/\/faktor-bildung.de\/index.php\/babysignal\/\">babySignal<\/a>-Eltern-Kind-Kurse! Mit einem Klick kommt Ihr zu genaueren Infos zu den <a href=\"https:\/\/faktor-bildung.de\/index.php\/kursorte\/\">Kursorten<\/a> &#8211; einschlie\u00dflich interaktiver Karte.<\/p>\n<p>Am 11.11.2021 fiel vormittags der Startschuss zu meinem ersten Kurs in Weilburg, hier waren vier Familien dabei. Die M\u00e4dchen und Jungen waren zwischen 6 Monate und 15 Monate alt. In der <a href=\"https:\/\/www.hebammen-weilburg.de\/\" target=\"_blank\" rel=\"noopener\">Hebammenpraxis im Zentrum von Weilburg<\/a> strahlt der Kursraum ein sehr gem\u00fctliches Wohlf\u00fchlflair aus.<\/p>\n<p>&nbsp;<\/p>\n<p><img data-recalc-dims=\"1\" loading=\"lazy\" decoding=\"async\" class=\"wp-image-339 size-medium alignleft\" src=\"https:\/\/i0.wp.com\/faktor-bildung.de\/wp-content\/uploads\/2021\/11\/WhatsApp-Image-2021-11-15-at-09.28.52.jpeg?resize=225%2C300&#038;ssl=1\" alt=\"Kurs\u00fcberblick - Kursraum in Weilburg\" width=\"225\" height=\"300\" srcset=\"https:\/\/i0.wp.com\/faktor-bildung.de\/wp-content\/uploads\/2021\/11\/WhatsApp-Image-2021-11-15-at-09.28.52.jpeg?resize=225%2C300&amp;ssl=1 225w, https:\/\/i0.wp.com\/faktor-bildung.de\/wp-content\/uploads\/2021\/11\/WhatsApp-Image-2021-11-15-at-09.28.52.jpeg?resize=230%2C307&amp;ssl=1 230w, https:\/\/i0.wp.com\/faktor-bildung.de\/wp-content\/uploads\/2021\/11\/WhatsApp-Image-2021-11-15-at-09.28.52.jpeg?resize=350%2C467&amp;ssl=1 350w, https:\/\/i0.wp.com\/faktor-bildung.de\/wp-content\/uploads\/2021\/11\/WhatsApp-Image-2021-11-15-at-09.28.52.jpeg?resize=480%2C640&amp;ssl=1 480w, https:\/\/i0.wp.com\/faktor-bildung.de\/wp-content\/uploads\/2021\/11\/WhatsApp-Image-2021-11-15-at-09.28.52.jpeg?w=768&amp;ssl=1 768w\" sizes=\"auto, (max-width: 225px) 100vw, 225px\" \/><\/p>\n<p>Mittlerweile sind schon in Weilburg, in Neu-Anspach und in Weilrod nicht nur der erste Kurs beendet und sowohl die Familien wie auch ich haben eine tolle Zeit miteinander gehabt. Ein kleines Follow-up hat sich hier schon etabliert und findet im Oktober zum zweiten mal statt. Wenn Ihr wissen m\u00f6chtet, was es<\/p>\n<p>aus den Kursen zu berichten gibt, schaut doch ab und zu mal auf der Webseite, ich plaudere f\u00fcr Euch aus meinem<a href=\"https:\/\/faktor-bildung.de\/index.php\/naehkaestchen\/\"> N\u00e4hk\u00e4stchen<\/a>.<\/p>\n<p>&nbsp;<\/p>\n<p>In Zusammenarbeit mit der Familiennetzwerkerin von Weilrod, Anna Habermann, konnte ich auch R\u00e4ume in Weilrod finden: Los geht es wieder ab dem 08.09.2022 in der Pfarrscheune in Rod an der Weil. Auch in einem anderen Ortsteil von Weilrod, Gem\u00fcnden, findet der Kurs (im Wechsel mit Rod) statt, damit wir nicht nur im einen Ortsteil pr\u00e4sent sind und es der Einen oder dem Anderen organisatorisch etwas leichter f\u00e4llt, dabei zu sein.<\/p>\n<p>Zu den Terminen, in denen auch in Weilrod Kurse stattfinden, bin ich am Nachmittag noch in Diez im Geburtshaus Lebensstern.<\/p>\n<p>&nbsp;<\/p>\n<p><img data-recalc-dims=\"1\" loading=\"lazy\" decoding=\"async\" class=\"size-medium wp-image-2118 alignleft\" src=\"https:\/\/i0.wp.com\/faktor-bildung.de\/wp-content\/uploads\/2022\/10\/IMG_8672.jpg?resize=225%2C300&#038;ssl=1\" alt=\"Kurs\u00fcberblick Diez\" width=\"225\" height=\"300\" srcset=\"https:\/\/i0.wp.com\/faktor-bildung.de\/wp-content\/uploads\/2022\/10\/IMG_8672-rotated.jpg?resize=225%2C300&amp;ssl=1 225w, https:\/\/i0.wp.com\/faktor-bildung.de\/wp-content\/uploads\/2022\/10\/IMG_8672-rotated.jpg?resize=230%2C307&amp;ssl=1 230w, https:\/\/i0.wp.com\/faktor-bildung.de\/wp-content\/uploads\/2022\/10\/IMG_8672-rotated.jpg?resize=350%2C467&amp;ssl=1 350w, https:\/\/i0.wp.com\/faktor-bildung.de\/wp-content\/uploads\/2022\/10\/IMG_8672-rotated.jpg?w=480&amp;ssl=1 480w\" sizes=\"auto, (max-width: 225px) 100vw, 225px\" \/><\/p>\n<p>In Neu-Anspach steht ein Kursraum im <a id=\"kurs_in_weilburg\" href=\"https:\/\/www.minimumm.com\/\" target=\"_blank\" rel=\"noopener\">MiniMumm<\/a> f\u00fcr Donnerstag nachmittags zur Verf\u00fcgung. Der n\u00e4chste Kursstart ist am 20.10.22 nachmittags um 15:30.<\/p>\n<p><img data-recalc-dims=\"1\" loading=\"lazy\" decoding=\"async\" class=\"size-medium wp-image-2117 alignleft\" src=\"https:\/\/i0.wp.com\/faktor-bildung.de\/wp-content\/uploads\/2022\/10\/IMG_6527.jpg?resize=225%2C300&#038;ssl=1\" alt=\"Kurs\u00fcberblick N-A\" width=\"225\" height=\"300\" srcset=\"https:\/\/i0.wp.com\/faktor-bildung.de\/wp-content\/uploads\/2022\/10\/IMG_6527-rotated.jpg?resize=225%2C300&amp;ssl=1 225w, https:\/\/i0.wp.com\/faktor-bildung.de\/wp-content\/uploads\/2022\/10\/IMG_6527-rotated.jpg?resize=230%2C307&amp;ssl=1 230w, https:\/\/i0.wp.com\/faktor-bildung.de\/wp-content\/uploads\/2022\/10\/IMG_6527-rotated.jpg?resize=350%2C467&amp;ssl=1 350w, https:\/\/i0.wp.com\/faktor-bildung.de\/wp-content\/uploads\/2022\/10\/IMG_6527-rotated.jpg?w=480&amp;ssl=1 480w\" sizes=\"auto, (max-width: 225px) 100vw, 225px\" \/><\/p>\n<p>Um 10 Uhr findet ab dem 20.10.22 wieder in Weilburg ein Kurs statt.<\/p>\n<p>&nbsp;<\/p>\n<p>&nbsp;<\/p>\n<p>&nbsp;<\/p>\n<p>&nbsp;<\/p>\n<p>&nbsp;<\/p>\n<p>&nbsp;<\/p>\n<p>&nbsp;<\/p>\n<p>&nbsp;<\/p>\n<p><strong>Hier ein aktueller Kurs\u00fcberblick f\u00fcr die aktuelle Planung f\u00fcr das Jahr 2022 und die ersten Kurse 2023 :<\/strong><\/p>\n<h4 id=\"kurs_in_neu_anspach\">Kurse in Weilburg in der Hebammenpraxis am Marktplatz:<\/h4>\n<table width=\"438\">\n<tbody>\n<tr>\n<td width=\"71\">Kurs Nr.:<\/td>\n<td width=\"76\">7278<\/td>\n<td width=\"80\"><\/td>\n<td width=\"49\"><\/td>\n<td width=\"76\"><\/td>\n<td width=\"86\"><\/td>\n<\/tr>\n<tr>\n<td><\/td>\n<td>20.10.2022<\/td>\n<td>10:00<\/td>\n<td><\/td>\n<td>09.03.2023<\/td>\n<td>9:30<\/td>\n<\/tr>\n<tr>\n<td><\/td>\n<td>27.10.2022<\/td>\n<td>10:00<\/td>\n<td><\/td>\n<td>16.03.2023<\/td>\n<td>9:30<\/td>\n<\/tr>\n<tr>\n<td><\/td>\n<td>03.11.2022<\/td>\n<td>10:00<\/td>\n<td><\/td>\n<td>23.03.2023<\/td>\n<td>9:30<\/td>\n<\/tr>\n<tr>\n<td><\/td>\n<td>10.11.2022<\/td>\n<td>10:00<\/td>\n<td><\/td>\n<td>30.03.2023<\/td>\n<td>9:30<\/td>\n<\/tr>\n<tr>\n<td><\/td>\n<td>17.11.2022<\/td>\n<td>10:00<\/td>\n<td><\/td>\n<td>27.04.2023<\/td>\n<td>9:30<\/td>\n<\/tr>\n<tr>\n<td><\/td>\n<td>01.12.2022<\/td>\n<td>10:00<\/td>\n<td><\/td>\n<td>04.05.2023<\/td>\n<td>9:30<\/td>\n<\/tr>\n<\/tbody>\n<\/table>\n<p><em><br \/>\nWenn es f\u00fcr einen Kurs mehr Interessierte als die 8 vorgesehenen Pl\u00e4tze gibt, wird die Gruppe geteilt und es findet an den gleichen Tagen jeweils ein weiterer Kurs um 11 Uhr statt.<\/em><\/p>\n<h4 id=\"kurs_in_weilrod\">Kurse in Neu-Anspach im Eltern-Kind-Zentrum MiniMumm:<\/h4>\n<table width=\"438\">\n<tbody>\n<tr>\n<td width=\"71\">Kurs Nr.:<\/td>\n<td width=\"76\">7281<\/td>\n<td width=\"80\"><\/td>\n<td width=\"49\"><\/td>\n<td width=\"76\"><\/td>\n<td width=\"86\"><\/td>\n<\/tr>\n<tr>\n<td><\/td>\n<td>20.10.2022<\/td>\n<td>15:30<\/td>\n<td><\/td>\n<td>12.01.2023<\/td>\n<td>15:30<\/td>\n<\/tr>\n<tr>\n<td><\/td>\n<td>27.10.2022<\/td>\n<td>15:30<\/td>\n<td><\/td>\n<td>19.01.2023<\/td>\n<td>15:30<\/td>\n<\/tr>\n<tr>\n<td><\/td>\n<td>03.11.2022<\/td>\n<td>15:30<\/td>\n<td><\/td>\n<td>26.01.2023<\/td>\n<td>15:30<\/td>\n<\/tr>\n<tr>\n<td><\/td>\n<td>10.11.2022<\/td>\n<td>15:30<\/td>\n<td><\/td>\n<td>02.02.2023<\/td>\n<td>15:30<\/td>\n<\/tr>\n<tr>\n<td><\/td>\n<td>17.11.2022<\/td>\n<td>15:30<\/td>\n<td><\/td>\n<td>09.02.2023<\/td>\n<td>15:30<\/td>\n<\/tr>\n<tr>\n<td><\/td>\n<td>01.12.2022<\/td>\n<td>15:30<\/td>\n<td><\/td>\n<td>16.02.2023<\/td>\n<td>15:30<\/td>\n<\/tr>\n<\/tbody>\n<\/table>\n<p><em>Wenn es f\u00fcr einen Kurs mehr Interessierte als die 8 vorgesehenen Pl\u00e4tze gibt, wird die Gruppe geteilt und es findet an den gleichen Tagen jeweils ein weiterer Kurs um 16:30 Uhr statt.<\/em><\/p>\n<h4><\/h4>\n<h4>Kurse in Weilrod (dezentral, das jeweilige Ortsteil steht \u00fcber den Uhrzeiten):<\/h4>\n<table width=\"438\">\n<tbody>\n<tr>\n<td width=\"71\">Kurs Nr.:<\/td>\n<td width=\"76\">7282<\/td>\n<td width=\"80\">Rod an der Weil<\/td>\n<td width=\"49\"><\/td>\n<td width=\"76\"><\/td>\n<td width=\"86\">Gem\u00fcnden<\/td>\n<\/tr>\n<tr>\n<td><\/td>\n<td>08.09.2022<\/td>\n<td>10:00<\/td>\n<td><\/td>\n<td>13.01.2023<\/td>\n<td>9:30<\/td>\n<\/tr>\n<tr>\n<td><\/td>\n<td>15.09.2022<\/td>\n<td>10:00<\/td>\n<td><\/td>\n<td>20.01.2023<\/td>\n<td>9:30<\/td>\n<\/tr>\n<tr>\n<td><\/td>\n<td>22.09.2022<\/td>\n<td>10:00<\/td>\n<td><\/td>\n<td>27.01.2023<\/td>\n<td>9:30<\/td>\n<\/tr>\n<tr>\n<td><\/td>\n<td>29.09.2022<\/td>\n<td>10:00<\/td>\n<td><\/td>\n<td>03.02.2023<\/td>\n<td>9:30<\/td>\n<\/tr>\n<tr>\n<td><\/td>\n<td>06.10.2022<\/td>\n<td>10:00<\/td>\n<td><\/td>\n<td>10.02.2023<\/td>\n<td>9:30<\/td>\n<\/tr>\n<tr>\n<td><\/td>\n<td>13.10.2022<\/td>\n<td>10:00<\/td>\n<td><\/td>\n<td>17.02.2023<\/td>\n<td>9:30<\/td>\n<\/tr>\n<\/tbody>\n<\/table>\n<p><em>Wenn es f\u00fcr einen Kurs mehr Interessierte als die 8 vorgesehenen Pl\u00e4tze gibt, wird die Gruppe geteilt und es findet an den gleichen Tagen jeweils ein weiterer Kurs um 11 Uhr statt.<\/em><\/p>\n<h4><\/h4>\n<h4>Kurse im Geburtshaus Lebensstern in Diez:<\/h4>\n<table width=\"438\">\n<tbody>\n<tr>\n<td width=\"71\">Kurs Nr.:<\/td>\n<td width=\"76\">7662<\/td>\n<td width=\"80\"><\/td>\n<td width=\"49\"><\/td>\n<td width=\"76\"><\/td>\n<td width=\"86\"><\/td>\n<\/tr>\n<tr>\n<td><\/td>\n<td>08.09.2022<\/td>\n<td>15:30<\/td>\n<td><\/td>\n<td>12.01.2023<\/td>\n<td>9:30<\/td>\n<\/tr>\n<tr>\n<td><\/td>\n<td>15.09.2022<\/td>\n<td>15:30<\/td>\n<td><\/td>\n<td>19.01.2023<\/td>\n<td>9:30<\/td>\n<\/tr>\n<tr>\n<td><\/td>\n<td>22.09.2022<\/td>\n<td>15:30<\/td>\n<td><\/td>\n<td>26.01.2023<\/td>\n<td>9:30<\/td>\n<\/tr>\n<tr>\n<td><\/td>\n<td>29.09.2022<\/td>\n<td>15:30<\/td>\n<td><\/td>\n<td>02.02.2023<\/td>\n<td>9:30<\/td>\n<\/tr>\n<tr>\n<td><\/td>\n<td>06.10.2022<\/td>\n<td>15:30<\/td>\n<td><\/td>\n<td>09.02.2023<\/td>\n<td>9:30<\/td>\n<\/tr>\n<tr>\n<td><\/td>\n<td>13.10.2022<\/td>\n<td>15:30<\/td>\n<td><\/td>\n<td>16.02.2023<\/td>\n<td>9:30<\/td>\n<\/tr>\n<\/tbody>\n<\/table>\n<p><em>Wenn es f\u00fcr einen Kurs mehr Interessierte als die 8 vorgesehenen Pl\u00e4tze gibt, wird die Gruppe geteilt und es findet an den gleichen Tagen jeweils ein weiterer Kurs um 14:30 Uhr statt.<\/em><\/p>\n<p>&nbsp;<\/p>\n<h4><strong>babySignal regional online im Taunus!<\/strong><\/h4>\n<p>Es gibt immer wieder Eltern, die gern an babySignal-Kursen teilnehmen w\u00fcrden, f\u00fcr die allerdings die Zeiten, zu denen ich in den verschiedenen Kursr\u00e4umen Kurse anbieten kann, nicht passen. Um auch diesen Eltern eine L\u00f6sung anbieten zu k\u00f6nnen, habe eine weitere Ausbildung bei der babySignal-Gr\u00fcnderin Wiebke Gericke absolviert, um Euch hier im Taunus regionale Onlinekurse anbieten zu k\u00f6nnen.<\/p>\n<p>Warum regionale Onlinekurse? Das hat mehrere Vorteile. Nicht jeder findet in seinem Alltag mit Kind und dem weiteren Leben Zeit, einen Kurs zu besuchen. Welcher Grund auch immer dahinter steckt, ist dabei v\u00f6llig zweitrangig. Aber ein Onlinekurs hat keine Fahrtzeit bzw. Fahrtkosten zum Kursort, kann von zuhause aus gemacht werden, wenn beispielsweise das Baby mittags sein Schl\u00e4fchen h\u00e4lt oder am Abend f\u00fcr die Nacht ins Bett gebracht wurde. Nichtsdestotrotz ist es f\u00fcr Mama und\/oder Papa m\u00f6glich, einen babySignal-Kurs zu besuchen und dabei mit anderen Eltern virtuell zusammenzukommen, mit denen man sich mit den Kindern beispielsweise auch auf einem Spielplatz treffen kann.<\/p>\n<p>Ich bin gern f\u00fcr Kinder und Eltern im Taunus da! Das ist beispielsweise auch eine gute Art, babySignal zu (kennenzu-)lernen f\u00fcr Menschen in Gr\u00e4venwiesbach, Usingen, Schmitten, Glash\u00fctten, Idstein, Niedernhausen, Bad Camberg, Selters (Taunus), Taunusstein, K\u00f6nigsstein, Kelkheim, Eppstein und Limburg an der Lahn. R\u00e4umlich sind all diese Orte f\u00fcr mich gut erreichbar, ich habe dort allerdings keine Kursr\u00e4ume. Gerade in einer so l\u00e4ndlichen Region wie dem Taunus finde ich es wichtig, mit dem Kurs zu Euch in die N\u00e4he zu kommen. Damit ist der Radius f\u00fcr den Kurs\u00fcberblick ein bisschen gewachsen&#8230;<\/p>\n<p>Folgende Kursreihe biete ich Euch an: Der Kurs ist immer sonntags und dauert an den 5 Terminen immer 30 Minuten.<\/p>\n<table width=\"304\">\n<tbody>\n<tr>\n<td width=\"80\">sonntags<\/td>\n<td width=\"49\"><\/td>\n<td width=\"39\"><\/td>\n<td width=\"86\"><\/td>\n<td width=\"50\"><\/td>\n<\/tr>\n<tr>\n<td>06.11.2022<\/td>\n<td>20:30<\/td>\n<td><\/td>\n<td><\/td>\n<td><\/td>\n<\/tr>\n<tr>\n<td>13.11.2022<\/td>\n<td>20:30<\/td>\n<td><\/td>\n<td><\/td>\n<td><\/td>\n<\/tr>\n<tr>\n<td>20.11.2022<\/td>\n<td>20:30<\/td>\n<td><\/td>\n<td><\/td>\n<td><\/td>\n<\/tr>\n<tr>\n<td>27.11.2022<\/td>\n<td>20:30<\/td>\n<td><\/td>\n<td><\/td>\n<td><\/td>\n<\/tr>\n<tr>\n<td>04.12.2022<\/td>\n<td>20:30<\/td>\n<td><\/td>\n<td><\/td>\n<td><\/td>\n<\/tr>\n<\/tbody>\n<\/table>\n<h4>Mehr M\u00f6glichkeiten &#8211; wenn Ihr wollt!<\/h4>\n<p>Bald gibt es au\u00dferdem auch jeweils samstags einen Kompaktkurse plus. Dieses Format ist f\u00fcr diejenigen gedacht, die es nicht schaffen, 6 mal donnerstags an einem regul\u00e4ren Pr\u00e4senzkurs teilzunehmen.<\/p>\n<p>Der Kompaktkurs plus findet an jeweils zwei Samstagen statt, Start ist um 9:30., Dauer pro Termin 90 Minuten. Geplant ist der n\u00e4chste in Weilburg am 2.4. und am 9.4. und in Weilrod wird am 30.4. und am 7.5. ein Kompaktkurs plus im DGH Gem\u00fcnden stattfinden.<\/p>\n<p>babySignal-Kurse gibt es auch in anderen Formaten, ein Start kurzfristig m\u00f6glich in Weilburg, Neu-Anspach, Weilrod und\/oder Diez.\u00a0 Gerne biete ich auf Wunsch auch samstags kompakte Kurse an. Diese Info darf aber doch im Kurs\u00fcberblick nicht fehlen, oder? Wenn Ihr daran Interesse habt bzw. wenn Euch das aus beruflichen oder organisatorischen Gr\u00fcnden besser passt, schickt mir einfach eine Mail an tina(a)faktor-bildung.de oder schreibt mir \u00fcber das <a href=\"https:\/\/faktor-bildung.de\/index.php\/kontakt\/\">Kontaktformular<\/a>. Folgende Formate sind m\u00f6glich:<\/p>\n<p>9:30 Workshop (1 x 120 Minuten) &#8211; gedacht f\u00fcr Eltern, die sich einmal etwas mehr Zeit nehmen k\u00f6nnen, um das Geb\u00e4rden mit Baby zu erlernen.<\/p>\n<p>10:00 Kompaktkurs (2 x 60 Minuten) &#8211; passend f\u00fcr Eltern, die an zwei Samstagen (mit wenig zeitlichem Abstand) Geb\u00e4rden kennenlernen und mit in den Alltag nehmen wollen.<\/p>\n<p>09:30 Kompaktkurs plus (2 x 90 Minuten) &#8211; ideal f\u00fcr Eltern, die an zwei Samstagen etwas mehr Zeit haben, um ein paar Geb\u00e4rden mehr und ein paar Tipps mehr f\u00fcr den Alltag mitnehmen m\u00f6chten.<\/p>\n<p>Kleinstkurse in Form von Einzelkursstunden oder auch in Zweiergruppen sind ebenfalls machbar, hier sollten wir uns mal absprechen, wie das gestaltet werden kann.<\/p>\n<p><em>Alle Kurse finden zu den geplanten Zeiten jeweils statt, wenn es entsprechend Interessierte gibt, die teilnehmen m\u00f6chten<\/em><\/p>\n<p>&nbsp;<\/p>\n<h4>Der Kurs\u00fcberblick wird immer wieder aktualisiert.<\/h4>\n<p>Ist Euer Baby noch ganz klein? Ich nehme Euch gerne auf die Interessentenliste auf! Schreibt mir gern eine Mail.<\/p>\n<p>Ihr habt schon einen Anf\u00e4ngerkurs gemacht und wollt mal wieder mit anderen zusammen geb\u00e4rden, in den Austausch gehen und noch einige neue Geb\u00e4rden lernen? Ich biete auch Auffrischkurse an &#8211; diese sind dann 3 x 45 Minuten und finden in der Regel an dem Kursort statt, an dem der Kurs besucht wurde.<\/p>\n<p>Eure Kinder besuchen schon oder demn\u00e4chst die Tagespflege oder eine Krippe, die Eure Kinder betreut und findet das Geb\u00e4rden mit Kindern auch so toll wie ich? Dann gebt gern die Info und meine Kontaktdaten weiter &#8211; ich biete auch <a href=\"https:\/\/faktor-bildung.de\/index.php\/krippenkurse\/\">Krippenkurse<\/a> f\u00fcr Tagespflegepersonen und Krippen an.<\/p>\n<p>Meldet Euch bei Interesse einfach \u00fcber das <a href=\"https:\/\/faktor-bildung.de\/index.php\/kontakt\/\">Kontaktformular<\/a> oder per Mail an tina(a)faktor-bildung.de.<\/p>\n","protected":false},"excerpt":{"rendered":"<p>Ein kleiner Kurs\u00fcberblick &#8211; aktueller Stand mit Ausblick und R\u00fcckblick: Die ersten Kurse, die beginnen, sind babySignal-Eltern-Kind-Kurse! Mit einem Klick kommt Ihr [&hellip;]<\/p>\n","protected":false},"author":1,"featured_media":0,"parent":0,"menu_order":0,"comment_status":"closed","ping_status":"closed","template":"","meta":{"footnotes":""},"class_list":["post-337","page","type-page","status-publish","hentry"],"jetpack-related-posts":[],"jetpack_sharing_enabled":true,"_links":{"self":[{"href":"https:\/\/faktor-bildung.de\/index.php\/wp-json\/wp\/v2\/pages\/337","targetHints":{"allow":["GET"]}}],"collection":[{"href":"https:\/\/faktor-bildung.de\/index.php\/wp-json\/wp\/v2\/pages"}],"about":[{"href":"https:\/\/faktor-bildung.de\/index.php\/wp-json\/wp\/v2\/types\/page"}],"author":[{"embeddable":true,"href":"https:\/\/faktor-bildung.de\/index.php\/wp-json\/wp\/v2\/users\/1"}],"replies":[{"embeddable":true,"href":"https:\/\/faktor-bildung.de\/index.php\/wp-json\/wp\/v2\/comments?post=337"}],"version-history":[{"count":48,"href":"https:\/\/faktor-bildung.de\/index.php\/wp-json\/wp\/v2\/pages\/337\/revisions"}],"predecessor-version":[{"id":2121,"href":"https:\/\/faktor-bildung.de\/index.php\/wp-json\/wp\/v2\/pages\/337\/revisions\/2121"}],"wp:attachment":[{"href":"https:\/\/faktor-bildung.de\/index.php\/wp-json\/wp\/v2\/media?parent=337"}],"curies":[{"name":"wp","href":"https:\/\/api.w.org\/{rel}","templated":true}]}}