{"id":3293,"date":"2024-03-12T22:50:13","date_gmt":"2024-03-12T22:50:13","guid":{"rendered":"https:\/\/faktor-bildung.de\/?page_id=3293"},"modified":"2025-09-14T15:28:13","modified_gmt":"2025-09-14T15:28:13","slug":"rueckmeldungen","status":"publish","type":"page","link":"https:\/\/faktor-bildung.de\/index.php\/rueckmeldungen\/","title":{"rendered":"R\u00fcckmeldungen von ehemaligen Teilnehmenden"},"content":{"rendered":"<p><img data-recalc-dims=\"1\" loading=\"lazy\" decoding=\"async\" class=\"alignleft wp-image-3158 size-full\" src=\"https:\/\/i0.wp.com\/faktor-bildung.de\/wp-content\/uploads\/2024\/02\/mail.png?resize=130%2C115&#038;ssl=1\" alt=\"R\u00fcckmeldungen\" width=\"130\" height=\"115\" \/>Ich liebe R\u00fcckmeldungen! Sowohl auf Google als auch \u00fcber mein Feedback-Formular sammle ich gerne Eindr\u00fccke von Menschen, mit denen ich zusammengearbeitet habe.<\/p>\n<h4>Hier sind einige der R\u00fcckmeldungen nach <a href=\"https:\/\/faktor-bildung.de\/index.php\/fachkraft-seminare\/\">Fachkraft-Seminaren<\/a>:<\/h4>\n<p>von Svenja B\u00f6hle (Qualifizierungsma\u00dfnahme f\u00fcr Fachkr\u00e4fte NRW): &#8222;Liebe Tina, vielen Dank f\u00fcr die spannenden und anregenden zwei Seminartage mit Dir zum Thema &#8222;Lernumgebungen, Bildungsanl\u00e4sse und Interaktionsgestaltung&#8220; im Rahmen der Qualifizierungsma\u00dfnahme! Es hat mir viel Freude bereitet! Herzliche Gr\u00fc\u00dfe Svenja&#8220;<\/p>\n<p>von Nikitha Amalaratna (Qualifizierungsma\u00dfnahme f\u00fcr Fachkr\u00e4fte NRW): &#8222;Sehr unterhaltsam, sehr abwechslungsreich und viele verschieden method enables z.b breakout session&#8220;<\/p>\n<p>von Joana Toz (Qualifizierungsma\u00dfnahme f\u00fcr Fachkr\u00e4fte NRW): &#8222;Es war wirklich sehr toll. Auf Fragen und Anregungen wurde ausf\u00fchrlich eingegangen. Die Zeit ging total schnell um, da man immer was zu besprechen hatte und spannende Themen dabei waren!&#8220;<\/p>\n<p>Im Rahmen der <a href=\"https:\/\/www.akanova.de\/programm\/qualifizierungsmassnahme-nordrhein-westfalen\/\" target=\"_blank\" rel=\"noopener\">Qualifizierungsma\u00dfname<\/a> bin ich als <a href=\"https:\/\/www.akanova.de\/expertinnen\/\" target=\"_blank\" rel=\"noopener\">Expertin<\/a> f\u00fcr akanova t\u00e4tig.<\/p>\n<p>Wertsch\u00e4tzende R\u00fcckmeldungen bekomme ich manchmal auch direkt zu meinen Veranstaltungen, die ich direkt mit Einrichtungen oder Tr\u00e4gern anbiete. R\u00fcckmeldungen von den dort verantwortlichen gibt es unter Referenzen.<\/p>\n<p>von Vanessa Schr\u00f6der (<a href=\"https:\/\/faktor-bildung.de\/index.php\/fachkraft\/\">Fortbildung zu p\u00e4dagogischer Haltung, N\u00e4he-Distanz-Verh\u00e4ltnis und Resilienz<\/a>): \u201eIch bin mit vielen Fragen gekommen \u2013 und mit noch mehr Antworten gegangen. Tina hat eine unglaubliche Ruhe und Klarheit, mit der sie auch komplexe Themen verst\u00e4ndlich macht. Sie hat uns nicht nur Inhalte vermittelt, sondern uns wirklich gesehen. Ihre Fortbildung war durchdacht, praxisnah und trotzdem voller Tiefe. Ich habe mich inspiriert und ernst genommen gef\u00fchlt \u2013 und das ist selten.\u201c<\/p>\n<p>von Steffi Becker (<a href=\"https:\/\/faktor-bildung.de\/index.php\/fortbildungskonzept_warjaklar\/\">BEP-Fortbildung zu Vorurteilsbewusstem Arbeiten<\/a>):\u00a0&#8222;Die Fortbildung bei Tina Vaahsen war fachlich fundiert und gleichzeitig \u00fcberraschend pers\u00f6nlich. Besonders beeindruckt hat mich der konsequente Praxisbezug: Die Inhalte waren nicht nur theoretisch durchdacht, sondern direkt auf meinen p\u00e4dagogischen Alltag \u00fcbertragbar. In den Gruppenarbeiten herrschte eine offene, wertsch\u00e4tzende Atmosph\u00e4re, die ehrlichen Austausch m\u00f6glich gemacht hat. Die Aufgaben, die wir gemeinsam bearbeitet haben, waren anspruchsvoll und klug konzipiert: Sie haben uns gefordert, aber nie \u00fcberfordert. Eine Erkenntnis hat mich besonders bewegt: Wie sehr meine eigene Haltung mein Handeln pr\u00e4gt \u2013 und wie viel Kraft darin liegt, wenn ich mir dessen bewusst zu werde. Ich gehe jetzt gest\u00e4rkt, inspiriert und mit neuen Impulsen zur\u00fcck in meine Einrichtung.&#8220;<\/p>\n<p>&nbsp;<\/p>\n<p><img data-recalc-dims=\"1\" loading=\"lazy\" decoding=\"async\" class=\"alignright wp-image-3307 size-full\" src=\"https:\/\/i0.wp.com\/faktor-bildung.de\/wp-content\/uploads\/2024\/03\/mike.png?resize=84%2C147&#038;ssl=1\" alt=\"R\u00fcckmeldungen\" width=\"84\" height=\"147\" \/><\/p>\n<h4>Es gibt auch R\u00fcckmeldungen aus den <a href=\"https:\/\/faktor-bildung.de\/index.php\/babysignal\/\">babySignal-Kursen<\/a>, zum Beispiel:<\/h4>\n<p>von Claudia Gebhardt (\u00fcber Google): &#8222;Wir haben bereits 2 BabySignal Kurse bei Tina besucht. Und es ist nur zu empfehlen. Die Interaktion mit Liedern und dazu lernenden Geb\u00e4rden macht sowohl den Kindern als auch den Eltern Spa\u00df. Tina macht das einfach super und mit ganz viel Herz \u2764&#8220;<\/p>\n<p>von Sabrina Weiss (\u00fcber Google): &#8222;Wir hatten in jeder einzelnen Kurs-Stunde mit Tina eine wirklich gute Zeit. Das \u201eSprechen mit den H\u00e4nden\u201c erleichtert uns unseren Alltag schon jetzt. Erinnert ihr euch an die Zeit, in der euer Kind die Welt entdeckt? In der Zeit kann wickeln wirklich anstrengend sein &#8211; au\u00dfer, dein Kind versteht dank Tina, dass es kurz ruhig liegen bleiben soll. \u263a\ufe0f Danke Tina \u263a\ufe0f&#8220;<\/p>\n<p>von Anna Boyd (\u00fcber Google): &#8222;Tina hat einfach eine tolle Art und Weise mit den Kindern umzugehen. Meine Tochter, 10 Monate bei Beginn des Kurses, war von Beginn total angetan. Sie hat sich jedes Mal auf dem Kurs gefreut und jede Menge Spass gehabt und ich als Mama hatte ihn auch. Da wir unsere Tochter versuchen 3-sprachig zu erziehen, hoffen wir die Signale k\u00f6nnen auch also Sprachbr\u00fccken zwischen den Sprachen helfen. Tina&#8217;s internationaler Background hat da viel geholfen. Wer einen Kurs bei Tina machen kann, wird es nicht bereuen! Thank you Tina!&#8220;<\/p>\n<p>von Sandy Kowalski (\u00fcber Google): &#8222;Wir haben den Geb\u00e4rdensprachkurs mit unserem Einj\u00e4hrigen besucht. Die Kurse waren immer sch\u00f6n vorbereitet und f\u00fcr die Kleinen erstaunlich und interessant ausgeschm\u00fcckt. Die Gruppenathmosph\u00e4re fr\u00f6hlich und trotzdem ruhig genug um auch nicht zu \u00fcberfordern. Zum &#8222;Vokabel lernen&#8220; gibt&#8217;s immer ein Blatt mit nach Hause, so da\u00df man auch Zuhause nochmal entspannt alles ausprobieren kann. Auch nach der eigentlichen Corona Hochphase wurde immer auf allgemeine Hygiene geachtet (Matten desinfiziert usw.) und f\u00fcrsorglich \u00fcber eventuell &#8222;anst\u00f6\u00dfiges&#8220; gesprochen (z. B. ob Seifenblasen in Ordnung sind, wegen der Aerosole). Man merkt auch als nicht P\u00e4dagoge, da\u00df sich die Kleinen bei Tina gut aufgehoben f\u00fchlen. Also eine absolute Empfehlung!&#8220;<\/p>\n<p><a href=\"https:\/\/www.babysignal.de\/\" target=\"_blank\" rel=\"noopener\">babySignal<\/a> erm\u00f6glicht Eltern und Babys schon miteinander zu kommunizieren, bevor es mit gesprochenen Worten klappt. R\u00fcckmeldungen<\/p>\n","protected":false},"excerpt":{"rendered":"<p>Ich liebe R\u00fcckmeldungen! Sowohl auf Google als auch \u00fcber mein Feedback-Formular sammle ich gerne Eindr\u00fccke von Menschen, mit denen ich zusammengearbeitet habe. [&hellip;]<\/p>\n","protected":false},"author":1,"featured_media":0,"parent":0,"menu_order":0,"comment_status":"closed","ping_status":"closed","template":"","meta":{"footnotes":""},"class_list":["post-3293","page","type-page","status-publish","hentry"],"jetpack-related-posts":[],"jetpack_sharing_enabled":true,"_links":{"self":[{"href":"https:\/\/faktor-bildung.de\/index.php\/wp-json\/wp\/v2\/pages\/3293","targetHints":{"allow":["GET"]}}],"collection":[{"href":"https:\/\/faktor-bildung.de\/index.php\/wp-json\/wp\/v2\/pages"}],"about":[{"href":"https:\/\/faktor-bildung.de\/index.php\/wp-json\/wp\/v2\/types\/page"}],"author":[{"embeddable":true,"href":"https:\/\/faktor-bildung.de\/index.php\/wp-json\/wp\/v2\/users\/1"}],"replies":[{"embeddable":true,"href":"https:\/\/faktor-bildung.de\/index.php\/wp-json\/wp\/v2\/comments?post=3293"}],"version-history":[{"count":12,"href":"https:\/\/faktor-bildung.de\/index.php\/wp-json\/wp\/v2\/pages\/3293\/revisions"}],"predecessor-version":[{"id":5350,"href":"https:\/\/faktor-bildung.de\/index.php\/wp-json\/wp\/v2\/pages\/3293\/revisions\/5350"}],"wp:attachment":[{"href":"https:\/\/faktor-bildung.de\/index.php\/wp-json\/wp\/v2\/media?parent=3293"}],"curies":[{"name":"wp","href":"https:\/\/api.w.org\/{rel}","templated":true}]}}