{"id":3271,"date":"2024-03-11T09:58:14","date_gmt":"2024-03-11T09:58:14","guid":{"rendered":"https:\/\/faktor-bildung.de\/?page_id=3271"},"modified":"2024-12-31T15:27:49","modified_gmt":"2024-12-31T15:27:49","slug":"rolle","status":"publish","type":"page","link":"https:\/\/faktor-bildung.de\/index.php\/rolle\/","title":{"rendered":"Seminar &#8222;Was denn noch alles?!&#8220; &#8211; Meine Rolle als Fachkraft"},"content":{"rendered":"<h4>P\u00e4dagogische Fachkraft &#8211; das ist ein Begriff, der viel Raum l\u00e4sst. Raum, zu gestalten, zu interpretieren und zu erwarten. Und was ist deine Rolle dabei?<\/h4>\n<p><img data-recalc-dims=\"1\" loading=\"lazy\" decoding=\"async\" class=\" wp-image-1558 alignleft\" src=\"https:\/\/i0.wp.com\/faktor-bildung.de\/wp-content\/uploads\/2022\/07\/Forschung.jpg?resize=226%2C226&#038;ssl=1\" alt=\"Definitionen\" width=\"226\" height=\"226\" srcset=\"https:\/\/i0.wp.com\/faktor-bildung.de\/wp-content\/uploads\/2022\/07\/Forschung.jpg?resize=300%2C300&amp;ssl=1 300w, https:\/\/i0.wp.com\/faktor-bildung.de\/wp-content\/uploads\/2022\/07\/Forschung.jpg?resize=1024%2C1024&amp;ssl=1 1024w, https:\/\/i0.wp.com\/faktor-bildung.de\/wp-content\/uploads\/2022\/07\/Forschung.jpg?resize=150%2C150&amp;ssl=1 150w, https:\/\/i0.wp.com\/faktor-bildung.de\/wp-content\/uploads\/2022\/07\/Forschung.jpg?resize=768%2C768&amp;ssl=1 768w, https:\/\/i0.wp.com\/faktor-bildung.de\/wp-content\/uploads\/2022\/07\/Forschung.jpg?resize=1536%2C1536&amp;ssl=1 1536w, https:\/\/i0.wp.com\/faktor-bildung.de\/wp-content\/uploads\/2022\/07\/Forschung.jpg?resize=920%2C920&amp;ssl=1 920w, https:\/\/i0.wp.com\/faktor-bildung.de\/wp-content\/uploads\/2022\/07\/Forschung.jpg?resize=230%2C230&amp;ssl=1 230w, https:\/\/i0.wp.com\/faktor-bildung.de\/wp-content\/uploads\/2022\/07\/Forschung.jpg?resize=350%2C350&amp;ssl=1 350w, https:\/\/i0.wp.com\/faktor-bildung.de\/wp-content\/uploads\/2022\/07\/Forschung.jpg?resize=480%2C480&amp;ssl=1 480w, https:\/\/i0.wp.com\/faktor-bildung.de\/wp-content\/uploads\/2022\/07\/Forschung.jpg?w=2048&amp;ssl=1 2048w\" sizes=\"auto, (max-width: 226px) 100vw, 226px\" \/>Es gibt eine Vielfalt an Definitionen. Auf <a href=\"https:\/\/www.socialnet.de\/lexikon\/Erzieherin-Erzieher\" target=\"_blank\" rel=\"noopener\">socialnet<\/a> lesen wir im Lexikon: &#8222;ErzieherInnen betreuen, bilden und erziehen Kinder und Jugendliche. Sie arbeiten \u00fcberwiegend in Kinderbetreuungseinrichtungen, so z.B. in kommunalen, kirchlichen oder freien\u00a0<a class=\"lexlink-aktiv\" href=\"https:\/\/www.socialnet.de\/lexikon\/Kindertageseinrichtung\" target=\"_blank\" rel=\"noopener\">Kindertageseinrichtungen<\/a>, Kinderkrippen, Schul- und Betriebseinrichtungen, Offenen Ganztagsschulen sowie Horten oder Heimen f\u00fcr Kinder und Jugendliche.&#8220; Weiterhin ist zum Beispiel auf der <a href=\"https:\/\/de.wikipedia.org\/wiki\/Erzieher\" target=\"_blank\" rel=\"noopener\">Wikipedia<\/a> zu lesen: &#8222;Die T\u00e4tigkeitsfelder von Erziehern sind sehr vielf\u00e4ltig. Sie umfassen vor allem die Aufsicht, Erziehung, Bildung, Betreuung und Pflege von Kindern und Jugendlichen. Hinzu kommt die Zusammenarbeit mit\u00a0<a title=\"Elternschaft\" href=\"https:\/\/de.wikipedia.org\/wiki\/Elternschaft\" target=\"_blank\" rel=\"noopener\">Eltern<\/a>,\u00a0<a title=\"Lehrer\" href=\"https:\/\/de.wikipedia.org\/wiki\/Lehrer\" target=\"_blank\" rel=\"noopener\">Lehrkr\u00e4ften<\/a>\u00a0sowie anderen Kontaktpersonen der Klienten und \u00c4mter (insbesondere dem\u00a0<a title=\"Jugendamt\" href=\"https:\/\/de.wikipedia.org\/wiki\/Jugendamt\" target=\"_blank\" rel=\"noopener\">Jugendamt<\/a>) und bei kirchlichen Tr\u00e4gern auch mit der\u00a0<a title=\"Kirchengemeinde\" href=\"https:\/\/de.wikipedia.org\/wiki\/Kirchengemeinde\" target=\"_blank\" rel=\"noopener\">Kirchengemeinde<\/a>.&#8220; <img data-recalc-dims=\"1\" loading=\"lazy\" decoding=\"async\" class=\" wp-image-516 alignright\" src=\"https:\/\/i0.wp.com\/faktor-bildung.de\/wp-content\/uploads\/2021\/12\/Kurs_WEL_2021.jpg?resize=174%2C249&#038;ssl=1\" alt=\"Meine Rolle als Fachkraft\" width=\"174\" height=\"249\" srcset=\"https:\/\/i0.wp.com\/faktor-bildung.de\/wp-content\/uploads\/2021\/12\/Kurs_WEL_2021.jpg?resize=210%2C300&amp;ssl=1 210w, https:\/\/i0.wp.com\/faktor-bildung.de\/wp-content\/uploads\/2021\/12\/Kurs_WEL_2021.jpg?resize=230%2C329&amp;ssl=1 230w, https:\/\/i0.wp.com\/faktor-bildung.de\/wp-content\/uploads\/2021\/12\/Kurs_WEL_2021.jpg?resize=350%2C501&amp;ssl=1 350w, https:\/\/i0.wp.com\/faktor-bildung.de\/wp-content\/uploads\/2021\/12\/Kurs_WEL_2021.jpg?resize=480%2C686&amp;ssl=1 480w, https:\/\/i0.wp.com\/faktor-bildung.de\/wp-content\/uploads\/2021\/12\/Kurs_WEL_2021.jpg?w=716&amp;ssl=1 716w\" sizes=\"auto, (max-width: 174px) 100vw, 174px\" \/><\/p>\n<p>Oft sind die Fachkr\u00e4fte mit Rollen und Rollenerwartungen konfrontiert, mit denen sie sich erst einmal auseinandersetzen m\u00fcssen. Manchmal h\u00f6rt man deutlich die Worte &#8222;Was denn noch alles?!&#8220; &#8211; und falls nicht, schwingen sie oft im Alltag in den Einrichtungen mit. Eine gewisse Klarheit birgt M\u00f6glichkeit, sich aktiv mit der Rolle auseinanderzusetzen und sich bewusst einzubringen.<\/p>\n<h4>Welche Rolle nimmst du im Alltag ein? Was macht dich im beruflichen Alltag aus? Was ist dein Antrieb und woher nimmst du ihn?<\/h4>\n<p>&nbsp;<\/p>\n<p><img data-recalc-dims=\"1\" loading=\"lazy\" decoding=\"async\" class=\" wp-image-1556 alignleft\" src=\"https:\/\/i0.wp.com\/faktor-bildung.de\/wp-content\/uploads\/2022\/07\/Kitaalltag-1.jpg?resize=410%2C172&#038;ssl=1\" alt=\"Rolle\" width=\"410\" height=\"172\" srcset=\"https:\/\/i0.wp.com\/faktor-bildung.de\/wp-content\/uploads\/2022\/07\/Kitaalltag-1-scaled.jpg?resize=300%2C126&amp;ssl=1 300w, https:\/\/i0.wp.com\/faktor-bildung.de\/wp-content\/uploads\/2022\/07\/Kitaalltag-1-scaled.jpg?resize=1024%2C429&amp;ssl=1 1024w, https:\/\/i0.wp.com\/faktor-bildung.de\/wp-content\/uploads\/2022\/07\/Kitaalltag-1-scaled.jpg?resize=768%2C321&amp;ssl=1 768w, https:\/\/i0.wp.com\/faktor-bildung.de\/wp-content\/uploads\/2022\/07\/Kitaalltag-1-scaled.jpg?resize=1536%2C643&amp;ssl=1 1536w, https:\/\/i0.wp.com\/faktor-bildung.de\/wp-content\/uploads\/2022\/07\/Kitaalltag-1-scaled.jpg?resize=2048%2C857&amp;ssl=1 2048w, https:\/\/i0.wp.com\/faktor-bildung.de\/wp-content\/uploads\/2022\/07\/Kitaalltag-1-scaled.jpg?resize=920%2C385&amp;ssl=1 920w, https:\/\/i0.wp.com\/faktor-bildung.de\/wp-content\/uploads\/2022\/07\/Kitaalltag-1-scaled.jpg?resize=230%2C96&amp;ssl=1 230w, https:\/\/i0.wp.com\/faktor-bildung.de\/wp-content\/uploads\/2022\/07\/Kitaalltag-1-scaled.jpg?resize=350%2C146&amp;ssl=1 350w, https:\/\/i0.wp.com\/faktor-bildung.de\/wp-content\/uploads\/2022\/07\/Kitaalltag-1-scaled.jpg?resize=480%2C201&amp;ssl=1 480w, https:\/\/i0.wp.com\/faktor-bildung.de\/wp-content\/uploads\/2022\/07\/Kitaalltag-1-scaled.jpg?w=2340&amp;ssl=1 2340w\" sizes=\"auto, (max-width: 410px) 100vw, 410px\" \/>Das sind einige der elementaren Fragen, denen wir im Seminar auf den Grund gehen, um gemeinsam herauszufinden, was es mit deiner Rolle als Fachkraft auf sich hat. Gearbeitet wird sowohl in der Gesamtgruppe als auch im Einzel und in Kleingruppen. Methodisch abwechslungsreich werden alle Teilnehmenden im Prozess eingeladen, sich aktiv mit ihrer Rolle auseinanderzusetzen und es werden Wege, auf denen sich alle selbst verorten k\u00f6nnen, entwickelt.<\/p>\n<p>Das Seminar &#8222;Was denn noch alles?!&#8220; &#8211; Meine Rolle als Fachkraft habe ich als eint\u00e4giges Seminar konzipiert. Es kann als Pr\u00e4senzseminar oder auch als virtuelle Veranstaltung stattfinden. Auch Kita-Teams k\u00f6nnen diese Veranstaltung als einen Teamtag nutzen, um ein gutes Miteinander (weiter) zu entwickeln.<\/p>\n<p>Dar\u00fcber hinaus habe ich noch weitere <a href=\"https:\/\/faktor-bildung.de\/index.php\/fachkraft-seminare\/\">Fachkraft-Seminare<\/a> vorbereitet, unter anderem eine <a href=\"https:\/\/bep.hessen.de\/\" target=\"_blank\" rel=\"noopener\">BEP-zertifizierte<\/a> Fortbildung zum vorurteilsbewussten Arbeiten im Alltag von Bildung und Erziehung. Schau doch gerne auch dort mal rein!<\/p>\n<p>F\u00fcr Ausk\u00fcnfte, weitere Informationen und Anfragen: \u00fcber das <a href=\"https:\/\/faktor-bildung.de\/index.php\/kontakt\/\">Kontaktformular<\/a> oder per Mail tina@faktor-bildung.de<\/p>\n","protected":false},"excerpt":{"rendered":"<p>P\u00e4dagogische Fachkraft &#8211; das ist ein Begriff, der viel Raum l\u00e4sst. Raum, zu gestalten, zu interpretieren und zu erwarten. Und was ist [&hellip;]<\/p>\n","protected":false},"author":1,"featured_media":0,"parent":0,"menu_order":0,"comment_status":"closed","ping_status":"closed","template":"","meta":{"footnotes":""},"class_list":["post-3271","page","type-page","status-publish","hentry"],"jetpack-related-posts":[],"jetpack_sharing_enabled":true,"_links":{"self":[{"href":"https:\/\/faktor-bildung.de\/index.php\/wp-json\/wp\/v2\/pages\/3271","targetHints":{"allow":["GET"]}}],"collection":[{"href":"https:\/\/faktor-bildung.de\/index.php\/wp-json\/wp\/v2\/pages"}],"about":[{"href":"https:\/\/faktor-bildung.de\/index.php\/wp-json\/wp\/v2\/types\/page"}],"author":[{"embeddable":true,"href":"https:\/\/faktor-bildung.de\/index.php\/wp-json\/wp\/v2\/users\/1"}],"replies":[{"embeddable":true,"href":"https:\/\/faktor-bildung.de\/index.php\/wp-json\/wp\/v2\/comments?post=3271"}],"version-history":[{"count":10,"href":"https:\/\/faktor-bildung.de\/index.php\/wp-json\/wp\/v2\/pages\/3271\/revisions"}],"predecessor-version":[{"id":4296,"href":"https:\/\/faktor-bildung.de\/index.php\/wp-json\/wp\/v2\/pages\/3271\/revisions\/4296"}],"wp:attachment":[{"href":"https:\/\/faktor-bildung.de\/index.php\/wp-json\/wp\/v2\/media?parent=3271"}],"curies":[{"name":"wp","href":"https:\/\/api.w.org\/{rel}","templated":true}]}}