{"id":3168,"date":"2024-02-24T17:39:49","date_gmt":"2024-02-24T17:39:49","guid":{"rendered":"https:\/\/faktor-bildung.de\/?page_id=3168"},"modified":"2024-02-24T18:00:23","modified_gmt":"2024-02-24T18:00:23","slug":"visualisieren","status":"publish","type":"page","link":"https:\/\/faktor-bildung.de\/index.php\/visualisieren\/","title":{"rendered":"Kreativ visualisieren f\u00fcr p\u00e4dagogische Fachkr\u00e4fte"},"content":{"rendered":"<p><img data-recalc-dims=\"1\" loading=\"lazy\" decoding=\"async\" class=\"size-medium wp-image-3169 alignright\" src=\"https:\/\/i0.wp.com\/faktor-bildung.de\/wp-content\/uploads\/2024\/02\/Sommerfest.png?resize=193%2C300&#038;ssl=1\" alt=\"visualisieren Einladung Sommerfest\" width=\"193\" height=\"300\" srcset=\"https:\/\/i0.wp.com\/faktor-bildung.de\/wp-content\/uploads\/2024\/02\/Sommerfest.png?resize=193%2C300&amp;ssl=1 193w, https:\/\/i0.wp.com\/faktor-bildung.de\/wp-content\/uploads\/2024\/02\/Sommerfest.png?resize=230%2C357&amp;ssl=1 230w, https:\/\/i0.wp.com\/faktor-bildung.de\/wp-content\/uploads\/2024\/02\/Sommerfest.png?w=330&amp;ssl=1 330w\" sizes=\"auto, (max-width: 193px) 100vw, 193px\" \/><\/p>\n<p>Das Thema auf den Punkt bringen, nichts einfacher als das? Ja, visualisieren klappt sogar sehr gut mit Tricks und Kniffen, die ich in verschiedenen Seminaren bei Profis, beispielsweise bei Judith Kohn von <a href=\"https:\/\/einfach-visualisieren.com\/\" target=\"_blank\" rel=\"noopener\">Einfach Visualisieren<\/a>, oder bei <a href=\"https:\/\/www.linkedin.com\/in\/bianca-eismann\/?originalSubdomain=de\" target=\"_blank\" rel=\"noopener\">Bianca Eismann<\/a>,\u00a0 selbst erlernt habe und mittlerweile seit vielen Jahren praktisch anwende, kann jeder das, was es auszusagen gilt, in Bild und Schrift gelungen pr\u00e4sentieren. Dabei ist es zweitrangig, ob Flipcharts oder Aush\u00e4nge gestaltet werden oder auch Aush\u00e4nge bzw. Memos aufgepeppt werden sollen. Und ganz schnell stellt man fest, dass jeder seinen eigenen Stil beim Visualisieren hat, aber es dennoch viel Freude macht.<\/p>\n<p>Um dabei nachhaltige Fortschritte zu machen, bietet sich ein mehrteiliger Workshop mit Input und praktischen \u00dcbungen an, der sowohl online als auch in Pr\u00e4senz stattfinden kann. Die Inhalte zum Thema Visualisieren k\u00f6nnen allerdings auch in einem kompakten Elementarkurs vermittelt werden. Ich selbst habe jedoch von der Veranstaltung, die online \u00fcber mehrere Einheiten ging und zwischendurch Zeit zum Erarbeiten, \u00dcben und Vertiefen lie\u00df, am meisten profitiert. \u00dcbung macht auch hier den Meister.<\/p>\n<p>Die meisten kleinen Grafiken, die hier auf der Unterseite und auch generell auf meiner Webseite (zum Beispiel hier, beim <a href=\"https:\/\/faktor-bildung.de\/index.php\/forschung\/\">Handlungsforschungsprojekt<\/a> war es ein willkommener Ausgleich zum <a href=\"https:\/\/faktor-bildung.de\/index.php\/befragung\/\">wisschenschaftlichen Arbeiten und Forschen<\/a>) zu finden sind, habe ich selbst gemacht &#8211; entweder mit dem, was ich mir an Kompetenz in Sachen Visualisierung erarbeitet habe oder auch mit der Kamera.<\/p>\n<h3><strong>Visualisieren ist erlernbar<\/strong><\/h3>\n<p>Tolle Flipcharts kann man gestalten, ohne Picasso, da Vinci oder van Gogh zu sein. Visualisieren ist in erster Linie eine Technik, anhand welcher man Dinge in den Fokus r\u00fccken kann. Ich habe noch niemanden gesehen, der nicht stolz auf die eigene Ergebnisse war &#8211; wenn man sich denn mal dran wagt, es auszuprobieren. <img data-recalc-dims=\"1\" loading=\"lazy\" decoding=\"async\" class=\"size-medium wp-image-3171 alignleft\" src=\"https:\/\/i0.wp.com\/faktor-bildung.de\/wp-content\/uploads\/2024\/02\/ziele.png?resize=300%2C128&#038;ssl=1\" alt=\"ziele visualisieren\" width=\"300\" height=\"128\" srcset=\"https:\/\/i0.wp.com\/faktor-bildung.de\/wp-content\/uploads\/2024\/02\/ziele.png?resize=300%2C128&amp;ssl=1 300w, https:\/\/i0.wp.com\/faktor-bildung.de\/wp-content\/uploads\/2024\/02\/ziele.png?resize=1024%2C436&amp;ssl=1 1024w, https:\/\/i0.wp.com\/faktor-bildung.de\/wp-content\/uploads\/2024\/02\/ziele.png?resize=768%2C327&amp;ssl=1 768w, https:\/\/i0.wp.com\/faktor-bildung.de\/wp-content\/uploads\/2024\/02\/ziele.png?resize=1000%2C426&amp;ssl=1 1000w, https:\/\/i0.wp.com\/faktor-bildung.de\/wp-content\/uploads\/2024\/02\/ziele.png?resize=230%2C98&amp;ssl=1 230w, https:\/\/i0.wp.com\/faktor-bildung.de\/wp-content\/uploads\/2024\/02\/ziele.png?resize=350%2C149&amp;ssl=1 350w, https:\/\/i0.wp.com\/faktor-bildung.de\/wp-content\/uploads\/2024\/02\/ziele.png?resize=480%2C204&amp;ssl=1 480w, https:\/\/i0.wp.com\/faktor-bildung.de\/wp-content\/uploads\/2024\/02\/ziele.png?w=1269&amp;ssl=1 1269w\" sizes=\"auto, (max-width: 300px) 100vw, 300px\" \/><\/p>\n<p>Mit einer \u00fcberschaubaren Menge an Grundregeln, an denen man sich orientiert, gelingt es jedem, Informationen eindr\u00fccklich zu gestalten und die Aussage gekonnt in Szene zu setzen. <img data-recalc-dims=\"1\" loading=\"lazy\" decoding=\"async\" class=\"size-medium wp-image-3170 alignright\" src=\"https:\/\/i0.wp.com\/faktor-bildung.de\/wp-content\/uploads\/2024\/02\/raumaenderung.png?resize=206%2C300&#038;ssl=1\" alt=\"kreativ visualisieren Raum\u00e4nderung\" width=\"206\" height=\"300\" srcset=\"https:\/\/i0.wp.com\/faktor-bildung.de\/wp-content\/uploads\/2024\/02\/raumaenderung.png?resize=206%2C300&amp;ssl=1 206w, https:\/\/i0.wp.com\/faktor-bildung.de\/wp-content\/uploads\/2024\/02\/raumaenderung.png?resize=230%2C335&amp;ssl=1 230w, https:\/\/i0.wp.com\/faktor-bildung.de\/wp-content\/uploads\/2024\/02\/raumaenderung.png?resize=350%2C509&amp;ssl=1 350w, https:\/\/i0.wp.com\/faktor-bildung.de\/wp-content\/uploads\/2024\/02\/raumaenderung.png?w=435&amp;ssl=1 435w\" sizes=\"auto, (max-width: 206px) 100vw, 206px\" \/><\/p>\n<p>Inhalt des Seminars ist eine Grundlage an theoretischem Wissen, einerseits zu Aufbau und Gestaltung, andererseits zur Darstellung sowie auch praktische Einheiten, in denen eine Vielfalt an beliebten Motiven so erarbeitet wird, dass ein eigenst\u00e4ndiges Schaffen, beispielsweise von Flipcharts, Handzetteln und Aush\u00e4ngen, gelingt.<\/p>\n<p>Interesse? Ich freue mich \u00fcber jede Kontaktaufnahme, beispielsweise per Mail an tina(a)faktor-bildung.de oder \u00fcber das<a href=\"https:\/\/faktor-bildung.de\/index.php\/kontakt\/\"> Kontaktformular<\/a>.<\/p>\n<p>&nbsp;<\/p>\n","protected":false},"excerpt":{"rendered":"<p>Das Thema auf den Punkt bringen, nichts einfacher als das? Ja, visualisieren klappt sogar sehr gut mit Tricks und Kniffen, die ich [&hellip;]<\/p>\n","protected":false},"author":1,"featured_media":0,"parent":0,"menu_order":0,"comment_status":"closed","ping_status":"closed","template":"","meta":{"footnotes":""},"class_list":["post-3168","page","type-page","status-publish","hentry"],"jetpack-related-posts":[],"jetpack_sharing_enabled":true,"_links":{"self":[{"href":"https:\/\/faktor-bildung.de\/index.php\/wp-json\/wp\/v2\/pages\/3168","targetHints":{"allow":["GET"]}}],"collection":[{"href":"https:\/\/faktor-bildung.de\/index.php\/wp-json\/wp\/v2\/pages"}],"about":[{"href":"https:\/\/faktor-bildung.de\/index.php\/wp-json\/wp\/v2\/types\/page"}],"author":[{"embeddable":true,"href":"https:\/\/faktor-bildung.de\/index.php\/wp-json\/wp\/v2\/users\/1"}],"replies":[{"embeddable":true,"href":"https:\/\/faktor-bildung.de\/index.php\/wp-json\/wp\/v2\/comments?post=3168"}],"version-history":[{"count":12,"href":"https:\/\/faktor-bildung.de\/index.php\/wp-json\/wp\/v2\/pages\/3168\/revisions"}],"predecessor-version":[{"id":3189,"href":"https:\/\/faktor-bildung.de\/index.php\/wp-json\/wp\/v2\/pages\/3168\/revisions\/3189"}],"wp:attachment":[{"href":"https:\/\/faktor-bildung.de\/index.php\/wp-json\/wp\/v2\/media?parent=3168"}],"curies":[{"name":"wp","href":"https:\/\/api.w.org\/{rel}","templated":true}]}}