{"id":3154,"date":"2024-02-22T20:57:55","date_gmt":"2024-02-22T20:57:55","guid":{"rendered":"https:\/\/faktor-bildung.de\/?page_id=3154"},"modified":"2024-02-27T21:38:50","modified_gmt":"2024-02-27T21:38:50","slug":"fallarbeit","status":"publish","type":"page","link":"https:\/\/faktor-bildung.de\/index.php\/fallarbeit\/","title":{"rendered":"Effektiv in der Fallarbeit &#8211; ein Fachkraft-Seminar"},"content":{"rendered":"<p><img data-recalc-dims=\"1\" loading=\"lazy\" decoding=\"async\" class=\"alignleft wp-image-319\" src=\"https:\/\/i0.wp.com\/faktor-bildung.de\/wp-content\/uploads\/2021\/11\/familienbrett-Copy-scaled.jpeg?resize=300%2C225&#038;ssl=1\" alt=\"Fallarbeit\" width=\"300\" height=\"225\" srcset=\"https:\/\/i0.wp.com\/faktor-bildung.de\/wp-content\/uploads\/2021\/11\/familienbrett-Copy-scaled.jpeg?w=2560&amp;ssl=1 2560w, https:\/\/i0.wp.com\/faktor-bildung.de\/wp-content\/uploads\/2021\/11\/familienbrett-Copy-scaled.jpeg?resize=300%2C225&amp;ssl=1 300w, https:\/\/i0.wp.com\/faktor-bildung.de\/wp-content\/uploads\/2021\/11\/familienbrett-Copy-scaled.jpeg?resize=1024%2C768&amp;ssl=1 1024w, https:\/\/i0.wp.com\/faktor-bildung.de\/wp-content\/uploads\/2021\/11\/familienbrett-Copy-scaled.jpeg?resize=768%2C576&amp;ssl=1 768w, https:\/\/i0.wp.com\/faktor-bildung.de\/wp-content\/uploads\/2021\/11\/familienbrett-Copy-scaled.jpeg?resize=1536%2C1152&amp;ssl=1 1536w, https:\/\/i0.wp.com\/faktor-bildung.de\/wp-content\/uploads\/2021\/11\/familienbrett-Copy-scaled.jpeg?resize=2048%2C1536&amp;ssl=1 2048w, https:\/\/i0.wp.com\/faktor-bildung.de\/wp-content\/uploads\/2021\/11\/familienbrett-Copy-scaled.jpeg?resize=920%2C690&amp;ssl=1 920w, https:\/\/i0.wp.com\/faktor-bildung.de\/wp-content\/uploads\/2021\/11\/familienbrett-Copy-scaled.jpeg?resize=230%2C173&amp;ssl=1 230w, https:\/\/i0.wp.com\/faktor-bildung.de\/wp-content\/uploads\/2021\/11\/familienbrett-Copy-scaled.jpeg?resize=350%2C263&amp;ssl=1 350w, https:\/\/i0.wp.com\/faktor-bildung.de\/wp-content\/uploads\/2021\/11\/familienbrett-Copy-scaled.jpeg?resize=480%2C360&amp;ssl=1 480w, https:\/\/i0.wp.com\/faktor-bildung.de\/wp-content\/uploads\/2021\/11\/familienbrett-Copy-scaled.jpeg?w=2340&amp;ssl=1 2340w\" sizes=\"auto, (max-width: 300px) 100vw, 300px\" \/><\/p>\n<p>Im Alltag geht es im Miteinander in den Einrichtungen oft darum, wie gut miteinander kommuniziert werden kann. H\u00e4ufig ist die Teamsitzung der Rahmen, in dem \u00fcber die p\u00e4dagogischen Themen oder auch \u00fcber konkrete F\u00e4lle beraten wird. Das gestaltet sich nicht immer gleicherma\u00dfen erfolgreich.<\/p>\n<p>Gerade mit Blick auf die Fallarbeit hilft es oft, sich an an bew\u00e4hrten Methoden wie beispielsweise der kollegialen Fallberatung oder an verschiedene andere etablierte Herangehensweisen, sich dem Thema planvoll und gezielt zu n\u00e4hern, um sich schlie\u00dflich effizient mit den Inhalten besch\u00e4ftigen zu k\u00f6nnen.<\/p>\n<p>Vorgegebene Strukturen erleichtern den Weg zur L\u00f6sungsfindung &#8211; und wer sich nicht mehr die ganze Zeit Gedanken machen muss, wie man denn nun herausfindet, ob die Henne oder das Ei zuerst da war, kann man sich als Team auf die Fragestellung fokussieren und den konkreten L\u00f6sungsideen in der Fallarbeit widmen.<\/p>\n<p><strong>Effektiv in der Fallarbeit<\/strong><\/p>\n<p>Verschiedene <a href=\"https:\/\/systemische-gesellschaft.de\/systemischer-ansatz\/was-ist-systemisch\/\" target=\"_blank\" rel=\"noopener\">systemische<\/a> und transaktionsanalytische Techniken k\u00f6nnen hier in kleinen Schritten erprobt und etabliert werden, um im Team zu wachsen und die praktischen Schritte im Miteinander zu verankern.<\/p>\n<p>Elemente dieses Fachkr\u00e4fteseminars sind das Fallverstehen, Kl\u00e4ren der Fragestellung und Hypothesenbildung, Zielformulierung und Auswahl der geeigneten Methode. Als Methoden werden beispielsweise die kollegiale Fallberatung, das Soziogramm, das Tetralemma und das Dramadreieck vorgestellt und praktisch in Kleingruppenarbeit erprobt. Die Inhalte k\u00f6nnen an einem Tag oder auch an drei Halbtagen erarbeitet werden. Die Begleitung eines Teams, das die Methoden im Rahmen eines Seminars kennengelernt haben, \u00fcber mehrere Teamsitzungen einen Zeitraum von einigen Monaten hinweg erm\u00f6glicht eine nachhaltige und durch weitere Impulse kontinuierlich weiterentwickelte Teamkultur in der Fallarbeit, die das effektive Arbeiten im Team voranbringt. <img data-recalc-dims=\"1\" loading=\"lazy\" decoding=\"async\" class=\"alignright wp-image-3158 size-full\" src=\"https:\/\/i0.wp.com\/faktor-bildung.de\/wp-content\/uploads\/2024\/02\/mail.png?resize=130%2C115&#038;ssl=1\" alt=\"Fallarbeit\" width=\"130\" height=\"115\" \/><\/p>\n<p>Interesse? Ich freue mich darauf bei der Bedarfsermittlung und beim Finden der ma\u00dfgeschneiderten L\u00f6sung behilflich zu sein. Einfach eine Mail an tina(a)faktor-bildung.de senden oder mich \u00fcber das <a href=\"https:\/\/faktor-bildung.de\/index.php\/kontakt\/\">Kontaktformular<\/a> anschreiben.<\/p>\n<p>Hier geht es zur\u00fcck auf die \u00dcbersichtsseite der <a href=\"https:\/\/faktor-bildung.de\/index.php\/fachkraft-seminare\/\">Fachkraft-Seminare.<\/a><\/p>\n","protected":false},"excerpt":{"rendered":"<p>Im Alltag geht es im Miteinander in den Einrichtungen oft darum, wie gut miteinander kommuniziert werden kann. H\u00e4ufig ist die Teamsitzung der [&hellip;]<\/p>\n","protected":false},"author":1,"featured_media":0,"parent":0,"menu_order":0,"comment_status":"closed","ping_status":"closed","template":"","meta":{"footnotes":""},"class_list":["post-3154","page","type-page","status-publish","hentry"],"jetpack-related-posts":[],"jetpack_sharing_enabled":true,"_links":{"self":[{"href":"https:\/\/faktor-bildung.de\/index.php\/wp-json\/wp\/v2\/pages\/3154","targetHints":{"allow":["GET"]}}],"collection":[{"href":"https:\/\/faktor-bildung.de\/index.php\/wp-json\/wp\/v2\/pages"}],"about":[{"href":"https:\/\/faktor-bildung.de\/index.php\/wp-json\/wp\/v2\/types\/page"}],"author":[{"embeddable":true,"href":"https:\/\/faktor-bildung.de\/index.php\/wp-json\/wp\/v2\/users\/1"}],"replies":[{"embeddable":true,"href":"https:\/\/faktor-bildung.de\/index.php\/wp-json\/wp\/v2\/comments?post=3154"}],"version-history":[{"count":7,"href":"https:\/\/faktor-bildung.de\/index.php\/wp-json\/wp\/v2\/pages\/3154\/revisions"}],"predecessor-version":[{"id":3226,"href":"https:\/\/faktor-bildung.de\/index.php\/wp-json\/wp\/v2\/pages\/3154\/revisions\/3226"}],"wp:attachment":[{"href":"https:\/\/faktor-bildung.de\/index.php\/wp-json\/wp\/v2\/media?parent=3154"}],"curies":[{"name":"wp","href":"https:\/\/api.w.org\/{rel}","templated":true}]}}