{"id":2734,"date":"2023-09-12T16:22:00","date_gmt":"2023-09-12T16:22:00","guid":{"rendered":"https:\/\/faktor-bildung.de\/?page_id=2734"},"modified":"2025-04-10T18:41:29","modified_gmt":"2025-04-10T18:41:29","slug":"warjaklar_vorurteilsbewusst","status":"publish","type":"page","link":"https:\/\/faktor-bildung.de\/index.php\/warjaklar_vorurteilsbewusst\/","title":{"rendered":"&#8222;War ja klar!&#8220; &#8211; Vorurteilsbewusstes Arbeiten im Alltag von Bildung und Erziehung"},"content":{"rendered":"<p>Vorurteilsbewusstes Arbeiten \u2013 ein Ansatz, der die Zukunft unseres Zusammenlebens gestaltet und Kinder st\u00e4rkt. Wie k\u00f6nnen wir daf\u00fcr sorgen, dass Kinder m\u00f6glichst wenig Erfahrung mit Vorurteilen und Diskriminierung machen m\u00fcssen?<\/p>\n<h3>&#8222;War ja klar!&#8220; &#8211;\u00a0 eine zertifizierte BEP-Fortbildung.<\/h3>\n<p>Vorurteilsbewusst zu arbeiten ist in aller Munde, das Thema ist wichtig und aktuell. Unter dem Aspekt habe ich meine Fortbildung auf Herz und Nieren pr\u00fcfen lassen.<\/p>\n<p>Die Fortbildung habe ich anhand der Vorgaben des <a href=\"https:\/\/soziales.hessen.de\/\" target=\"_blank\" rel=\"noopener\">Hessischen Ministeriums f\u00fcr Soziales und Integration<\/a> (HMSI) f\u00fcr zertifizierte BEP-Fortbildungen aufgebaut und durch das Institut f\u00fcr Fr\u00fchp\u00e4dagogik wurde im Auftrag des HMSI im Zuge des Anerkennungsprozesses als zertifizierte<a href=\"https:\/\/soziales.hessen.de\/BEP-Bildungs-und-Erziehungsplan\" target=\"_blank\" rel=\"noopener\"> BEP-Fortbildung<\/a> gepr\u00fcft. Am 17.01.2024 habe ich die erfreuliche Mail und die entsprechenden Dokumente erhalten: Meine Fortbildung erf\u00fcllt alle Anforderungen an &#8222;geeignete BEP-Fortbildung im Sinne der BEP-Qualit\u00e4tspauschale f\u00fcr Kindertageseinrichtungen und f\u00fcr die Kindertagespflege&#8220;.<\/p>\n<p>Das <a href=\"https:\/\/faktor-bildung.de\/index.php\/fortbildungskonzept_warjaklar\/\">Fortbildungskonzept<\/a> zu &#8222;War ja klar!&#8220; &#8211; Vorurteilsbewusstes Arbeiten im Alltag von Bildung und Erziehung wird auf der Webseite von Faktor-Bildung! ebenfalls vorgestellt.<\/p>\n<p>&nbsp;<\/p>\n<h3>Ursprung der Fortbildung<\/h3>\n<p>&#8222;War ja klar&#8220; ist die konsequente Fortsetzung meines Masterstudiums, bei dem ich im <a href=\"https:\/\/faktor-bildung.de\/index.php\/forschung\/\">Handlungsforschungsprojekt<\/a> und in der <a href=\"https:\/\/faktor-bildung.de\/index.php\/masterthesis\/\">Masterthesis<\/a> recherchiert und geforscht habe:<\/p>\n<p>Wie l\u00e4sst sich vorurteilsbewusstes Arbeiten im Alltag praktisch umsetzen? Untersucht wurde konkret, wie sich vorurteilsbewusste Arbeit im Alltag von Bildung und Erziehung gestaltet: Kennen p\u00e4dagogische Fachkr\u00e4fte praktische Ma\u00dfnahmen, die vorurteilsbewusstes Arbeiten sichtbar machen? Gibt es konkretes Material, das genutzt wird? Und was bringen Fachkr\u00e4fte von sich aus mit, worauf sie f\u00fcr vorurteilsbewusstes Arbeiten aufbauen k\u00f6nnen?<\/p>\n<p><img data-recalc-dims=\"1\" loading=\"lazy\" decoding=\"async\" class=\" wp-image-2735 alignleft\" src=\"https:\/\/i0.wp.com\/faktor-bildung.de\/wp-content\/uploads\/2023\/09\/Eindruck_GG.jpg?resize=197%2C160&#038;ssl=1\" alt=\"\" width=\"197\" height=\"160\" srcset=\"https:\/\/i0.wp.com\/faktor-bildung.de\/wp-content\/uploads\/2023\/09\/Eindruck_GG.jpg?resize=300%2C243&amp;ssl=1 300w, https:\/\/i0.wp.com\/faktor-bildung.de\/wp-content\/uploads\/2023\/09\/Eindruck_GG.jpg?resize=230%2C186&amp;ssl=1 230w, https:\/\/i0.wp.com\/faktor-bildung.de\/wp-content\/uploads\/2023\/09\/Eindruck_GG.jpg?resize=350%2C283&amp;ssl=1 350w, https:\/\/i0.wp.com\/faktor-bildung.de\/wp-content\/uploads\/2023\/09\/Eindruck_GG.jpg?resize=480%2C389&amp;ssl=1 480w, https:\/\/i0.wp.com\/faktor-bildung.de\/wp-content\/uploads\/2023\/09\/Eindruck_GG.jpg?w=499&amp;ssl=1 499w\" sizes=\"auto, (max-width: 197px) 100vw, 197px\" \/>Die Selbsteinsch\u00e4tzung der eigenen Kompetenz zu vorurteilsbewusster Arbeit vor und nach der Teilnahme an der Umfrage im Sommer 2022 zeigte, dass bereits die Auseinander mit den gestellten Fragen dazu f\u00fchrte, dass die Zustimmung dazu, gut vorbereitet zu sein, neu bewertet wurde.<\/p>\n<p>Wie sieht vorurteilsbewusste Arbeit in der Praxis 2022\/23 aus? Die h\u00e4ufigsten Antworten waren Fallbesprechungen (73,3 %), Selbstreflexion (73,3 %) und Reflexion im Team (68,9 %). Am besten bekannt sind den Fachkr\u00e4ften die Vielfaltsdimensionen mit je 77,8 % Herkunft, Sprache und Familie. Im Alltag pr\u00e4sent sind in erster Linie die deutlich wahrnehmbaren Faktoren wie Hautfarbe und Muttersprache. Mehr als die H\u00e4lfte der Befragten geben an, dass die Kinder unabh\u00e4ngig von ihrer Herkunft und der Sprachen, mit denen sie gro\u00df werden, regelm\u00e4\u00dfig Wertsch\u00e4tzung erfahren.<\/p>\n<p>In der Analyse wurde genauer untersucht, inwiefern unterschiedliche Gruppen von Fachkr\u00e4ften hier differenzierte Sichtweisen einnehmen. Die meisten p\u00e4dagogischen Fachkr\u00e4fte sind einsprachig deutsch aufgewachsen. F\u00fcr die Auswertung wurde betrachtet, ob sie als gro\u00dfe Mehrheit in den Einrichtungen (im Bundesdurchschnitt ~ 83 %) und auch in der Befragung (81,1 %), anders antworten als diejenigen, die nicht mit deutsch als einziger Muttersprache aufgewachsen sind. Dabei wurden diverse Aspekte augenf\u00e4llig.<\/p>\n<p>&nbsp;<\/p>\n<h3><strong>Bedeutung vorurteilsbewusster Arbeit<\/strong><\/h3>\n<p>Hast du dich jemals gefragt, welchen gro\u00dfen Einfluss selbst kleinen \u00c4u\u00dferungen und die Momente, auf die es ankommt, auf die Lebenswelt von Kindern haben k\u00f6nnen?<\/p>\n<p>Wie gehen wir als Erwachsene damit um, wenn Kindern Unrecht geschieht? Wo f\u00e4ngt Diskriminierung an?<\/p>\n<p>Was k\u00f6nnen p\u00e4dagogische Fachkr\u00e4fte in der fr\u00fchen Kindheit dazu beitragen, dass die Kinder, die heute betreut werden, in der Welt von morgen gut zurechtkommen? Bereits vor Schuleintritt wird ein bedeutender Grundstein f\u00fcr das Miteinander in der Gesellschaft gelegt.<\/p>\n<h3><\/h3>\n<h3>Praxisnahe L\u00f6sungen<\/h3>\n<p>So sch\u00f6n eine positive Haltung ist \u2013 Wissen und konkrete Ma\u00dfnahmen sind vonn\u00f6ten!<\/p>\n<p>Wenn es um das Erweitern von Kompetenz und Wissen geht, so werden den Fachkr\u00e4ften zwar Fortbildungen erm\u00f6glicht und Literatur zur Verf\u00fcgung gestellt, allerdings sind kaum Materialien f\u00fcr die konkrete Umsetzung von vorurteilsbewusster Arbeit bekannt und nur wenig steht den Fachkr\u00e4ften tats\u00e4chlich im Alltag zur Verf\u00fcgung.<\/p>\n<p><img data-recalc-dims=\"1\" loading=\"lazy\" decoding=\"async\" class=\"alignnone wp-image-1555 size-medium\" src=\"https:\/\/i0.wp.com\/faktor-bildung.de\/wp-content\/uploads\/2022\/07\/Diversity-1.jpg?resize=300%2C126&#038;ssl=1\" alt=\"vorurteilsbewusst\" width=\"300\" height=\"126\" srcset=\"https:\/\/i0.wp.com\/faktor-bildung.de\/wp-content\/uploads\/2022\/07\/Diversity-1-scaled.jpg?resize=300%2C126&amp;ssl=1 300w, https:\/\/i0.wp.com\/faktor-bildung.de\/wp-content\/uploads\/2022\/07\/Diversity-1-scaled.jpg?resize=1024%2C429&amp;ssl=1 1024w, https:\/\/i0.wp.com\/faktor-bildung.de\/wp-content\/uploads\/2022\/07\/Diversity-1-scaled.jpg?resize=768%2C321&amp;ssl=1 768w, https:\/\/i0.wp.com\/faktor-bildung.de\/wp-content\/uploads\/2022\/07\/Diversity-1-scaled.jpg?resize=1536%2C643&amp;ssl=1 1536w, https:\/\/i0.wp.com\/faktor-bildung.de\/wp-content\/uploads\/2022\/07\/Diversity-1-scaled.jpg?resize=2048%2C857&amp;ssl=1 2048w, https:\/\/i0.wp.com\/faktor-bildung.de\/wp-content\/uploads\/2022\/07\/Diversity-1-scaled.jpg?resize=920%2C385&amp;ssl=1 920w, https:\/\/i0.wp.com\/faktor-bildung.de\/wp-content\/uploads\/2022\/07\/Diversity-1-scaled.jpg?resize=230%2C96&amp;ssl=1 230w, https:\/\/i0.wp.com\/faktor-bildung.de\/wp-content\/uploads\/2022\/07\/Diversity-1-scaled.jpg?resize=350%2C146&amp;ssl=1 350w, https:\/\/i0.wp.com\/faktor-bildung.de\/wp-content\/uploads\/2022\/07\/Diversity-1-scaled.jpg?resize=480%2C201&amp;ssl=1 480w, https:\/\/i0.wp.com\/faktor-bildung.de\/wp-content\/uploads\/2022\/07\/Diversity-1-scaled.jpg?w=2340&amp;ssl=1 2340w\" sizes=\"auto, (max-width: 300px) 100vw, 300px\" \/><\/p>\n<p>Die p\u00e4dagogischen Fachkr\u00e4fte brauchen Unterst\u00fctzung darin, sich dieser Aufgabe zu stellen und Handwerkszeug, um dazu beizutragen, dass sie gemeistert werden kann. Die Inhalte werden an konkreter Beispiele aus dem Alltag von der Theorie in die Praxis transferiert.<\/p>\n<p>Es ist fundamental wichtig, dass wir uns gemeinsam auf den Weg machen, um uns \u00fcber unser Zusammenleben in der Gesellschaft, \u00fcber Werte gleicherma\u00dfen wie \u00fcber Vorurteile und Ausgrenzung bewusst zu werden. Auch Chancengerechtigkeit muss mitgedacht werden, um Bildung f\u00fcr alle als Schl\u00fcssel nutzen zu k\u00f6nnen und mit zu betrachten, dass die Dinge nicht immer so sind, wie sie zu sein scheinen.<img data-recalc-dims=\"1\" loading=\"lazy\" decoding=\"async\" class=\" wp-image-2718 alignright\" src=\"https:\/\/i0.wp.com\/faktor-bildung.de\/wp-content\/uploads\/2023\/09\/image.jpg?resize=178%2C165&#038;ssl=1\" alt=\"Die Dinge sind nicht immer so, wie sie scheinen.\" width=\"178\" height=\"165\" srcset=\"https:\/\/i0.wp.com\/faktor-bildung.de\/wp-content\/uploads\/2023\/09\/image.jpg?resize=300%2C278&amp;ssl=1 300w, https:\/\/i0.wp.com\/faktor-bildung.de\/wp-content\/uploads\/2023\/09\/image.jpg?resize=230%2C213&amp;ssl=1 230w, https:\/\/i0.wp.com\/faktor-bildung.de\/wp-content\/uploads\/2023\/09\/image.jpg?resize=350%2C324&amp;ssl=1 350w, https:\/\/i0.wp.com\/faktor-bildung.de\/wp-content\/uploads\/2023\/09\/image.jpg?resize=480%2C445&amp;ssl=1 480w, https:\/\/i0.wp.com\/faktor-bildung.de\/wp-content\/uploads\/2023\/09\/image.jpg?w=555&amp;ssl=1 555w\" sizes=\"auto, (max-width: 178px) 100vw, 178px\" \/><\/p>\n<p>In der Fortbildung, die angepasst an die Ergebnisse aus der <a href=\"https:\/\/faktor-bildung.de\/index.php\/masterthesis\/\">aktuellen wissenschaftlichen Forschung im Rahmen meines Masterstudiums<\/a> an der <a href=\"https:\/\/www.hs-rm.de\/de\/fachbereiche\/sozialwesen\/aktuelles\" target=\"_blank\" rel=\"noopener\">Hochschule RheinMain<\/a> konzipiert wurde, werden grundlegende Begriffe miteinander erarbeitet, Erfahrungen aus der Praxis besprochen und konkrete Herangehensweisen f\u00fcr die Umsetzung im Alltag vorgestellt. Abwechslungsreich wird anhand verschiedener Methoden das eigene Selbst und die Perspektive der anderen mit betrachtet, anhand von praktischen Einheiten die Bedeutung von vorurteilsbewusstem Arbeiten erfahrbar gemacht. Ein umfassendes Handout rundet die Veranstaltung ab.<\/p>\n<h3><strong>Format der Fortbildung \u2013 ma\u00dfgeschneidert vorurteilsbewusst<\/strong><\/h3>\n<p>Je nachdem, welche Unterst\u00fctzung in der p\u00e4dagogischen Ausrichtung und f\u00fcr das Team im Alltag gebraucht wird, gibt es verschiedene M\u00f6glichkeiten, die Fortbildung zu gestalten: Ein individuell abgesprochenes Tagesseminar ist nat\u00fcrlich ebenso m\u00f6glich wie die BEP-Fortbildung. F\u00fcr Kita-Teams bietet sich die Fortbildung als Inhouseschulung an.<\/p>\n<p>Als BEP-Fortbildung ist &#8222;War ja klar!&#8220; eine dreit\u00e4gige, prozessbegleitende Fortbildung. Die Termine werden individuell abgestimmt. Nach Abschluss der kompletten Reihe erhalten die Teilnehmenden ihre Teilnahmebescheinigung. \u201eWar ja klar!\u201c wurde vom als &#8222;Vorurteilsbewusstes Arbeiten im Alltag von Bildung und Erziehung&#8220; vom Hessischen Ministerium f\u00fcr Soziales und Integration \u00fcberpr\u00fcft und als BEP-Fortbildung (BEP-Modul 3: Inklusion &#8211; Vielfalt leben) anerkannt.<\/p>\n<p>F\u00fcr Ausk\u00fcnfte, weitere Informationen und Anfragen: \u00fcber das <a href=\"https:\/\/faktor-bildung.de\/index.php\/kontakt\/\">Kontaktformular<\/a> oder per Mail tina@faktor-bildung.de<\/p>\n","protected":false},"excerpt":{"rendered":"<p>Vorurteilsbewusstes Arbeiten \u2013 ein Ansatz, der die Zukunft unseres Zusammenlebens gestaltet und Kinder st\u00e4rkt. Wie k\u00f6nnen wir daf\u00fcr sorgen, dass Kinder m\u00f6glichst [&hellip;]<\/p>\n","protected":false},"author":1,"featured_media":0,"parent":0,"menu_order":0,"comment_status":"closed","ping_status":"closed","template":"","meta":{"footnotes":""},"class_list":["post-2734","page","type-page","status-publish","hentry"],"jetpack-related-posts":[],"jetpack_sharing_enabled":true,"_links":{"self":[{"href":"https:\/\/faktor-bildung.de\/index.php\/wp-json\/wp\/v2\/pages\/2734","targetHints":{"allow":["GET"]}}],"collection":[{"href":"https:\/\/faktor-bildung.de\/index.php\/wp-json\/wp\/v2\/pages"}],"about":[{"href":"https:\/\/faktor-bildung.de\/index.php\/wp-json\/wp\/v2\/types\/page"}],"author":[{"embeddable":true,"href":"https:\/\/faktor-bildung.de\/index.php\/wp-json\/wp\/v2\/users\/1"}],"replies":[{"embeddable":true,"href":"https:\/\/faktor-bildung.de\/index.php\/wp-json\/wp\/v2\/comments?post=2734"}],"version-history":[{"count":11,"href":"https:\/\/faktor-bildung.de\/index.php\/wp-json\/wp\/v2\/pages\/2734\/revisions"}],"predecessor-version":[{"id":4683,"href":"https:\/\/faktor-bildung.de\/index.php\/wp-json\/wp\/v2\/pages\/2734\/revisions\/4683"}],"wp:attachment":[{"href":"https:\/\/faktor-bildung.de\/index.php\/wp-json\/wp\/v2\/media?parent=2734"}],"curies":[{"name":"wp","href":"https:\/\/api.w.org\/{rel}","templated":true}]}}