{"id":258,"date":"2021-10-31T14:00:46","date_gmt":"2021-10-31T14:00:46","guid":{"rendered":"https:\/\/faktor-bildung.de\/?page_id=258"},"modified":"2024-12-31T16:14:26","modified_gmt":"2024-12-31T16:14:26","slug":"krippenkurse","status":"publish","type":"page","link":"https:\/\/faktor-bildung.de\/index.php\/babysignal\/krippenkurse\/","title":{"rendered":"Krippenkurse"},"content":{"rendered":"<div><strong><a href=\"https:\/\/faktor-bildung.de\/index.php\/babysignal\/\">babySignal<\/a> ist auch in der Krippe gut aufgehoben!<\/strong><\/div>\n<div><\/div>\n<div>Als Kursleiterin kann ich Einrichtungen und Tr\u00e4gern anbieten, vor Ort in den Einrichtungen soge<img data-recalc-dims=\"1\" loading=\"lazy\" decoding=\"async\" class=\"size-medium wp-image-332 alignright\" src=\"https:\/\/i0.wp.com\/faktor-bildung.de\/wp-content\/uploads\/2021\/11\/gruene_wiese.jpg?resize=265%2C300&#038;ssl=1\" alt=\"\" width=\"265\" height=\"300\" srcset=\"https:\/\/i0.wp.com\/faktor-bildung.de\/wp-content\/uploads\/2021\/11\/gruene_wiese-scaled.jpg?resize=265%2C300&amp;ssl=1 265w, https:\/\/i0.wp.com\/faktor-bildung.de\/wp-content\/uploads\/2021\/11\/gruene_wiese-scaled.jpg?resize=906%2C1024&amp;ssl=1 906w, https:\/\/i0.wp.com\/faktor-bildung.de\/wp-content\/uploads\/2021\/11\/gruene_wiese-scaled.jpg?resize=768%2C868&amp;ssl=1 768w, https:\/\/i0.wp.com\/faktor-bildung.de\/wp-content\/uploads\/2021\/11\/gruene_wiese-scaled.jpg?resize=1359%2C1536&amp;ssl=1 1359w, https:\/\/i0.wp.com\/faktor-bildung.de\/wp-content\/uploads\/2021\/11\/gruene_wiese-scaled.jpg?resize=1812%2C2048&amp;ssl=1 1812w, https:\/\/i0.wp.com\/faktor-bildung.de\/wp-content\/uploads\/2021\/11\/gruene_wiese-scaled.jpg?resize=920%2C1040&amp;ssl=1 920w, https:\/\/i0.wp.com\/faktor-bildung.de\/wp-content\/uploads\/2021\/11\/gruene_wiese-scaled.jpg?resize=230%2C260&amp;ssl=1 230w, https:\/\/i0.wp.com\/faktor-bildung.de\/wp-content\/uploads\/2021\/11\/gruene_wiese-scaled.jpg?resize=350%2C396&amp;ssl=1 350w, https:\/\/i0.wp.com\/faktor-bildung.de\/wp-content\/uploads\/2021\/11\/gruene_wiese-scaled.jpg?resize=480%2C543&amp;ssl=1 480w\" sizes=\"auto, (max-width: 265px) 100vw, 265px\" \/>nannte Krippenkurse f\u00fcr Kinder zwischen 6 und 36 Monaten anzubieten. Der Start gelingt am besten mit einem anf\u00e4nglichen Workshop f\u00fcr das Team \u2013 danach gibt es 6 Termine, in denen der babySignal-Krippenkurs in jeweils einer Gruppe durchgef\u00fchrt wird: Ich gestalte mit den Kindern und Fachkr\u00e4ften gemeinsam einige Kurseinheiten, bei denen spannende, interessante und elementare Geb\u00e4rden eingef\u00fchrt werden, die sowohl f\u00fcr die Kleinen als auch f\u00fcr die Erwachsenen eine Bereicherung im Alltag sind.<\/div>\n<div><\/div>\n<div><\/div>\n<div>Geb\u00e4rden unterst\u00fctzen das kindliche Bed\u00fcrfnis, sich mitzuteilen und bereichern so den Dialog miteinander. Die einfachen Handzeichen, die wir im Kurs anhand von Liedern und Spielen anbieten, unterst\u00fctzen das kindliche Bed\u00fcrfnis, sich mitzuteilen \u2013 diese Erfahrung machen Sie bestimmt t\u00e4glich, wenn Sie Handbewegungen bei Fingerspielen und Lieder zeigen.<\/div>\n<p>Ich komme gern in die Einrichtung, um im ersten Step das Team vorzubereiten und einen gemeinsamen Workshop f\u00fcr den Krippenkurs zu geben, im Anschluss komme ich 6 Mal &#8211; und wenn es mehrere Krippengruppen im Haus gibt, k\u00f6nnen wir gern besprechen, die Gruppen nacheinander direkt mit ihren Erzieherinnen im Gruppenalltag zu begleiten.<\/p>\n<p>Kommunikation wird leichter und macht allen Beteiligten immer mehr und mehr Spa\u00df. Vor allem, weil man es nicht nur h\u00f6rt sondern auch sehen kann, um was es geht&#8230;<\/p>\n<p>&nbsp;<\/p>\n<p><strong>Welche Vorteile bringen Babygeb\u00e4rden in der Arbeit mit Krippenkindern?<\/strong><\/p>\n<div>\n<figure id=\"attachment_299\" aria-describedby=\"caption-attachment-299\" style=\"width: 300px\" class=\"wp-caption alignleft\"><img data-recalc-dims=\"1\" loading=\"lazy\" decoding=\"async\" class=\"wp-image-299\" src=\"https:\/\/i0.wp.com\/faktor-bildung.de\/wp-content\/uploads\/2021\/11\/Krippenkurs-scaled.jpg?resize=300%2C212&#038;ssl=1\" alt=\"Krippenkurs: Gro\u00df und Klein gemeinsam\" width=\"300\" height=\"212\" srcset=\"https:\/\/i0.wp.com\/faktor-bildung.de\/wp-content\/uploads\/2021\/11\/Krippenkurs-scaled.jpg?w=2560&amp;ssl=1 2560w, https:\/\/i0.wp.com\/faktor-bildung.de\/wp-content\/uploads\/2021\/11\/Krippenkurs-scaled.jpg?resize=300%2C212&amp;ssl=1 300w, https:\/\/i0.wp.com\/faktor-bildung.de\/wp-content\/uploads\/2021\/11\/Krippenkurs-scaled.jpg?resize=1024%2C724&amp;ssl=1 1024w, https:\/\/i0.wp.com\/faktor-bildung.de\/wp-content\/uploads\/2021\/11\/Krippenkurs-scaled.jpg?resize=768%2C543&amp;ssl=1 768w, https:\/\/i0.wp.com\/faktor-bildung.de\/wp-content\/uploads\/2021\/11\/Krippenkurs-scaled.jpg?resize=1536%2C1086&amp;ssl=1 1536w, https:\/\/i0.wp.com\/faktor-bildung.de\/wp-content\/uploads\/2021\/11\/Krippenkurs-scaled.jpg?resize=2048%2C1448&amp;ssl=1 2048w, https:\/\/i0.wp.com\/faktor-bildung.de\/wp-content\/uploads\/2021\/11\/Krippenkurs-scaled.jpg?resize=920%2C650&amp;ssl=1 920w, https:\/\/i0.wp.com\/faktor-bildung.de\/wp-content\/uploads\/2021\/11\/Krippenkurs-scaled.jpg?resize=230%2C163&amp;ssl=1 230w, https:\/\/i0.wp.com\/faktor-bildung.de\/wp-content\/uploads\/2021\/11\/Krippenkurs-scaled.jpg?resize=350%2C247&amp;ssl=1 350w, https:\/\/i0.wp.com\/faktor-bildung.de\/wp-content\/uploads\/2021\/11\/Krippenkurs-scaled.jpg?resize=480%2C339&amp;ssl=1 480w, https:\/\/i0.wp.com\/faktor-bildung.de\/wp-content\/uploads\/2021\/11\/Krippenkurs-scaled.jpg?w=2340&amp;ssl=1 2340w\" sizes=\"auto, (max-width: 300px) 100vw, 300px\" \/><figcaption id=\"caption-attachment-299\" class=\"wp-caption-text\">Sowohl die Kleinen als auch die Gro\u00dfen haben Freude daran, miteinander zu geb\u00e4rden.<\/figcaption><\/figure>\n<\/div>\n<div>\n<div><strong>Bindung:<\/strong> Durch die Zuwendung zum Thema Kommunikation mit den Kleinsten entsteht noch mehr N\u00e4he und Bindung zwischen den p\u00e4dagogischen Fachkr\u00e4ften und Kindern. Sie k\u00f6nnen sich auf eine weitere Weise miteinander unterhalten.<\/div>\n<div><\/div>\n<div><strong>Spielend leichte Umsetzung:<\/strong> Zu unserem Krippenkurs geh\u00f6ren Ideen f\u00fcr Lieder, Spiele und das Betrachten von B\u00fcchern mit Geb\u00e4rden f\u00fcr den Alltag mit den Kindern.<\/div>\n<div><\/div>\n<div><strong>Mehrsprachigkeit:<\/strong> Festgelegte Handbewegungen bieten einen leichteren Einstieg in die Kommunikation mit Kindern verschiedener Herkunftssprachen. \u00dcber die Hinweise aus den begleitenden Geb\u00e4rden kann die gesprochene Sprache leichter verstanden werden. Dies wiederum verst\u00e4rkt die Mitteilungsfreude der Kinder. Selbstverst\u00e4ndlich gilt dies auch f\u00fcr Fl\u00fcchtlingskinder. Geb\u00e4rden sind ein T\u00fcr\u00f6ffner.<\/div>\n<div><\/div>\n<div><strong>Stichwort Inklusion:<\/strong> Die gelernten Geb\u00e4rden k\u00f6nnen mit allen Kindern verwendet werden. Kinder mit Entwicklungsverz\u00f6gerungen, H\u00f6rbehinderung oder Trisomie 21 werden durch das Konzept miteingeschlossen. Wir vermitteln immer die Geb\u00e4rden aus der Deutschen Geb\u00e4rdensprache.<\/div>\n<\/div>\n<div><\/div>\n<h4>2024 habe ich einen Krippenkurs in der Nachbarschaft gehalten<\/h4>\n<div>Im Fr\u00fchling habe ich die Kindertagespflege Biberburg im benachbarten Rod an der Weil besucht. Johanna Hartmann ist eine liebevolle Tagesmutter, bei der die Kinder die M\u00f6glichkeit haben, den Alltag gemeinsam mit Tieren zu verbringen, Es gibt einen Hund, Degus und durch die tolle Lage am Ortsrand und die vielen Spazierg\u00e4nge auch vieles zu entdecken und zu besuchen; Enten, Pferde, Ziegen und mehr. Da passen die Geb\u00e4rden aus dem Krippenkurs sehr gut dazu. Und es war eine wirklich sch\u00f6ne Zeit, die wir gemeinsam mit Geb\u00e4rden, Spielen und Singen verbracht haben.<\/div>\n<div>\n<div><\/div>\n<p>Die <a href=\"https:\/\/www.babysignal.de\/12-0-Forschung-babysigning.html\" target=\"_blank\" rel=\"noopener\">Forschung<\/a> zeigt, dass das Geb\u00e4rden mit Kindern einen gro\u00dfen Nutzen f\u00fcr alle Beteiligten hat &#8211; und die Kinder aus der Biberburg haben es geliebt. .<\/p>\n<\/div>\n<div><\/div>\n<div>Ich freue mich \u00fcber Anfragen unter tina(a)faktor-bildung.de oder \u00fcber das <a href=\"https:\/\/faktor-bildung.de\/index.php\/kontakt\/\">Kontaktformular<\/a>!<\/div>\n","protected":false},"excerpt":{"rendered":"<p>babySignal ist auch in der Krippe gut aufgehoben! Als Kursleiterin kann ich Einrichtungen und Tr\u00e4gern anbieten, vor Ort in den Einrichtungen sogenannte [&hellip;]<\/p>\n","protected":false},"author":1,"featured_media":0,"parent":62,"menu_order":0,"comment_status":"closed","ping_status":"closed","template":"","meta":{"footnotes":""},"class_list":["post-258","page","type-page","status-publish","hentry"],"jetpack-related-posts":[],"jetpack_sharing_enabled":true,"_links":{"self":[{"href":"https:\/\/faktor-bildung.de\/index.php\/wp-json\/wp\/v2\/pages\/258","targetHints":{"allow":["GET"]}}],"collection":[{"href":"https:\/\/faktor-bildung.de\/index.php\/wp-json\/wp\/v2\/pages"}],"about":[{"href":"https:\/\/faktor-bildung.de\/index.php\/wp-json\/wp\/v2\/types\/page"}],"author":[{"embeddable":true,"href":"https:\/\/faktor-bildung.de\/index.php\/wp-json\/wp\/v2\/users\/1"}],"replies":[{"embeddable":true,"href":"https:\/\/faktor-bildung.de\/index.php\/wp-json\/wp\/v2\/comments?post=258"}],"version-history":[{"count":10,"href":"https:\/\/faktor-bildung.de\/index.php\/wp-json\/wp\/v2\/pages\/258\/revisions"}],"predecessor-version":[{"id":4301,"href":"https:\/\/faktor-bildung.de\/index.php\/wp-json\/wp\/v2\/pages\/258\/revisions\/4301"}],"up":[{"embeddable":true,"href":"https:\/\/faktor-bildung.de\/index.php\/wp-json\/wp\/v2\/pages\/62"}],"wp:attachment":[{"href":"https:\/\/faktor-bildung.de\/index.php\/wp-json\/wp\/v2\/media?parent=258"}],"curies":[{"name":"wp","href":"https:\/\/api.w.org\/{rel}","templated":true}]}}