{"id":2109,"date":"2022-10-15T13:46:28","date_gmt":"2022-10-15T13:46:28","guid":{"rendered":"https:\/\/faktor-bildung.de\/?page_id=2109"},"modified":"2022-10-15T13:46:28","modified_gmt":"2022-10-15T13:46:28","slug":"agb","status":"publish","type":"page","link":"https:\/\/faktor-bildung.de\/index.php\/agb\/","title":{"rendered":"AGB &#8211; Allgemeine Gesch\u00e4ftsbedingungen"},"content":{"rendered":"<p><strong><u>Allgemeine Gesch\u00e4ftsbedingungen (AGB) f\u00fcr alle Veranstaltungen\u00a0<\/u><\/strong><\/p>\n<p>Die nachstehenden AGB gelten f\u00fcr s\u00e4mtliche Veranstaltungen, Seminare und Kurse, die die Person Tina Vaahsen \u2013 Faktor-Bildung! anbietet. <img data-recalc-dims=\"1\" loading=\"lazy\" decoding=\"async\" class=\"size-medium wp-image-2112 alignright\" src=\"https:\/\/i0.wp.com\/faktor-bildung.de\/wp-content\/uploads\/2022\/10\/Unbenanntes_Projekt-11.jpg?resize=300%2C300&#038;ssl=1\" alt=\"AGB\" width=\"300\" height=\"300\" srcset=\"https:\/\/i0.wp.com\/faktor-bildung.de\/wp-content\/uploads\/2022\/10\/Unbenanntes_Projekt-11.jpg?resize=300%2C300&amp;ssl=1 300w, https:\/\/i0.wp.com\/faktor-bildung.de\/wp-content\/uploads\/2022\/10\/Unbenanntes_Projekt-11.jpg?resize=1024%2C1024&amp;ssl=1 1024w, https:\/\/i0.wp.com\/faktor-bildung.de\/wp-content\/uploads\/2022\/10\/Unbenanntes_Projekt-11.jpg?resize=150%2C150&amp;ssl=1 150w, https:\/\/i0.wp.com\/faktor-bildung.de\/wp-content\/uploads\/2022\/10\/Unbenanntes_Projekt-11.jpg?resize=768%2C768&amp;ssl=1 768w, https:\/\/i0.wp.com\/faktor-bildung.de\/wp-content\/uploads\/2022\/10\/Unbenanntes_Projekt-11.jpg?resize=1536%2C1536&amp;ssl=1 1536w, https:\/\/i0.wp.com\/faktor-bildung.de\/wp-content\/uploads\/2022\/10\/Unbenanntes_Projekt-11.jpg?resize=1000%2C1000&amp;ssl=1 1000w, https:\/\/i0.wp.com\/faktor-bildung.de\/wp-content\/uploads\/2022\/10\/Unbenanntes_Projekt-11.jpg?resize=230%2C230&amp;ssl=1 230w, https:\/\/i0.wp.com\/faktor-bildung.de\/wp-content\/uploads\/2022\/10\/Unbenanntes_Projekt-11.jpg?resize=350%2C350&amp;ssl=1 350w, https:\/\/i0.wp.com\/faktor-bildung.de\/wp-content\/uploads\/2022\/10\/Unbenanntes_Projekt-11.jpg?resize=480%2C480&amp;ssl=1 480w, https:\/\/i0.wp.com\/faktor-bildung.de\/wp-content\/uploads\/2022\/10\/Unbenanntes_Projekt-11.jpg?w=2048&amp;ssl=1 2048w\" sizes=\"auto, (max-width: 300px) 100vw, 300px\" \/><\/p>\n<p><u>Anmeldung<\/u><\/p>\n<p>Es ist erforderlich, sich zu allen Veranstaltungen schriftlich \u00fcber die Homepage <a href=\"https:\/\/faktor-bildung.de\/index.php\/kontakt\/\">https:\/\/faktor-bildung.de\/index.php\/kontakt\/<\/a> per Kontaktformular, \u00fcber die Webseite von <a href=\"https:\/\/www.babysignal.de\/25-0-profil-kursleiterin.html?klid=292\" target=\"_blank\" rel=\"noopener\">https:\/\/www.babysignal.de\/25-0-profil-kursleiterin.html?klid=292<\/a> oder per E-Mail unter tina@faktor-bildung.de anzumelden.<\/p>\n<p>Sie erhalten im ersten Schritt eine E-Mail. Darin werden beispielsweise Informationen zu pandemiebedingten Regelungen und andere wichtige Informationen kommuniziert. Wer auf diese Mail antwortet und sich verbindlich anmeldet, dass er teilnehmen m\u00f6chte, erh\u00e4lt eine Rechnung \u00fcber den Teilnehmerbetrag.<\/p>\n<p>Angemeldete Personen werden bei Veranstaltungs\u00e4nderungen bzw. \u2013absagen benachrichtigt. Erfolgt keine Benachrichtigung, findet die Veranstaltung wie geplant und kommuniziert statt und die angemeldete Person nimmt verbindlich teil.<\/p>\n<p>Die Teilnehmerzahl ist je nach Art der Veranstaltung und R\u00e4umlichkeiten ggf. begrenzt. Sollten sich f\u00fcr einen Termin mehr Interessierte anmelden als Pl\u00e4tze verf\u00fcgbar sind, wird eine Warteliste gef\u00fchrt bzw. die Veranstaltung gesplittet, wenn m\u00f6glich &#8211; beispielsweise an den geleichen Tagen direkt vorher oder direkt im Anschluss.<\/p>\n<p><u>Geb\u00fchren<\/u><\/p>\n<p>Durch Rechnungsstellung nach der Anmeldung werden die ausgewiesenen Geb\u00fchren f\u00e4llig. Die Geb\u00fchren k\u00f6nnen per PayPal oder \u00dcberweisung bezahlt werden.<\/p>\n<p><u><img data-recalc-dims=\"1\" loading=\"lazy\" decoding=\"async\" class=\"size-medium wp-image-2113 alignleft\" src=\"https:\/\/i0.wp.com\/faktor-bildung.de\/wp-content\/uploads\/2022\/10\/Unbenanntes_Projekt-12.jpg?resize=300%2C300&#038;ssl=1\" alt=\"AGB_einverstanden\" width=\"300\" height=\"300\" srcset=\"https:\/\/i0.wp.com\/faktor-bildung.de\/wp-content\/uploads\/2022\/10\/Unbenanntes_Projekt-12.jpg?resize=300%2C300&amp;ssl=1 300w, https:\/\/i0.wp.com\/faktor-bildung.de\/wp-content\/uploads\/2022\/10\/Unbenanntes_Projekt-12.jpg?resize=1024%2C1024&amp;ssl=1 1024w, https:\/\/i0.wp.com\/faktor-bildung.de\/wp-content\/uploads\/2022\/10\/Unbenanntes_Projekt-12.jpg?resize=150%2C150&amp;ssl=1 150w, https:\/\/i0.wp.com\/faktor-bildung.de\/wp-content\/uploads\/2022\/10\/Unbenanntes_Projekt-12.jpg?resize=768%2C768&amp;ssl=1 768w, https:\/\/i0.wp.com\/faktor-bildung.de\/wp-content\/uploads\/2022\/10\/Unbenanntes_Projekt-12.jpg?resize=1536%2C1536&amp;ssl=1 1536w, https:\/\/i0.wp.com\/faktor-bildung.de\/wp-content\/uploads\/2022\/10\/Unbenanntes_Projekt-12.jpg?resize=1000%2C1000&amp;ssl=1 1000w, https:\/\/i0.wp.com\/faktor-bildung.de\/wp-content\/uploads\/2022\/10\/Unbenanntes_Projekt-12.jpg?resize=230%2C230&amp;ssl=1 230w, https:\/\/i0.wp.com\/faktor-bildung.de\/wp-content\/uploads\/2022\/10\/Unbenanntes_Projekt-12.jpg?resize=350%2C350&amp;ssl=1 350w, https:\/\/i0.wp.com\/faktor-bildung.de\/wp-content\/uploads\/2022\/10\/Unbenanntes_Projekt-12.jpg?resize=480%2C480&amp;ssl=1 480w, https:\/\/i0.wp.com\/faktor-bildung.de\/wp-content\/uploads\/2022\/10\/Unbenanntes_Projekt-12.jpg?w=2048&amp;ssl=1 2048w\" sizes=\"auto, (max-width: 300px) 100vw, 300px\" \/>Veranstaltungsvoraussetzungen<\/u><\/p>\n<p>Sollten Kurse beispielsweise pandemiebedingt oder aufgrund einer \u00f6ffentlichen Verordnung nicht in Pr\u00e4senzform stattfinden d\u00fcrfen, werden diese Kurse online weitergef\u00fchrt.<\/p>\n<p>Ich behalte mir vor, Kurse wegen zu geringer Beteiligung abzusagen. Gezahlte Kursgeb\u00fchren werden dann r\u00fcckerstattet.<\/p>\n<p>Die Teilnehmer m\u00fcssen sich an die geltenden Hygienebestimmungen bzw. die Absprachen innerhalb der Teilnehmendengruppe halten.<\/p>\n<p><u>Abmeldung \/ R\u00fccktritt von der Veranstaltung<\/u><\/p>\n<p>Abmeldungen zu einer Veranstaltung \/ Kurs m\u00fcssen grunds\u00e4tzlich schriftlich oder per E-Mail erfolgen. Bei der Abmeldung von Veranstaltungen bis zu 14 Tage vor Beginn wird die entrichtete Geb\u00fchr erstattet. Nach dieser Frist k\u00f6nnen Geb\u00fchren nur erstattet werden, wenn der Platz aufgrund einer gef\u00fchrten Warteliste anderweitig vergeben werden kann oder ein Ersatzteilnehmer angemeldet wird bzw. der Platz durch neue Teilnehmende nachbelegt wird. Bei nicht form- und\/oder fristgerechter Abmeldung und wenn kein Ersatzteilnehmer angemeldet wird, besteht die Pflicht zur Zahlung der Geb\u00fchr.<\/p>\n<p><u>Absage <\/u><\/p>\n<p>Kurse k\u00f6nnen, insbesondere auf Grund von ungen\u00fcgender Teilnehmerzahl, Ausfall einer Kursleitung oder Nicht-Verf\u00fcgbarkeit von R\u00e4umen, absagt werden.<br \/>\nHier\u00fcber wird der Teilnehmer unverz\u00fcglich durch die Kursleitung unterrichtet. In diesen F\u00e4llen wird die Kursgeb\u00fchr erstattet.<\/p>\n<p><u>Kursort \/Veranstaltungsort<\/u><\/p>\n<p>Den Kursort \/ Veranstaltungsort entnehmen Sie bitte der Anmeldebest\u00e4tigung. Ich behalte mir das Recht vor, den Veranstaltungsort zu \u00e4ndern und sofern erforderlich (zum Beispiel bei Kontaktverboten\/Ausgangssperren) und den Kurs online als Live-Stream \/ Live-Meeting stattfinden zu lassen. \u00dcber eine \u00c4nderung des Veranstaltungsort werde ich rechtzeitig informieren.<\/p>\n<p><u>Nicht wahrgenommen Stunden<\/u><\/p>\n<p>F\u00fcr nicht wahrgenommene Kursstunden besteht grunds\u00e4tzlich kein Erstattungsanspruch f\u00fcr die Kursgeb\u00fchr. Wenn eine Stunde verpasst wird, kann diese nach Absprache mit der Kursleitung gerne in einer vergleichbaren Kursstunde in einem anderen Kurs ggf. an einem anderen Kursort nachgeholt werden.<\/p>\n<p>Bei geschlossenen Kursen wie beispielsweise babySignal ist es aus organisatorischen Gr\u00fcnden nicht m\u00f6glich, eine verpasste Stunde hinten anzuh\u00e4ngen oder Geb\u00fchren zur\u00fcckerstattet zu bekommen.<\/p>\n<p>Wenn ein Termin durch Tina Vaahsen \u2013 Faktor-Bildung! abgesagt werden muss, wird ein Ersatztermin angeboten. Wenn dieser von Teilnehmenden nicht wahrgenommen werden kann, verf\u00e4llt der Anspruch auf die Kursstunde, eine R\u00fcckerstattung ist in diesem Fall nicht m\u00f6glich.<\/p>\n<p><u>Aufsichtspflicht<\/u><\/p>\n<p>Der Begleitperson des Kindes (Elternteil, Angeh\u00f6rige etc.) obliegt w\u00e4hrend der ganzen Zeit des Kurses sowie w\u00e4hrend des Besuches in den Kursr\u00e4umen die Aufsichtspflicht f\u00fcr das begleitete Kind \/ die begleiteten Kinder. Die Begleitperson haftet nach \u00a7 832 BGB f\u00fcr Sch\u00e4den, die aus der Verletzung der Aufsichtspflicht resultieren. Bitte nehmen Sie daher Ihre Aufsichtspflicht sorgf\u00e4ltig wahr.<\/p>\n<p><u>Fotografieren\/Videos<\/u><\/p>\n<p>Video- und \/ oder Fotoaufnahmen w\u00e4hrend der Kurse, die nicht nur das eigene Kind zeigen, d\u00fcrfen nur in Ausnahmef\u00e4llen und mit Einverst\u00e4ndnis der Kursleitung und der anderen Teilnehmenden gemacht werden und d\u00fcrfen nicht ver\u00f6ffentlicht werden.<\/p>\n<p>Eine eventuelle andere Verwendung der Aufnahmen muss mit Kursleitung und den anderen Teilnehmenden abgesprochen werden.<\/p>\n<p><u>Haftung <\/u><\/p>\n<p>F\u00fcr Sch\u00e4den, Verluste oder Unf\u00e4lle \u00fcbernimmt Tina Vaahsen \u2013 Faktor-Bildung! keine Haftung. Dies trifft auch auf eingebrachte Gegenst\u00e4nde zu. Von der Kursleitung mitgebrachte Materialien und Gegenst\u00e4nde k\u00f6nnen verschluckbare Kleinteile enthalten. Es wird darauf hingewiesen, dass diese nicht in den Mund genommen werden sollen. F\u00fcr entstandene Sch\u00e4den (Sach- und Personensch\u00e4den) sind die Verursachenden bzw. Begleitpersonen selbst verantwortlich. Die Nutzung der R\u00e4umlichkeiten und Angebote erfolgt auf eigene Gefahr.<\/p>\n<p><u>Datenschutz<\/u><\/p>\n<p>Im Rahmen der Anmeldung werden personenbezogene Daten gespeichert. Die Nutzung und Aufbewahrung der Daten unterliegen den gesetzlichen Bestimmungen.<\/p>\n<p>Eine ausf\u00fchrliche Datenschutzerkl\u00e4rung ist unter <a href=\"https:\/\/faktor-bildung.de\/index.php\/datenschutzerklaerung\/\">https:\/\/faktor-bildung.de\/index.php\/datenschutzerklaerung\/<\/a> zu finden.<\/p>\n<p>&nbsp;<\/p>\n<p><em>Zu guter Letzt noch einen Appell an den gesunden Menschenverstand :<\/em><\/p>\n<p><img data-recalc-dims=\"1\" loading=\"lazy\" decoding=\"async\" class=\"size-medium wp-image-2111 alignleft\" src=\"https:\/\/i0.wp.com\/faktor-bildung.de\/wp-content\/uploads\/2022\/10\/Capture.jpg?resize=205%2C300&#038;ssl=1\" alt=\"Krank_AGB\" width=\"205\" height=\"300\" srcset=\"https:\/\/i0.wp.com\/faktor-bildung.de\/wp-content\/uploads\/2022\/10\/Capture.jpg?resize=205%2C300&amp;ssl=1 205w, https:\/\/i0.wp.com\/faktor-bildung.de\/wp-content\/uploads\/2022\/10\/Capture.jpg?resize=230%2C337&amp;ssl=1 230w, https:\/\/i0.wp.com\/faktor-bildung.de\/wp-content\/uploads\/2022\/10\/Capture.jpg?resize=350%2C513&amp;ssl=1 350w, https:\/\/i0.wp.com\/faktor-bildung.de\/wp-content\/uploads\/2022\/10\/Capture.jpg?w=394&amp;ssl=1 394w\" sizes=\"auto, (max-width: 205px) 100vw, 205px\" \/><\/p>\n<p><u>Gesundheit<\/u><\/p>\n<p>Kinder und Eltern mit banalen Erk\u00e4ltungen ohne Fieber, k\u00f6nnen unsere Kurse besuchen, solange sie in ihrem Wohlbefinden nicht deutlich beeintr\u00e4chtigt sind. In allen anderen Krankheitsf\u00e4llen ist eine Teilnahme nicht m\u00f6glich. Die Kurse k\u00f6nnen erst wieder besucht werden, wenn die Kinder oder Eltern symptom- und ansteckungsfrei sind.<\/p>\n<p>Als Faustregel gilt, dass Kinder (und Eltern), die aufgrund von Krankheitssymptomen die Krippe oder Kita nicht besuchen d\u00fcrfen, auch nicht am Kurs teilnehmen d\u00fcrfen. Veranschaulicht wird das Symptombild auf einer Darstellung der Unfallkasse Hessen:<\/p>\n","protected":false},"excerpt":{"rendered":"<p>Allgemeine Gesch\u00e4ftsbedingungen (AGB) f\u00fcr alle Veranstaltungen\u00a0 Die nachstehenden AGB gelten f\u00fcr s\u00e4mtliche Veranstaltungen, Seminare und Kurse, die die Person Tina Vaahsen \u2013 [&hellip;]<\/p>\n","protected":false},"author":1,"featured_media":0,"parent":0,"menu_order":0,"comment_status":"closed","ping_status":"closed","template":"","meta":{"footnotes":""},"class_list":["post-2109","page","type-page","status-publish","hentry"],"jetpack-related-posts":[],"jetpack_sharing_enabled":true,"_links":{"self":[{"href":"https:\/\/faktor-bildung.de\/index.php\/wp-json\/wp\/v2\/pages\/2109","targetHints":{"allow":["GET"]}}],"collection":[{"href":"https:\/\/faktor-bildung.de\/index.php\/wp-json\/wp\/v2\/pages"}],"about":[{"href":"https:\/\/faktor-bildung.de\/index.php\/wp-json\/wp\/v2\/types\/page"}],"author":[{"embeddable":true,"href":"https:\/\/faktor-bildung.de\/index.php\/wp-json\/wp\/v2\/users\/1"}],"replies":[{"embeddable":true,"href":"https:\/\/faktor-bildung.de\/index.php\/wp-json\/wp\/v2\/comments?post=2109"}],"version-history":[{"count":2,"href":"https:\/\/faktor-bildung.de\/index.php\/wp-json\/wp\/v2\/pages\/2109\/revisions"}],"predecessor-version":[{"id":2115,"href":"https:\/\/faktor-bildung.de\/index.php\/wp-json\/wp\/v2\/pages\/2109\/revisions\/2115"}],"wp:attachment":[{"href":"https:\/\/faktor-bildung.de\/index.php\/wp-json\/wp\/v2\/media?parent=2109"}],"curies":[{"name":"wp","href":"https:\/\/api.w.org\/{rel}","templated":true}]}}