{"id":158,"date":"2021-10-05T17:49:41","date_gmt":"2021-10-05T17:49:41","guid":{"rendered":"https:\/\/faktor-bildung.de\/?page_id=158"},"modified":"2021-12-07T16:22:44","modified_gmt":"2021-12-07T16:22:44","slug":"impressum","status":"publish","type":"page","link":"https:\/\/faktor-bildung.de\/index.php\/impressum\/","title":{"rendered":"Impressum"},"content":{"rendered":"<h3>Keine Internetseite ohne Impressum!<\/h3>\n<p>&#8230; nat\u00fcrlich auch <a href=\"http:\/\/www.faktor-bildung.de\">meine<\/a> nicht.<\/p>\n<p><img data-recalc-dims=\"1\" loading=\"lazy\" decoding=\"async\" class=\"alignnone  wp-image-458\" src=\"https:\/\/i0.wp.com\/faktor-bildung.de\/wp-content\/uploads\/2021\/12\/impressum.jpg?resize=218%2C145&#038;ssl=1\" alt=\"Impressum\" width=\"218\" height=\"145\" srcset=\"https:\/\/i0.wp.com\/faktor-bildung.de\/wp-content\/uploads\/2021\/12\/impressum.jpg?resize=300%2C200&amp;ssl=1 300w, https:\/\/i0.wp.com\/faktor-bildung.de\/wp-content\/uploads\/2021\/12\/impressum.jpg?resize=1024%2C683&amp;ssl=1 1024w, https:\/\/i0.wp.com\/faktor-bildung.de\/wp-content\/uploads\/2021\/12\/impressum.jpg?resize=768%2C512&amp;ssl=1 768w, https:\/\/i0.wp.com\/faktor-bildung.de\/wp-content\/uploads\/2021\/12\/impressum.jpg?resize=1536%2C1024&amp;ssl=1 1536w, https:\/\/i0.wp.com\/faktor-bildung.de\/wp-content\/uploads\/2021\/12\/impressum.jpg?resize=920%2C613&amp;ssl=1 920w, https:\/\/i0.wp.com\/faktor-bildung.de\/wp-content\/uploads\/2021\/12\/impressum.jpg?resize=230%2C153&amp;ssl=1 230w, https:\/\/i0.wp.com\/faktor-bildung.de\/wp-content\/uploads\/2021\/12\/impressum.jpg?resize=350%2C233&amp;ssl=1 350w, https:\/\/i0.wp.com\/faktor-bildung.de\/wp-content\/uploads\/2021\/12\/impressum.jpg?resize=480%2C320&amp;ssl=1 480w, https:\/\/i0.wp.com\/faktor-bildung.de\/wp-content\/uploads\/2021\/12\/impressum.jpg?w=1800&amp;ssl=1 1800w\" sizes=\"auto, (max-width: 218px) 100vw, 218px\" \/><\/p>\n<h3>Angaben gem\u00e4\u00df <a href=\"https:\/\/www.gesetze-im-internet.de\/tmg\/__5.html\" target=\"_blank\" rel=\"noopener\">\u00a7 5 TMG<\/a><\/h3>\n<p><img data-recalc-dims=\"1\" loading=\"lazy\" decoding=\"async\" class=\"alignnone  wp-image-16\" src=\"https:\/\/i0.wp.com\/faktor-bildung.de\/wp-content\/uploads\/2021\/04\/fb_logo_wordpress.png?resize=143%2C143&#038;ssl=1\" alt=\"\" width=\"143\" height=\"143\" srcset=\"https:\/\/i0.wp.com\/faktor-bildung.de\/wp-content\/uploads\/2021\/04\/fb_logo_wordpress.png?w=250&amp;ssl=1 250w, https:\/\/i0.wp.com\/faktor-bildung.de\/wp-content\/uploads\/2021\/04\/fb_logo_wordpress.png?resize=150%2C150&amp;ssl=1 150w, https:\/\/i0.wp.com\/faktor-bildung.de\/wp-content\/uploads\/2021\/04\/fb_logo_wordpress.png?resize=100%2C100&amp;ssl=1 100w\" sizes=\"auto, (max-width: 143px) 100vw, 143px\" \/><br \/>\n<a href=\"https:\/\/faktor-bildung.de\/index.php\/ueber-mich\/\">Tina Vaahsen<\/a><\/p>\n<p>Am Weiherboden 21a<br \/>\n61276 Weilrod<\/p>\n<h3>Kontakt<\/h3>\n<p>Telefon: 0172-2440944<br \/>\nE-Mail: tina(a)faktor-bildung.de<\/p>\n<p>Gerne kannst Du auch das <a href=\"https:\/\/faktor-bildung.de\/index.php\/kontakt\/\">Kontaktformular<\/a> nutzen, um Dich mit mir in Verbindung zu setzen.<\/p>\n<h3>EU-Streitschlichtung<\/h3>\n<p>Die Europ\u00e4ische Kommission stellt eine Plattform zur Online-Streitbeilegung (OS) bereit: <a href=\"https:\/\/ec.europa.eu\/consumers\/odr\/\" target=\"_blank\" rel=\"noopener noreferrer\">https:\/\/ec.europa.eu\/consumers\/odr\/<\/a>.<br \/>\nUnsere E-Mail-Adresse finden Sie oben im Impressum.<\/p>\n<h3>Verbraucher\u00adstreit\u00adbeilegung\/Universal\u00adschlichtungs\u00adstelle<\/h3>\n<p>Wir sind nicht bereit oder verpflichtet, an Streitbeilegungsverfahren vor einer Verbraucherschlichtungsstelle teilzunehmen.<\/p>\n<p>Quelle: <a href=\"https:\/\/www.e-recht24.de\" target=\"_blank\" rel=\"noopener\">https:\/\/www.e-recht24.de <\/a><\/p>\n<p>Um hier alle erforderlichen Angaben vorzuhalten, habe ich ein Impressum mit e-recht24.de erstellt. Aus meiner pers\u00f6nlichen Erfahrung heraus kann ich diesen Anbieter f\u00fcr die Erstellung eines Impressums empfehlen. An dieser Stelle vielen Dank an<\/p>\n<p><a href=\"https:\/\/www.e-recht24.de\/\" target=\"_blank\" rel=\"noopener\"><img data-recalc-dims=\"1\" loading=\"lazy\" decoding=\"async\" class=\"alignnone size-full wp-image-455\" src=\"https:\/\/i0.wp.com\/faktor-bildung.de\/wp-content\/uploads\/2021\/12\/erecht24.jpeg?resize=225%2C225&#038;ssl=1\" alt=\"Impressum eRecht\" width=\"225\" height=\"225\" srcset=\"https:\/\/i0.wp.com\/faktor-bildung.de\/wp-content\/uploads\/2021\/12\/erecht24.jpeg?w=225&amp;ssl=1 225w, https:\/\/i0.wp.com\/faktor-bildung.de\/wp-content\/uploads\/2021\/12\/erecht24.jpeg?resize=150%2C150&amp;ssl=1 150w\" sizes=\"auto, (max-width: 225px) 100vw, 225px\" \/><\/a><\/p>\n","protected":false},"excerpt":{"rendered":"<p>Keine Internetseite ohne Impressum! &#8230; nat\u00fcrlich auch meine nicht. Angaben gem\u00e4\u00df \u00a7 5 TMG Tina Vaahsen Am Weiherboden 21a 61276 Weilrod Kontakt [&hellip;]<\/p>\n","protected":false},"author":1,"featured_media":0,"parent":0,"menu_order":0,"comment_status":"closed","ping_status":"closed","template":"","meta":{"footnotes":""},"class_list":["post-158","page","type-page","status-publish","hentry"],"jetpack-related-posts":[],"jetpack_sharing_enabled":true,"_links":{"self":[{"href":"https:\/\/faktor-bildung.de\/index.php\/wp-json\/wp\/v2\/pages\/158","targetHints":{"allow":["GET"]}}],"collection":[{"href":"https:\/\/faktor-bildung.de\/index.php\/wp-json\/wp\/v2\/pages"}],"about":[{"href":"https:\/\/faktor-bildung.de\/index.php\/wp-json\/wp\/v2\/types\/page"}],"author":[{"embeddable":true,"href":"https:\/\/faktor-bildung.de\/index.php\/wp-json\/wp\/v2\/users\/1"}],"replies":[{"embeddable":true,"href":"https:\/\/faktor-bildung.de\/index.php\/wp-json\/wp\/v2\/comments?post=158"}],"version-history":[{"count":13,"href":"https:\/\/faktor-bildung.de\/index.php\/wp-json\/wp\/v2\/pages\/158\/revisions"}],"predecessor-version":[{"id":468,"href":"https:\/\/faktor-bildung.de\/index.php\/wp-json\/wp\/v2\/pages\/158\/revisions\/468"}],"wp:attachment":[{"href":"https:\/\/faktor-bildung.de\/index.php\/wp-json\/wp\/v2\/media?parent=158"}],"curies":[{"name":"wp","href":"https:\/\/api.w.org\/{rel}","templated":true}]}}