{"id":1274,"date":"2022-06-24T17:56:44","date_gmt":"2022-06-24T17:56:44","guid":{"rendered":"https:\/\/faktor-bildung.de\/?page_id=1274"},"modified":"2022-10-15T14:21:09","modified_gmt":"2022-10-15T14:21:09","slug":"befragung","status":"publish","type":"page","link":"https:\/\/faktor-bildung.de\/index.php\/befragung\/","title":{"rendered":"Befragung junger Erzieher und Erzieherinnen"},"content":{"rendered":"<h3><strong>Eure Meinung ist z\u00e4hlt in meiner Befragung!<img data-recalc-dims=\"1\" loading=\"lazy\" decoding=\"async\" class=\"alignright wp-image-1299\" src=\"https:\/\/i0.wp.com\/faktor-bildung.de\/wp-content\/uploads\/2022\/06\/Liebe_pFk.jpg?resize=361%2C255&#038;ssl=1\" alt=\"Liebe junge Fachkr\u00e4fte - Befragung\" width=\"361\" height=\"255\" srcset=\"https:\/\/i0.wp.com\/faktor-bildung.de\/wp-content\/uploads\/2022\/06\/Liebe_pFk-scaled.jpg?resize=300%2C212&amp;ssl=1 300w, https:\/\/i0.wp.com\/faktor-bildung.de\/wp-content\/uploads\/2022\/06\/Liebe_pFk-scaled.jpg?resize=1024%2C724&amp;ssl=1 1024w, https:\/\/i0.wp.com\/faktor-bildung.de\/wp-content\/uploads\/2022\/06\/Liebe_pFk-scaled.jpg?resize=768%2C543&amp;ssl=1 768w, https:\/\/i0.wp.com\/faktor-bildung.de\/wp-content\/uploads\/2022\/06\/Liebe_pFk-scaled.jpg?resize=1536%2C1086&amp;ssl=1 1536w, https:\/\/i0.wp.com\/faktor-bildung.de\/wp-content\/uploads\/2022\/06\/Liebe_pFk-scaled.jpg?resize=2048%2C1448&amp;ssl=1 2048w, https:\/\/i0.wp.com\/faktor-bildung.de\/wp-content\/uploads\/2022\/06\/Liebe_pFk-scaled.jpg?resize=920%2C650&amp;ssl=1 920w, https:\/\/i0.wp.com\/faktor-bildung.de\/wp-content\/uploads\/2022\/06\/Liebe_pFk-scaled.jpg?resize=230%2C163&amp;ssl=1 230w, https:\/\/i0.wp.com\/faktor-bildung.de\/wp-content\/uploads\/2022\/06\/Liebe_pFk-scaled.jpg?resize=350%2C247&amp;ssl=1 350w, https:\/\/i0.wp.com\/faktor-bildung.de\/wp-content\/uploads\/2022\/06\/Liebe_pFk-scaled.jpg?resize=480%2C339&amp;ssl=1 480w, https:\/\/i0.wp.com\/faktor-bildung.de\/wp-content\/uploads\/2022\/06\/Liebe_pFk-scaled.jpg?w=2340&amp;ssl=1 2340w\" sizes=\"auto, (max-width: 361px) 100vw, 361px\" \/><\/strong><\/h3>\n<p>Ich hei\u00dfe <a href=\"https:\/\/faktor-bildung.de\/index.php\/ueber-mich\/\">Tina Vaahsen<\/a>, in meinem Hauptberuf bin ich <a href=\"https:\/\/www.lahn-kinderkrippen.de\/ueber-uns\/die-koepfe-dahinter\/\" target=\"_blank\" rel=\"noopener\">Kita-Koordinatorin bei einem freien Tr\u00e4ger<\/a> von Kinderkrippen und -tagesst\u00e4tten. Au\u00dferdem studiere ich berufsbegleitend in Wiesbaden <a href=\"https:\/\/www.hs-rm.de\/de\/fachbereiche\/sozialwesen\/studiengaenge\/soziale-arbeit-mit-dem-schwerpunkt-bildung-ma\" target=\"_blank\" rel=\"noopener\">Soziale Arbeit mit dem Schwerpunkt Bildung<\/a>.<\/p>\n<p>Ich habe mich in meinem <a href=\"https:\/\/faktor-bildung.de\/index.php\/forschung\/\">Handlungsforschungsprojekt (HFP)<\/a> auf den Weg gemacht, durch eine online-Befragung herauszufinden, wie gut Ihr Euch auf vorurteilsbewusstes Arbeiten durch Eure Ausbildung vorbereitet seht und f\u00fchlt. Dabei sind Eure Antworten in der Befragung die Basis daf\u00fcr, dass wir unsere Gesellschaft in der Zukunft mitpr\u00e4gen k\u00f6nnen.<\/p>\n<h4>WARUM eine Befragung zur vorurteilsbewussten Bildung und Erziehung?<\/h4>\n<p>Damit das Miteinander, in dem wir leben, m\u00f6glichst nicht diskriminierend ist und damit Stigmatisierung und Ausgrenzung aus der Gesellschaft entgegen gewirkt werden kann.<\/p>\n<p>Ich hoffe sehr, dass m\u00f6glichst viele von Euch jungen p\u00e4dagogischen Fachkr\u00e4ften, die aus dem Anerkennungsjahr 2020\/21 bzw. 2021\/22 kommen, an meiner Befragung teilnehmen, denn je zahlreicher Ihr daran teilnehmt, um so aussagekr\u00e4ftiger ist das Bild, das durch diese Befragung gewonnen wird und ich mit Eurer Unterst\u00fctzung erforschen kann, ob und ggf. was noch gebraucht wird.<\/p>\n<h4>Befragung ist vorbei seit dem Tag der Deutschen Einheit<img data-recalc-dims=\"1\" loading=\"lazy\" decoding=\"async\" class=\"size-full wp-image-2122 alignright\" src=\"https:\/\/i0.wp.com\/faktor-bildung.de\/wp-content\/uploads\/2022\/10\/Capture-1.jpg?resize=298%2C143&#038;ssl=1\" alt=\"Befragung_zu_Ende\" width=\"298\" height=\"143\" srcset=\"https:\/\/i0.wp.com\/faktor-bildung.de\/wp-content\/uploads\/2022\/10\/Capture-1.jpg?w=298&amp;ssl=1 298w, https:\/\/i0.wp.com\/faktor-bildung.de\/wp-content\/uploads\/2022\/10\/Capture-1.jpg?resize=230%2C110&amp;ssl=1 230w\" sizes=\"auto, (max-width: 298px) 100vw, 298px\" \/><\/h4>\n<p>Mittlerweile ist die Befragung abgeschlossen und in der Auswertung.<\/p>\n<p>SoSci, das Tool, spricht von vielen, vielen g\u00fcltigen F\u00e4llen. Aber wenn ich genau hinschaue, sehe ich, dass ich 76 Teilnehmende hatten, die tats\u00e4chlich den kompletten Bogen ausgef\u00fcllt haben &#8211; und davon war ein Teil nicht in der Zielgruppe, sondern in der Referenzgruppe. Ich plane derzeit, die gesamten gewonnen Daten ggf. auch noch f\u00fcr meine Masterthesis heranzuziehen. Mal sehen&#8230;!<\/p>\n<p>Wenn das Ergebnis fertig ist, werde ich hier was dazu schreiben.<\/p>\n<h4>Start der Befragung: Ende Juli \/ Anfang August<\/h4>\n<p>Um ein gutes wissenschaftliches Projekt mit einer aussagekr\u00e4ftigen Befragung auf die Beine zu stellen, braucht es Vorbereitung und Zeit. Von daher findet Ihr hier sobald alles fertig ist und live geht den Link zur Befragung, an der Ihr selbstverst\u00e4ndlich anonym teilnehmen k\u00f6nnt. Ihr k\u00f6nnt entweder wieder hier vorbeikommen, dann findet Ihr hier den Link &#8211; oder Ihr lasst mir Eure Mailadresse da, damit ich Euch kontaktieren kann, wenn die Befragung online ist. Das Tool, in dem die Befragung erstell wird, hei\u00dft <a href=\"https:\/\/www.soscisurvey.de\/de\/index\" target=\"_blank\" rel=\"noopener\">SoSci<\/a>, es handelt sich um einen online-Fragebogen, den Ihr am Smartphone, am Tablet oder am Rechner ausf\u00fcllen k\u00f6nnt.<\/p>\n<h4>Jetzt schon anmelden zur Befragung:<\/h4>\n<p>Hier findet Ihr die M\u00f6glichkeit, Euch heute schon f\u00fcr die Teilnahme an der Befragung anzumelden, damit Ihr auf jeden Fall dabei seid und auch die Chance habt, als Dankesch\u00f6n f\u00fcr Eure Teilnahme einen der drei 15-Euro-Gutscheine bei <a href=\"https:\/\/www.amazon.de\/ref=nav_logo\" target=\"_blank\" rel=\"noopener\">amazon<\/a> zu gewinnen:<\/p>\n<p>[contact-form-7 id=&#8220;1306&#8243; title=&#8220;HFP&#8220;]<\/p>\n<p><img data-recalc-dims=\"1\" loading=\"lazy\" decoding=\"async\" class=\"alignright wp-image-1555 size-medium\" src=\"https:\/\/i0.wp.com\/faktor-bildung.de\/wp-content\/uploads\/2022\/07\/Diversity-1.jpg?resize=300%2C126&#038;ssl=1\" alt=\"Befragung zur Vorurteilsbewusster Bildung und Erziehung\" width=\"300\" height=\"126\" srcset=\"https:\/\/i0.wp.com\/faktor-bildung.de\/wp-content\/uploads\/2022\/07\/Diversity-1-scaled.jpg?resize=300%2C126&amp;ssl=1 300w, https:\/\/i0.wp.com\/faktor-bildung.de\/wp-content\/uploads\/2022\/07\/Diversity-1-scaled.jpg?resize=1024%2C429&amp;ssl=1 1024w, https:\/\/i0.wp.com\/faktor-bildung.de\/wp-content\/uploads\/2022\/07\/Diversity-1-scaled.jpg?resize=768%2C321&amp;ssl=1 768w, https:\/\/i0.wp.com\/faktor-bildung.de\/wp-content\/uploads\/2022\/07\/Diversity-1-scaled.jpg?resize=1536%2C643&amp;ssl=1 1536w, https:\/\/i0.wp.com\/faktor-bildung.de\/wp-content\/uploads\/2022\/07\/Diversity-1-scaled.jpg?resize=2048%2C857&amp;ssl=1 2048w, https:\/\/i0.wp.com\/faktor-bildung.de\/wp-content\/uploads\/2022\/07\/Diversity-1-scaled.jpg?resize=920%2C385&amp;ssl=1 920w, https:\/\/i0.wp.com\/faktor-bildung.de\/wp-content\/uploads\/2022\/07\/Diversity-1-scaled.jpg?resize=230%2C96&amp;ssl=1 230w, https:\/\/i0.wp.com\/faktor-bildung.de\/wp-content\/uploads\/2022\/07\/Diversity-1-scaled.jpg?resize=350%2C146&amp;ssl=1 350w, https:\/\/i0.wp.com\/faktor-bildung.de\/wp-content\/uploads\/2022\/07\/Diversity-1-scaled.jpg?resize=480%2C201&amp;ssl=1 480w, https:\/\/i0.wp.com\/faktor-bildung.de\/wp-content\/uploads\/2022\/07\/Diversity-1-scaled.jpg?w=2340&amp;ssl=1 2340w\" sizes=\"auto, (max-width: 300px) 100vw, 300px\" \/><\/p>\n<h4>Wof\u00fcr die Befragung bzw. die Forschung?<\/h4>\n<p>In meinem HFP m\u00f6chte ich herausfinden, ob Ihr gut auf vorurteilsbewusstes Arbeiten vorbereitet worden seid, um dann &#8211; wenn ich gen\u00fcgend Beteiligte f\u00fcr meine Befragung finden konnte &#8211; in meiner Masterthesis im n\u00e4chsten Fr\u00fchling herausarbeiten zu k\u00f6nnen, wo es m\u00f6glicherweise Verbesserungspotenzial gibt.<\/p>\n<p><img data-recalc-dims=\"1\" loading=\"lazy\" decoding=\"async\" class=\"alignleft wp-image-1557 size-medium\" src=\"https:\/\/i0.wp.com\/faktor-bildung.de\/wp-content\/uploads\/2022\/07\/Umfrage-1.jpg?resize=300%2C232&#038;ssl=1\" alt=\"Befragung\" width=\"300\" height=\"232\" srcset=\"https:\/\/i0.wp.com\/faktor-bildung.de\/wp-content\/uploads\/2022\/07\/Umfrage-1-scaled.jpg?resize=300%2C232&amp;ssl=1 300w, https:\/\/i0.wp.com\/faktor-bildung.de\/wp-content\/uploads\/2022\/07\/Umfrage-1-scaled.jpg?resize=1024%2C791&amp;ssl=1 1024w, https:\/\/i0.wp.com\/faktor-bildung.de\/wp-content\/uploads\/2022\/07\/Umfrage-1-scaled.jpg?resize=768%2C593&amp;ssl=1 768w, https:\/\/i0.wp.com\/faktor-bildung.de\/wp-content\/uploads\/2022\/07\/Umfrage-1-scaled.jpg?resize=1536%2C1187&amp;ssl=1 1536w, https:\/\/i0.wp.com\/faktor-bildung.de\/wp-content\/uploads\/2022\/07\/Umfrage-1-scaled.jpg?resize=2048%2C1583&amp;ssl=1 2048w, https:\/\/i0.wp.com\/faktor-bildung.de\/wp-content\/uploads\/2022\/07\/Umfrage-1-scaled.jpg?resize=920%2C711&amp;ssl=1 920w, https:\/\/i0.wp.com\/faktor-bildung.de\/wp-content\/uploads\/2022\/07\/Umfrage-1-scaled.jpg?resize=230%2C178&amp;ssl=1 230w, https:\/\/i0.wp.com\/faktor-bildung.de\/wp-content\/uploads\/2022\/07\/Umfrage-1-scaled.jpg?resize=350%2C270&amp;ssl=1 350w, https:\/\/i0.wp.com\/faktor-bildung.de\/wp-content\/uploads\/2022\/07\/Umfrage-1-scaled.jpg?resize=480%2C371&amp;ssl=1 480w, https:\/\/i0.wp.com\/faktor-bildung.de\/wp-content\/uploads\/2022\/07\/Umfrage-1-scaled.jpg?w=2340&amp;ssl=1 2340w\" sizes=\"auto, (max-width: 300px) 100vw, 300px\" \/><\/p>\n<h4>Was habt Ihr von der Teilnahme an der Befragung?<\/h4>\n<p>Es gibt mehrere Aspekte, die f\u00fcr Euch interessant sein k\u00f6nnen:<\/p>\n<ul>\n<li>Eure Einsch\u00e4tzung wird abgefragt und durch meine Befragung wahrgenommen. Je nachdem, wenn gen\u00fcgend von Euch mitmachen, kommt dabei ein wichtiges Ergebnis heraus, an dem sich Tr\u00e4ger (auch mit den Praxisanleitern), Schulen und Fortbildner orientieren k\u00f6nnen, was Ihr f\u00fcr Eure Arbeit als junge p\u00e4dagogische Fachkr\u00e4fte wirklich braucht. Ihr d\u00fcrft sehr gerne meine Befragung auch innerhalb Eures Netzwerkes teilen &#8211; mit befreundeten Fachkr\u00e4ften, \u00fcber den Tr\u00e4ger Eurer Praxisstelle und mit allen, die Eurem Verst\u00e4ndnis nach etwas damit zu tun haben.<\/li>\n<li>Wenn die Ergebnisse ausgewertet sind, teile ich denjenigen, die Interesse am Ergebnis der Befragung bzw. der Forschung haben, gern mit. Teilt mir Eure Mailadresse mit, damit ich Euch informieren kann. Daf\u00fcr k\u00f6nnt Ihr Euch am Ende der Befragung anmelden.<\/li>\n<li>Wenn es mittelfristig genau abgestimmte Fortbildungen zum Thema gibt, informiere ich Euch, wenn Ihr das m\u00f6chtet und ich Eure Mailadresse habe. Diese Anmeldung ist auch bei Abschluss des Fragebogens m\u00f6glich.<\/li>\n<li>Unter allen, die an meiner Befragung teilnehmen und dabei ihre Mailadresse hinterlassen, werden 3 <a href=\"https:\/\/www.amazon.de\/ref=nav_logo\" target=\"_blank\" rel=\"noopener\">amazon<\/a>-Gutscheine im Wert von je 15 Euro verlost.<\/li>\n<\/ul>\n<p><img data-recalc-dims=\"1\" loading=\"lazy\" decoding=\"async\" class=\"alignright wp-image-1565 size-medium\" src=\"https:\/\/i0.wp.com\/faktor-bildung.de\/wp-content\/uploads\/2022\/07\/amazon3x15.jpg?resize=300%2C175&#038;ssl=1\" alt=\"Gutscheine als Danke f\u00fcr Teilnahme an Befragung\" width=\"300\" height=\"175\" srcset=\"https:\/\/i0.wp.com\/faktor-bildung.de\/wp-content\/uploads\/2022\/07\/amazon3x15.jpg?resize=300%2C175&amp;ssl=1 300w, https:\/\/i0.wp.com\/faktor-bildung.de\/wp-content\/uploads\/2022\/07\/amazon3x15.jpg?resize=230%2C134&amp;ssl=1 230w, https:\/\/i0.wp.com\/faktor-bildung.de\/wp-content\/uploads\/2022\/07\/amazon3x15.jpg?resize=350%2C204&amp;ssl=1 350w, https:\/\/i0.wp.com\/faktor-bildung.de\/wp-content\/uploads\/2022\/07\/amazon3x15.jpg?resize=480%2C280&amp;ssl=1 480w, https:\/\/i0.wp.com\/faktor-bildung.de\/wp-content\/uploads\/2022\/07\/amazon3x15.jpg?w=600&amp;ssl=1 600w\" sizes=\"auto, (max-width: 300px) 100vw, 300px\" \/><\/p>\n<p>Mitzumachen bei der Befragung kann sich also auf viele Arten lohnen &#8211; und ich danke Euch f\u00fcr Euer Interesse und Eure Bereitschaft, mitzumachen.<\/p>\n<p>Beste Gr\u00fc\u00dfe, Tina.<\/p>\n","protected":false},"excerpt":{"rendered":"<p>Eure Meinung ist z\u00e4hlt in meiner Befragung! Ich hei\u00dfe Tina Vaahsen, in meinem Hauptberuf bin ich Kita-Koordinatorin bei einem freien Tr\u00e4ger von [&hellip;]<\/p>\n","protected":false},"author":1,"featured_media":0,"parent":0,"menu_order":0,"comment_status":"closed","ping_status":"closed","template":"","meta":{"footnotes":""},"class_list":["post-1274","page","type-page","status-publish","hentry"],"jetpack-related-posts":[],"jetpack_sharing_enabled":true,"_links":{"self":[{"href":"https:\/\/faktor-bildung.de\/index.php\/wp-json\/wp\/v2\/pages\/1274","targetHints":{"allow":["GET"]}}],"collection":[{"href":"https:\/\/faktor-bildung.de\/index.php\/wp-json\/wp\/v2\/pages"}],"about":[{"href":"https:\/\/faktor-bildung.de\/index.php\/wp-json\/wp\/v2\/types\/page"}],"author":[{"embeddable":true,"href":"https:\/\/faktor-bildung.de\/index.php\/wp-json\/wp\/v2\/users\/1"}],"replies":[{"embeddable":true,"href":"https:\/\/faktor-bildung.de\/index.php\/wp-json\/wp\/v2\/comments?post=1274"}],"version-history":[{"count":25,"href":"https:\/\/faktor-bildung.de\/index.php\/wp-json\/wp\/v2\/pages\/1274\/revisions"}],"predecessor-version":[{"id":2123,"href":"https:\/\/faktor-bildung.de\/index.php\/wp-json\/wp\/v2\/pages\/1274\/revisions\/2123"}],"wp:attachment":[{"href":"https:\/\/faktor-bildung.de\/index.php\/wp-json\/wp\/v2\/media?parent=1274"}],"curies":[{"name":"wp","href":"https:\/\/api.w.org\/{rel}","templated":true}]}}