{"id":11,"date":"2021-04-06T09:45:01","date_gmt":"2021-04-06T09:45:01","guid":{"rendered":"https:\/\/faktor-bildung.de\/?page_id=11"},"modified":"2025-10-27T10:00:56","modified_gmt":"2025-10-27T10:00:56","slug":"ueber-mich","status":"publish","type":"page","link":"https:\/\/faktor-bildung.de\/index.php\/ueber-mich\/","title":{"rendered":"\u00dcber mich"},"content":{"rendered":"\r\n<p>Etwas \u00fcber mich zu schrieben, ist im ersten Moment immer ein Angang. Also fange ich mit Fakten an: Ich bin Tina Vaahsen, geboren 1974 \u2013 und ein Mensch mit vielen Facetten, Erfahrungen und einem tiefen Interesse daran, wie Bildung gelingen kann. Mein beruflicher Weg ist bunt und bewegt, gepr\u00e4gt von Neugier, Weiterentwicklung und dem Wunsch, Spuren zu hinterlassen. Seitdem bin ich staatlich anerkannte Sozialarbeiterin \/ Sozialp\u00e4dagogin.\u00a0<img data-recalc-dims=\"1\" loading=\"lazy\" decoding=\"async\" class=\"alignright size-medium wp-image-5099\" src=\"https:\/\/i0.wp.com\/faktor-bildung.de\/wp-content\/uploads\/2025\/08\/IMG_1202.jpeg?resize=292%2C300&#038;ssl=1\" alt=\"\u00fcber mich - Foto 2025\" width=\"292\" height=\"300\" srcset=\"https:\/\/i0.wp.com\/faktor-bildung.de\/wp-content\/uploads\/2025\/08\/IMG_1202.jpeg?resize=292%2C300&amp;ssl=1 292w, https:\/\/i0.wp.com\/faktor-bildung.de\/wp-content\/uploads\/2025\/08\/IMG_1202.jpeg?resize=768%2C790&amp;ssl=1 768w, https:\/\/i0.wp.com\/faktor-bildung.de\/wp-content\/uploads\/2025\/08\/IMG_1202.jpeg?resize=230%2C236&amp;ssl=1 230w, https:\/\/i0.wp.com\/faktor-bildung.de\/wp-content\/uploads\/2025\/08\/IMG_1202.jpeg?resize=350%2C360&amp;ssl=1 350w, https:\/\/i0.wp.com\/faktor-bildung.de\/wp-content\/uploads\/2025\/08\/IMG_1202.jpeg?resize=480%2C494&amp;ssl=1 480w, https:\/\/i0.wp.com\/faktor-bildung.de\/wp-content\/uploads\/2025\/08\/IMG_1202.jpeg?w=851&amp;ssl=1 851w\" sizes=\"auto, (max-width: 292px) 100vw, 292px\" \/><\/p>\r\n<h3><strong>Von der Hotelfachfrau zur Sozialarbeiterin<\/strong><\/h3>\r\n<p>Zwei Berufsausbildungen \u2013 zur Hotelfachfrau und zur Fremdsprachenkorrespondentin \u2013 bildeten den Anfang. Doch mein Weg f\u00fchrte mich weiter: Als Amerikanerin in Deutschland wurde ich Mutter zweier Kinder (2006 und 2008) und entschied mich gemeinsam mit meinem Mann direkt f\u00fcr eine zweisprachige Erziehung.<\/p>\r\n<p>2013 \u00f6ffnete sich f\u00fcr mich eine neue Welt: Als Quereinsteigerin begann ich als bilinguale Fachkraft in einer KiTa \u2013 und war sofort angekommen. Die Arbeit mit den Kleinsten, das Lernen im Team und die p\u00e4dagogische Praxis begeisterten mich. Ich studierte berufsbegleitend Soziale Arbeit (<a href=\"https:\/\/www.basa-online.de\/\" target=\"_blank\" rel=\"noopener\">BASA-online<\/a>) an der<a href=\"https:\/\/www.hs-koblenz.de\/sozialwissenschaften\/studiengaenge-sozialwissenschaften\/ba\/soziale-arbeit-online\/startseite\" target=\"_blank\" rel=\"noopener\"> Hochschule Koblenz <\/a>und schloss 2021 mit dem Bachelor ab. Mein Thema f\u00fcr die Thesis war inwiefern der hessische Bildungsplan einen konkreten Orientierungsrahmen f\u00fcr die ko-konstruktive Unterst\u00fctzung des Spracherwerbs bei Kindern im Alter von bis zu drei Jahren darstellt. Seit dem bin ich staatlich anerkannte Sozialarbeiterin \/ Sozialp\u00e4dagogin.<\/p>\r\n<p>2023 folgte der Master in Sozialer Arbeit mit dem Schwerpunkt Bildung an der Hochschule RheinMain in Wiesbaden. Meine <a href=\"https:\/\/faktor-bildung.de\/index.php\/masterthesis\/\">Masterthesis<\/a> zum vorurteilsbewussten Arbeiten in der fr\u00fchen Bildung m\u00fcndete in einer Fortbildung, die heute vom Land Hessen als BEP-Fortbildung anerkannt ist.<\/p>\r\n<h3><strong>Bildung mit Haltung und Herz<\/strong><\/h3>\r\n<p>Ich bin \u00fcberzeugt: Bildung braucht Beziehung, Aufmerksamkeit und eine Kommunikation, die \u00fcber Worte hinausgeht. Als Mutter und Fachkraft habe ich erlebt, wie unterst\u00fctzende Geb\u00e4rden Kindern helfen, Sprache zu begreifen. 2021 absolvierte ich die Ausbildung zur babySignal-Kursleiterin \u2013 und habe viele Kurse mit Freude angeboten. Heute liegt mein Fokus auf Fortbildungen f\u00fcr Fachkr\u00e4fte und auf Seminaren, die Haltung, Wissen und Praxis miteinander verbinden.<\/p>\r\n<h3><strong>Mein Weg \u2013 vielf\u00e4ltig und wirksam<\/strong><\/h3>\r\n<p>Ich habe zahlreiche Zusatzqualifikationen erworben, darunter:<\/p>\r\n<ul>\r\n<li><strong>Marte Meo Practitioner<\/strong><\/li>\r\n<li><strong>Kinderschutzfachkraft<\/strong> (Insofern erfahrene Fachkraft gem. \u00a7\u00a7 8a, 8b SGB VIII, \u00a7 4 KKG)<\/li>\r\n<li><strong>Entfaltungsp\u00e4dagogin nach J\u00f6rdis Hanf<\/strong><\/li>\r\n<li><strong>BEP-Fachberatung<\/strong><\/li>\r\n<li>Fortlaufende Weiterbildung, aktuell BEP-Fachberatung mit Fokus auf Ver\u00e4nderungsprozesse und zum NLP Practitioner\u00a0<\/li>\r\n<\/ul>\r\n<p>Ich durfte viele inspirierende Referierende erleben und habe gelernt, was gute Bildungsarbeit ausmacht: Fachlichkeit, Authentizit\u00e4t und die F\u00e4higkeit, Inhalte lebendig und ber\u00fchrend zu vermitteln. Das wird mir immer wieder direkt oder dem Auftraggeber \u00fcber mich <a href=\"https:\/\/faktor-bildung.de\/index.php\/rueckmeldungen\/\">r\u00fcckgemeldet<\/a> \u2013 und ist f\u00fcr mich ein gro\u00dfes Geschenk.<\/p>\r\n<h3><strong>Aktuell \u2013 Aufbruch in eigener Mission<\/strong><\/h3>\r\n<p><img data-recalc-dims=\"1\" loading=\"lazy\" decoding=\"async\" class=\"wp-image-309 alignleft\" src=\"https:\/\/i0.wp.com\/faktor-bildung.de\/wp-content\/uploads\/2021\/11\/sandsupren.jpeg?resize=300%2C217&#038;ssl=1\" alt=\"Spuren hinterlassen - \u00dcber mich\" width=\"300\" height=\"217\" srcset=\"https:\/\/i0.wp.com\/faktor-bildung.de\/wp-content\/uploads\/2021\/11\/sandsupren.jpeg?w=1848&amp;ssl=1 1848w, https:\/\/i0.wp.com\/faktor-bildung.de\/wp-content\/uploads\/2021\/11\/sandsupren.jpeg?resize=300%2C217&amp;ssl=1 300w, https:\/\/i0.wp.com\/faktor-bildung.de\/wp-content\/uploads\/2021\/11\/sandsupren.jpeg?resize=1024%2C740&amp;ssl=1 1024w, https:\/\/i0.wp.com\/faktor-bildung.de\/wp-content\/uploads\/2021\/11\/sandsupren.jpeg?resize=768%2C555&amp;ssl=1 768w, https:\/\/i0.wp.com\/faktor-bildung.de\/wp-content\/uploads\/2021\/11\/sandsupren.jpeg?resize=1536%2C1110&amp;ssl=1 1536w, https:\/\/i0.wp.com\/faktor-bildung.de\/wp-content\/uploads\/2021\/11\/sandsupren.jpeg?resize=920%2C665&amp;ssl=1 920w, https:\/\/i0.wp.com\/faktor-bildung.de\/wp-content\/uploads\/2021\/11\/sandsupren.jpeg?resize=550%2C400&amp;ssl=1 550w, https:\/\/i0.wp.com\/faktor-bildung.de\/wp-content\/uploads\/2021\/11\/sandsupren.jpeg?resize=230%2C166&amp;ssl=1 230w, https:\/\/i0.wp.com\/faktor-bildung.de\/wp-content\/uploads\/2021\/11\/sandsupren.jpeg?resize=350%2C253&amp;ssl=1 350w, https:\/\/i0.wp.com\/faktor-bildung.de\/wp-content\/uploads\/2021\/11\/sandsupren.jpeg?resize=480%2C347&amp;ssl=1 480w\" sizes=\"auto, (max-width: 300px) 100vw, 300px\" \/><\/p>\r\n<p>Nach intensiven und bereichernden Jahren im bei kommunalen und freien Tr\u00e4gern sowie im \u00f6ffentlichen Dienst des Landes Hessen \u2013 unter anderem in der Betreuung einer Wohngruppe mit acht jungen M\u00e4nnern sowie als Fachaufsicht f\u00fcr Kindertagesst\u00e4tten im Jugendamt \u2013 habe ich mich entschieden, einen neuen Weg einzuschlagen.<\/p>\r\n<p>Ich bin im Umbruch. Und ich sp\u00fcre: Jetzt ist die Zeit, meine Energie und Leidenschaft ganz in <strong>Faktor-Bildung! <\/strong>zu investieren.<\/p>\r\n<p>Die Erfahrungen, die ich in der Vergangenheit auf meinem Weg sammeln durfte, waren wertvoll und pr\u00e4gend. Sie haben mir gezeigt, wie wichtig es ist, mit Haltung, Klarheit und Empathie zu arbeiten \u2013 und wie viel Wirkung m\u00f6glich ist, wenn man Menschen wirklich erreicht.<\/p>\r\n<p>Nun gehe ich in eigener Mission los. Mit einem reichen Schatz an Wissen, Erfahrung und Inspiration \u2013 und mit dem festen Wunsch, Bildungsprozesse zu gestalten, die ber\u00fchren, bewegen und nachhaltig wirken.<\/p>\r\n<p>Was will Faktor-Bildung! denn eigentlich sein &#8211; wo sehe ich mich? Das findet sich kompakt zusammengefasst in meinem <a href=\"https:\/\/faktor-bildung.de\/index.php\/mission-statement\/\">Mission Statement<\/a>.<\/p>\r\n<p>Wer noch mehr \u00fcber mich erfahren mag, kann gern die Webseite durchst\u00f6bern oder einfach <a href=\"https:\/\/faktor-bildung.de\/index.php\/kontakt\/\">Kontakt<\/a> aufnehmen.<\/p>\r\n","protected":false},"excerpt":{"rendered":"<p>Etwas \u00fcber mich zu schrieben, ist im ersten Moment immer ein Angang. Also fange ich mit Fakten an: Ich bin Tina Vaahsen, [&hellip;]<\/p>\n","protected":false},"author":1,"featured_media":46,"parent":0,"menu_order":0,"comment_status":"closed","ping_status":"closed","template":"","meta":{"footnotes":""},"class_list":["post-11","page","type-page","status-publish","has-post-thumbnail","hentry"],"jetpack-related-posts":[],"jetpack_sharing_enabled":true,"_links":{"self":[{"href":"https:\/\/faktor-bildung.de\/index.php\/wp-json\/wp\/v2\/pages\/11","targetHints":{"allow":["GET"]}}],"collection":[{"href":"https:\/\/faktor-bildung.de\/index.php\/wp-json\/wp\/v2\/pages"}],"about":[{"href":"https:\/\/faktor-bildung.de\/index.php\/wp-json\/wp\/v2\/types\/page"}],"author":[{"embeddable":true,"href":"https:\/\/faktor-bildung.de\/index.php\/wp-json\/wp\/v2\/users\/1"}],"replies":[{"embeddable":true,"href":"https:\/\/faktor-bildung.de\/index.php\/wp-json\/wp\/v2\/comments?post=11"}],"version-history":[{"count":32,"href":"https:\/\/faktor-bildung.de\/index.php\/wp-json\/wp\/v2\/pages\/11\/revisions"}],"predecessor-version":[{"id":5548,"href":"https:\/\/faktor-bildung.de\/index.php\/wp-json\/wp\/v2\/pages\/11\/revisions\/5548"}],"wp:featuredmedia":[{"embeddable":true,"href":"https:\/\/faktor-bildung.de\/index.php\/wp-json\/wp\/v2\/media\/46"}],"wp:attachment":[{"href":"https:\/\/faktor-bildung.de\/index.php\/wp-json\/wp\/v2\/media?parent=11"}],"curies":[{"name":"wp","href":"https:\/\/api.w.org\/{rel}","templated":true}]}}