{"id":10,"date":"2021-04-06T09:45:01","date_gmt":"2021-04-06T09:45:01","guid":{"rendered":"https:\/\/faktor-bildung.de\/?page_id=10"},"modified":"2026-02-11T23:04:28","modified_gmt":"2026-02-11T23:04:28","slug":"startseite","status":"publish","type":"page","link":"https:\/\/faktor-bildung.de\/","title":{"rendered":"Faktor-Bildung!"},"content":{"rendered":"\r\n<h2 style=\"text-align: center;\" data-path-to-node=\"4,2,1,0,0\"><span style=\"color: #ff6600;\">Frisch ver\u00f6ffentlicht:<\/span><\/h2>\r\n<h2 style=\"text-align: center;\" data-path-to-node=\"4,2,1,0,0\">Meine Impulse zur Teamentwicklung im <a href=\"https:\/\/www.klett-kita.de\" target=\"_blank\" rel=\"noopener\">Klett-Verlag<\/a>! Entdeckt, wie wir Team-Ressourcen in der Praxis st\u00e4rken.<\/h2>\r\n<h3 style=\"text-align: center;\" data-path-to-node=\"4,2,1,0,0\">Zur Reihe: <a href=\"https:\/\/faktor-bildung.de\/index.php\/ein-tag-fuer\/\">Ein Tag f\u00fcr&#8230;.<\/a><\/h3>\r\n<p>&nbsp;<\/p>\r\n<h2><strong>Herzlich willkommen bei der Anlaufstelle f\u00fcr individualisierte Bildung<\/strong><\/h2>\r\n<h3><strong>Wof\u00fcr steht der Name \u201eFaktor-Bildung!\u201c?<\/strong><\/h3>\r\n<p>\u201eFaktor\u201c steht f\u00fcr mitwirkende Kr\u00e4fte \u2013 f\u00fcr das, was etwas in Bewegung bringt und vervielf\u00e4ltigt. \u201eBildung\u201c beschreibt die Entfaltung der Pers\u00f6nlichkeit, das Zusammenspiel von Haltung, K\u00f6nnen und Wissen. F\u00fcr mich entsteht Bildung dort, wo echtes Interesse auf die M\u00f6glichkeit zur Weltaneignung trifft.<\/p>\r\n<p><strong>Faktor-Bildung!<\/strong> ist mein Beitrag dazu: ein Rahmen, in dem Bildungsprozesse gelingen k\u00f6nnen \u2013 durch fundierte Methoden, durch Begleitung, durch Impulse, die wirken.<\/p>\r\n<hr \/>\r\n<h3><strong>BEP-anerkannte Fortbildungen<\/strong><\/h3>\r\n<p>Seit Januar 2024 biete ich eine eigene Fortbildung zum Thema <strong>\u201eVorurteilsbewusstes Arbeiten im Alltag von Bildung und Erziehung\u201c<\/strong> an.<br \/>Diese wurde vom <strong>Hessischen Ministerium f\u00fcr Soziales und Integration (HMSI)<\/strong> als geeignete <strong>BEP-Fortbildung<\/strong> im Sinne der Qualit\u00e4tspauschale f\u00fcr Kindertageseinrichtungen und Kindertagespflege anerkannt.<\/p>\r\n<p>Etwa ein Jahr sp\u00e4ter wurde auch die BEP-Fortbildung zum <strong>Bildungsschatz Alltag in der Kita<\/strong> anerkannt. Momentan ist eine BEP-Fortbildung zu <strong>Kinderschutz und Gewaltschutz<\/strong> im Pr\u00fcfungsprozess.<\/p>\r\n<p>Die Fortbildung basiert auf meiner Masterforschung und wurde bedarfsorientiert entwickelt.<br \/>\ud83d\udc49 Mehr Infos findest du im Men\u00fc unter <a href=\"https:\/\/faktor-bildung.de\/index.php\/fachkraft-seminare\/\"><strong>Fachkraft-Seminare<\/strong><\/a>.<\/p>\r\n<hr \/>\r\n<h3><strong>Bildung \u2013 individuell, lebendig, wirksam<\/strong><\/h3>\r\n<p>Bildung ist mehr als Lernen oder Erziehung. Sie ist ein individueller Prozess der Weltaneignung \u2013 gepr\u00e4gt von Pers\u00f6nlichkeit, Perspektive und Kontext. Bildung \u00fcberwindet Grenzen, verbindet Menschen und entfaltet sich dort, wo Raum f\u00fcr Entwicklung geschaffen wird.<\/p>\r\n<p>Wie mein ehemaliger Dozent Prof. Dr. G\u00fcnther J. Friesenhahn es formulierte:<br \/><strong>\u201eDer Bildungsbegriff ist paarungsbereit mit jedem anderen Begriff.\u201c<\/strong><br \/>Ich erg\u00e4nze: Das ist gut so. Denn Bildung darf \u2013 und muss \u2013 verschieden gedacht werden.<\/p>\r\n<hr \/>\r\n<h2><strong><img data-recalc-dims=\"1\" loading=\"lazy\" decoding=\"async\" class=\"alignleft size-medium wp-image-5102\" src=\"https:\/\/i0.wp.com\/faktor-bildung.de\/wp-content\/uploads\/2025\/08\/IMG_0137.jpeg?resize=225%2C300&#038;ssl=1\" alt=\"faktor Bildung\" width=\"225\" height=\"300\" srcset=\"https:\/\/i0.wp.com\/faktor-bildung.de\/wp-content\/uploads\/2025\/08\/IMG_0137-scaled.jpeg?resize=225%2C300&amp;ssl=1 225w, https:\/\/i0.wp.com\/faktor-bildung.de\/wp-content\/uploads\/2025\/08\/IMG_0137-scaled.jpeg?resize=768%2C1024&amp;ssl=1 768w, https:\/\/i0.wp.com\/faktor-bildung.de\/wp-content\/uploads\/2025\/08\/IMG_0137-scaled.jpeg?resize=1152%2C1536&amp;ssl=1 1152w, https:\/\/i0.wp.com\/faktor-bildung.de\/wp-content\/uploads\/2025\/08\/IMG_0137-scaled.jpeg?resize=1536%2C2048&amp;ssl=1 1536w, https:\/\/i0.wp.com\/faktor-bildung.de\/wp-content\/uploads\/2025\/08\/IMG_0137-scaled.jpeg?resize=1000%2C1333&amp;ssl=1 1000w, https:\/\/i0.wp.com\/faktor-bildung.de\/wp-content\/uploads\/2025\/08\/IMG_0137-scaled.jpeg?resize=230%2C307&amp;ssl=1 230w, https:\/\/i0.wp.com\/faktor-bildung.de\/wp-content\/uploads\/2025\/08\/IMG_0137-scaled.jpeg?resize=350%2C467&amp;ssl=1 350w, https:\/\/i0.wp.com\/faktor-bildung.de\/wp-content\/uploads\/2025\/08\/IMG_0137-scaled.jpeg?resize=480%2C640&amp;ssl=1 480w, https:\/\/i0.wp.com\/faktor-bildung.de\/wp-content\/uploads\/2025\/08\/IMG_0137-scaled.jpeg?w=1920&amp;ssl=1 1920w\" sizes=\"auto, (max-width: 225px) 100vw, 225px\" \/>Ich bin Faktor-Bildung! \u2013 als Mensch und Fachfrau<\/strong><\/h2>\r\n<p>Klein, aber fein \u2013 das k\u00f6nnte \u00fcber meiner virtuellen T\u00fcr stehen.<br \/>Ich bin Tina Vaahsen, Sozialp\u00e4dagogin, Master of Arts Soziale Arbeit mit Schwerpunkt Bildung, zertifizierte Kinderschutzfachkraft, Marte Meo Practitioner und Entfaltungsp\u00e4dagogin.<\/p>\r\n<p>Ich habe festgestellt: Ob Eltern oder Fachkr\u00e4fte \u2013 wer mit Kindern arbeitet, braucht Beziehung, Aufmerksamkeit und eine klare Haltung.<br \/>Mein Credo dabei ist:<br \/><strong>\u201eIch m\u00f6chte, dass es den Menschen, mit denen ich zu tun habe, gut geht.\u201c<\/strong><br \/>Das gilt f\u00fcr Kinder, Menschen, mit denen ich zusammen arbeite, Freunde und Familie \u2013 und f\u00fcr alle, die meinen Weg kreuzen.<\/p>\r\n<hr \/>\r\n<h2><strong>Fachkraft-Seminare \u2013 aus der Praxis f\u00fcr die Praxis<\/strong><\/h2>\r\n<h3><strong>F\u00fcr Kita-Teams und Teilhabeassistenzen (Schulbegleitungen)<\/strong><\/h3>\r\n<p>biete ich ma\u00dfgeschneiderte L\u00f6sungen an, die ich gern anhand des Bedarfes mit Tr\u00e4ger, Leitung und anderen Menschen, die sich in der Verantwortung sehen, Bildung voranzubringen, entwickle.<\/p>\r\n<p>Bereits bestehende Angebote von mir k\u00f6nnen dabei eine gute <a href=\"https:\/\/faktor-bildung.de\/index.php\/fachkraft-seminare\/\">Inspiration<\/a> sein.<\/p>\r\n<h3><strong>Effektiv in der Fallarbeit<\/strong><\/h3>\r\n<p>Strukturierte kollegiale Beratung, angelehnt an Kim Oliver Tietze und systemische Methoden.<br \/>Ich begleite Teams dabei, Fragestellungen gezielt zu bearbeiten \u2013 praxisnah, l\u00f6sungsorientiert und mit Blick auf das Wesentliche.<\/p>\r\n<h3><strong>Kreativ visualisieren \u2013 Inhalte sichtbar machen<\/strong><\/h3>\r\n<p>Ob Flipchart oder digital: In meinen Workshops lernst du, wie Inhalte ansprechend und einpr\u00e4gsam gestaltet werden k\u00f6nnen \u2013 mit Freude, Farbe und Struktur.<\/p>\r\n<p>&nbsp;<\/p>\r\n","protected":false},"excerpt":{"rendered":"<p>Frisch ver\u00f6ffentlicht: Meine Impulse zur Teamentwicklung im Klett-Verlag! Entdeckt, wie wir Team-Ressourcen in der Praxis st\u00e4rken. Zur Reihe: Ein Tag f\u00fcr&#8230;. &nbsp; [&hellip;]<\/p>\n","protected":false},"author":1,"featured_media":0,"parent":0,"menu_order":0,"comment_status":"closed","ping_status":"closed","template":"","meta":{"footnotes":""},"class_list":["post-10","page","type-page","status-publish","hentry"],"jetpack-related-posts":[],"jetpack_sharing_enabled":true,"_links":{"self":[{"href":"https:\/\/faktor-bildung.de\/index.php\/wp-json\/wp\/v2\/pages\/10","targetHints":{"allow":["GET"]}}],"collection":[{"href":"https:\/\/faktor-bildung.de\/index.php\/wp-json\/wp\/v2\/pages"}],"about":[{"href":"https:\/\/faktor-bildung.de\/index.php\/wp-json\/wp\/v2\/types\/page"}],"author":[{"embeddable":true,"href":"https:\/\/faktor-bildung.de\/index.php\/wp-json\/wp\/v2\/users\/1"}],"replies":[{"embeddable":true,"href":"https:\/\/faktor-bildung.de\/index.php\/wp-json\/wp\/v2\/comments?post=10"}],"version-history":[{"count":41,"href":"https:\/\/faktor-bildung.de\/index.php\/wp-json\/wp\/v2\/pages\/10\/revisions"}],"predecessor-version":[{"id":5950,"href":"https:\/\/faktor-bildung.de\/index.php\/wp-json\/wp\/v2\/pages\/10\/revisions\/5950"}],"wp:attachment":[{"href":"https:\/\/faktor-bildung.de\/index.php\/wp-json\/wp\/v2\/media?parent=10"}],"curies":[{"name":"wp","href":"https:\/\/api.w.org\/{rel}","templated":true}]}}